{"id":2228,"date":"2024-04-29T18:15:35","date_gmt":"2024-04-29T16:15:35","guid":{"rendered":"https:\/\/www.claudiomorelli.it\/prodotto\/la-vigna-delle-terrazze-colli-pesaresi-sangiovese\/"},"modified":"2024-04-29T18:15:35","modified_gmt":"2024-04-29T16:15:35","slug":"la-vigna-delle-terrazze-colli-pesaresi-sangiovese","status":"publish","type":"product","link":"https:\/\/www.claudiomorelli.it\/de\/prodotto\/la-vigna-delle-terrazze-colli-pesaresi-sangiovese\/","title":{"rendered":"La Vigna delle Terrazze Colli Pesaresi Sangiovese"},"content":{"rendered":"<p><strong>TRAUBENSORTE:<\/strong> Sangiovese<\/p>\n<p><strong>ERZEUGUNGSGEBIET:<\/strong> Ort Roncosambaccio-Fano<\/p>\n<p><strong>BODENTYP:<\/strong> Tuffstein, Sand<\/p>\n<p><strong>ANBAUSYSTEM: Doppelter Guyot<\/strong> (doppelt umgedreht)<\/p>\n<p><strong>EXPOSURE:<\/strong> S\u00fcd-Ost<\/p>\n<p><strong>ERTRAG PRO HEKTAR:<\/strong> 5-7 TONNEN<\/p>\n<p><strong>VINIFIKATION:<\/strong> Hautmazeration f\u00fcr 8\/10 Tage<\/p>\n<p><strong>WEINBEREITUNG:<\/strong> Stahltanks<\/p>\n<p><strong>ALKOHOLGEHALT:<\/strong> 14,5 % VOL.<\/p>\n<p><strong>GESAMTS\u00c4URE:<\/strong> 5,15 Gr\/L<\/p>\n<p>&nbsp;<\/p>\n<p><strong>Entsorgung der Flaschenbestandteile:<\/strong><\/p>\n<p>GL 71 Glas: Glassammlung<\/p>\n<p>FOR 51 Kork: unsortierte Sammlung<\/p>\n<p>C\/ALU 90 Polylaminatkapseln: Metallsammlung<\/p>\n<p>PAP 20 Kartonverpackung: Sammlung von Karton\/Papier<\/p>\n","protected":false},"excerpt":{"rendered":"<p>Die H\u00fcgel von Pesaro im Norden der Region Marken sind ein Gebiet reich an alter Geschichte, Tradition und Erinnerungen, die mit ber\u00fchmten Familien wie den Da Montefeltro, Malatesta, Sforza und Della Rovere verbunden sind.<\/p>\n<p>Auf den H\u00fcgeln dieser Gegend, die aus Sand, Tuffstein und Lehm bestehen, befinden sich Weinberge, die zwischen bewirtschafteten Feldern und bewaldeten Gebieten eingebettet sind, wo die Fr\u00fchlingsbl\u00fcte der Pflanzen dieses Gebiet positiv beeinflusst.<\/p>\n<p>Die Rebe nimmt die Essenz dieses \u2018Terroirs\u2019 auf und reichert die Trauben mit Substanzen an, die dem Wein seine starke Pers\u00f6nlichkeit verleihen.<\/p>\n<p>Von diesen H\u00fcgeln stammt der:<\/p>\n<p><strong>LA VIGNA DELLE TERRAZZE 2021<\/strong><\/p>\n<p><strong>Colli Pesaresi Sangiovese Doc<\/strong><\/p>\n<p>Terrassenf\u00f6rmig angelegter Weinberg in der N\u00e4he der Adria, auf einer H\u00f6he von 100 Metern, auf Tuffstein- und Sandb\u00f6den, wo die Bora-, Mistral- und Tramontana-Winde, die die Reben umschmeicheln, das Meersalz ablagern, w\u00e4hrend der warme, trockene Wind Libeccio (Garbino) die Trauben zur optimalen Reife bringt.<\/p>\n<p><strong>Sensorische Analyse:<\/strong><\/p>\n<p>Ein kristallklarer, rubinroter Wein. In der Nase finden sich kleine Beeren wie Himbeerkonfit\u00fcre, Kirschen, Sauerkirschen, blumige Ankl\u00e4nge von Veilchen, roten Rosen und Geranien, dann Myrte und Majoran. Noten von Humus und feuchtem Laub mischen sich mit Gew\u00fcrzen wie schwarzem Pfeffer und Nelken.<\/p>\n<p>Am Gaumen sorgen Frische, Weichheit und sanfte Tannine f\u00fcr eine ausgezeichnete Balance.<\/p>\n<p>W\u00fcrzig und vollmundig mit einem intensiven Abgang, der an angenehme Gew\u00fcrznoten erinnert.<\/p>\n","protected":false},"featured_media":1799,"comment_status":"open","ping_status":"closed","template":"","meta":{"_et_pb_use_builder":"","_et_pb_old_content":"","_et_gb_content_width":""},"product_cat":[314],"product_tag":[],"class_list":{"0":"post-2228","1":"product","2":"type-product","3":"status-publish","4":"has-post-thumbnail","6":"product_cat-rotwein","8":"first","9":"instock","10":"shipping-taxable","11":"purchasable","12":"product-type-simple"},"yoast_head":"<!-- This site is optimized with the Yoast SEO plugin v22.9 - https:\/\/yoast.com\/wordpress\/plugins\/seo\/ -->\n<title>La Vigna delle Terrazze Colli Pesaresi Sangiovese - Azienda Agraria Claudio Morelli<\/title>\n<meta name=\"robots\" content=\"index, follow, max-snippet:-1, max-image-preview:large, max-video-preview:-1\" \/>\n<link rel=\"canonical\" href=\"https:\/\/www.claudiomorelli.it\/prodotto\/la-vigna-delle-terrazze-colli-pesaresi-sangiovese\/\" \/>\n<meta property=\"og:locale\" content=\"de_DE\" \/>\n<meta property=\"og:type\" content=\"article\" \/>\n<meta property=\"og:title\" content=\"La Vigna delle Terrazze Colli Pesaresi Sangiovese - Azienda Agraria Claudio Morelli\" \/>\n<meta property=\"og:description\" content=\"Die H\u00fcgel von Pesaro im Norden der Region Marken sind ein Gebiet reich an alter Geschichte, Tradition und Erinnerungen, die mit ber\u00fchmten Familien wie den Da Montefeltro, Malatesta, Sforza und Della Rovere verbunden sind. Auf den H\u00fcgeln dieser Gegend, die aus Sand, Tuffstein und Lehm bestehen, befinden sich Weinberge, die zwischen bewirtschafteten Feldern und bewaldeten Gebieten eingebettet sind, wo die Fr\u00fchlingsbl\u00fcte der Pflanzen dieses Gebiet positiv beeinflusst. Die Rebe nimmt die Essenz dieses \u2018Terroirs\u2019 auf und reichert die Trauben mit Substanzen an, die dem Wein seine starke Pers\u00f6nlichkeit verleihen. Von diesen H\u00fcgeln stammt der: LA VIGNA DELLE TERRAZZE 2021 Colli Pesaresi Sangiovese Doc Terrassenf\u00f6rmig angelegter Weinberg in der N\u00e4he der Adria, auf einer H\u00f6he von 100 Metern, auf Tuffstein- und Sandb\u00f6den, wo die Bora-, Mistral- und Tramontana-Winde, die die Reben umschmeicheln, das Meersalz ablagern, w\u00e4hrend der warme, trockene Wind Libeccio (Garbino) die Trauben zur optimalen Reife bringt. Sensorische Analyse: Ein kristallklarer, rubinroter Wein. In der Nase finden sich kleine Beeren wie Himbeerkonfit\u00fcre, Kirschen, Sauerkirschen, blumige Ankl\u00e4nge von Veilchen, roten Rosen und Geranien, dann Myrte und Majoran. Noten von Humus und feuchtem Laub mischen sich mit Gew\u00fcrzen wie schwarzem Pfeffer und Nelken. Am Gaumen sorgen Frische, Weichheit und sanfte Tannine f\u00fcr eine ausgezeichnete Balance. W\u00fcrzig und vollmundig mit einem intensiven Abgang, der an angenehme Gew\u00fcrznoten erinnert.\" \/>\n<meta property=\"og:url\" content=\"https:\/\/www.claudiomorelli.it\/prodotto\/la-vigna-delle-terrazze-colli-pesaresi-sangiovese\/\" \/>\n<meta property=\"og:site_name\" content=\"Azienda Agraria Claudio Morelli\" \/>\n<meta property=\"article:publisher\" content=\"https:\/\/www.facebook.com\/MorelliVini\/\" \/>\n<meta name=\"twitter:card\" content=\"summary_large_image\" \/>\n<script type=\"application\/ld+json\" class=\"yoast-schema-graph\">{\"@context\":\"https:\/\/schema.org\",\"@graph\":[{\"@type\":\"WebPage\",\"@id\":\"https:\/\/www.claudiomorelli.it\/prodotto\/la-vigna-delle-terrazze-colli-pesaresi-sangiovese\/\",\"url\":\"https:\/\/www.claudiomorelli.it\/prodotto\/la-vigna-delle-terrazze-colli-pesaresi-sangiovese\/\",\"name\":\"La Vigna delle Terrazze Colli Pesaresi Sangiovese - Azienda Agraria Claudio Morelli\",\"isPartOf\":{\"@id\":\"https:\/\/www.claudiomorelli.it\/#website\"},\"primaryImageOfPage\":{\"@id\":\"https:\/\/www.claudiomorelli.it\/prodotto\/la-vigna-delle-terrazze-colli-pesaresi-sangiovese\/#primaryimage\"},\"image\":{\"@id\":\"https:\/\/www.claudiomorelli.it\/prodotto\/la-vigna-delle-terrazze-colli-pesaresi-sangiovese\/#primaryimage\"},\"thumbnailUrl\":\"https:\/\/www.claudiomorelli.it\/wp-content\/uploads\/2024\/04\/SAN_GIOVESE_TERRAZZE-scaled-2.jpg\",\"datePublished\":\"2024-04-29T16:15:35+00:00\",\"dateModified\":\"2024-04-29T16:15:35+00:00\",\"breadcrumb\":{\"@id\":\"https:\/\/www.claudiomorelli.it\/prodotto\/la-vigna-delle-terrazze-colli-pesaresi-sangiovese\/#breadcrumb\"},\"inLanguage\":\"de\",\"potentialAction\":[{\"@type\":\"ReadAction\",\"target\":[\"https:\/\/www.claudiomorelli.it\/prodotto\/la-vigna-delle-terrazze-colli-pesaresi-sangiovese\/\"]}]},{\"@type\":\"ImageObject\",\"inLanguage\":\"de\",\"@id\":\"https:\/\/www.claudiomorelli.it\/prodotto\/la-vigna-delle-terrazze-colli-pesaresi-sangiovese\/#primaryimage\",\"url\":\"https:\/\/www.claudiomorelli.it\/wp-content\/uploads\/2024\/04\/SAN_GIOVESE_TERRAZZE-scaled-2.jpg\",\"contentUrl\":\"https:\/\/www.claudiomorelli.it\/wp-content\/uploads\/2024\/04\/SAN_GIOVESE_TERRAZZE-scaled-2.jpg\",\"width\":2560,\"height\":2560},{\"@type\":\"BreadcrumbList\",\"@id\":\"https:\/\/www.claudiomorelli.it\/prodotto\/la-vigna-delle-terrazze-colli-pesaresi-sangiovese\/#breadcrumb\",\"itemListElement\":[{\"@type\":\"ListItem\",\"position\":1,\"name\":\"Home\",\"item\":\"https:\/\/www.claudiomorelli.it\/de\/\"},{\"@type\":\"ListItem\",\"position\":2,\"name\":\"Shop\",\"item\":\"https:\/\/www.claudiomorelli.it\/de\/shop\/\"},{\"@type\":\"ListItem\",\"position\":3,\"name\":\"La Vigna delle Terrazze Colli Pesaresi Sangiovese\"}]},{\"@type\":\"WebSite\",\"@id\":\"https:\/\/www.claudiomorelli.it\/#website\",\"url\":\"https:\/\/www.claudiomorelli.it\/\",\"name\":\"Azienda Agraria Claudio Morelli\",\"description\":\"Vini tipici Marchigiani\",\"publisher\":{\"@id\":\"https:\/\/www.claudiomorelli.it\/#organization\"},\"potentialAction\":[{\"@type\":\"SearchAction\",\"target\":{\"@type\":\"EntryPoint\",\"urlTemplate\":\"https:\/\/www.claudiomorelli.it\/?s={search_term_string}\"},\"query-input\":\"required name=search_term_string\"}],\"inLanguage\":\"de\"},{\"@type\":\"Organization\",\"@id\":\"https:\/\/www.claudiomorelli.it\/#organization\",\"name\":\"Azienda Agraria Claudio Morelli\",\"url\":\"https:\/\/www.claudiomorelli.it\/\",\"logo\":{\"@type\":\"ImageObject\",\"inLanguage\":\"de\",\"@id\":\"https:\/\/www.claudiomorelli.it\/#\/schema\/logo\/image\/\",\"url\":\"https:\/\/www.claudiomorelli.it\/wp-content\/uploads\/2024\/05\/LOGO-AZIENDALE-DEFINITIVO.png\",\"contentUrl\":\"https:\/\/www.claudiomorelli.it\/wp-content\/uploads\/2024\/05\/LOGO-AZIENDALE-DEFINITIVO.png\",\"width\":2018,\"height\":791,\"caption\":\"Azienda Agraria Claudio Morelli\"},\"image\":{\"@id\":\"https:\/\/www.claudiomorelli.it\/#\/schema\/logo\/image\/\"},\"sameAs\":[\"https:\/\/www.facebook.com\/MorelliVini\/\"]}]}<\/script>\n<!-- \/ Yoast SEO plugin. -->","yoast_head_json":{"title":"La Vigna delle Terrazze Colli Pesaresi Sangiovese - Azienda Agraria Claudio Morelli","robots":{"index":"index","follow":"follow","max-snippet":"max-snippet:-1","max-image-preview":"max-image-preview:large","max-video-preview":"max-video-preview:-1"},"canonical":"https:\/\/www.claudiomorelli.it\/prodotto\/la-vigna-delle-terrazze-colli-pesaresi-sangiovese\/","og_locale":"de_DE","og_type":"article","og_title":"La Vigna delle Terrazze Colli Pesaresi Sangiovese - Azienda Agraria Claudio Morelli","og_description":"Die H\u00fcgel von Pesaro im Norden der Region Marken sind ein Gebiet reich an alter Geschichte, Tradition und Erinnerungen, die mit ber\u00fchmten Familien wie den Da Montefeltro, Malatesta, Sforza und Della Rovere verbunden sind. Auf den H\u00fcgeln dieser Gegend, die aus Sand, Tuffstein und Lehm bestehen, befinden sich Weinberge, die zwischen bewirtschafteten Feldern und bewaldeten Gebieten eingebettet sind, wo die Fr\u00fchlingsbl\u00fcte der Pflanzen dieses Gebiet positiv beeinflusst. Die Rebe nimmt die Essenz dieses \u2018Terroirs\u2019 auf und reichert die Trauben mit Substanzen an, die dem Wein seine starke Pers\u00f6nlichkeit verleihen. Von diesen H\u00fcgeln stammt der: LA VIGNA DELLE TERRAZZE 2021 Colli Pesaresi Sangiovese Doc Terrassenf\u00f6rmig angelegter Weinberg in der N\u00e4he der Adria, auf einer H\u00f6he von 100 Metern, auf Tuffstein- und Sandb\u00f6den, wo die Bora-, Mistral- und Tramontana-Winde, die die Reben umschmeicheln, das Meersalz ablagern, w\u00e4hrend der warme, trockene Wind Libeccio (Garbino) die Trauben zur optimalen Reife bringt. Sensorische Analyse: Ein kristallklarer, rubinroter Wein. In der Nase finden sich kleine Beeren wie Himbeerkonfit\u00fcre, Kirschen, Sauerkirschen, blumige Ankl\u00e4nge von Veilchen, roten Rosen und Geranien, dann Myrte und Majoran. Noten von Humus und feuchtem Laub mischen sich mit Gew\u00fcrzen wie schwarzem Pfeffer und Nelken. Am Gaumen sorgen Frische, Weichheit und sanfte Tannine f\u00fcr eine ausgezeichnete Balance. W\u00fcrzig und vollmundig mit einem intensiven Abgang, der an angenehme Gew\u00fcrznoten erinnert.","og_url":"https:\/\/www.claudiomorelli.it\/prodotto\/la-vigna-delle-terrazze-colli-pesaresi-sangiovese\/","og_site_name":"Azienda Agraria Claudio Morelli","article_publisher":"https:\/\/www.facebook.com\/MorelliVini\/","twitter_card":"summary_large_image","schema":{"@context":"https:\/\/schema.org","@graph":[{"@type":"WebPage","@id":"https:\/\/www.claudiomorelli.it\/prodotto\/la-vigna-delle-terrazze-colli-pesaresi-sangiovese\/","url":"https:\/\/www.claudiomorelli.it\/prodotto\/la-vigna-delle-terrazze-colli-pesaresi-sangiovese\/","name":"La Vigna delle Terrazze Colli Pesaresi Sangiovese - Azienda Agraria Claudio Morelli","isPartOf":{"@id":"https:\/\/www.claudiomorelli.it\/#website"},"primaryImageOfPage":{"@id":"https:\/\/www.claudiomorelli.it\/prodotto\/la-vigna-delle-terrazze-colli-pesaresi-sangiovese\/#primaryimage"},"image":{"@id":"https:\/\/www.claudiomorelli.it\/prodotto\/la-vigna-delle-terrazze-colli-pesaresi-sangiovese\/#primaryimage"},"thumbnailUrl":"https:\/\/www.claudiomorelli.it\/wp-content\/uploads\/2024\/04\/SAN_GIOVESE_TERRAZZE-scaled-2.jpg","datePublished":"2024-04-29T16:15:35+00:00","dateModified":"2024-04-29T16:15:35+00:00","breadcrumb":{"@id":"https:\/\/www.claudiomorelli.it\/prodotto\/la-vigna-delle-terrazze-colli-pesaresi-sangiovese\/#breadcrumb"},"inLanguage":"de","potentialAction":[{"@type":"ReadAction","target":["https:\/\/www.claudiomorelli.it\/prodotto\/la-vigna-delle-terrazze-colli-pesaresi-sangiovese\/"]}]},{"@type":"ImageObject","inLanguage":"de","@id":"https:\/\/www.claudiomorelli.it\/prodotto\/la-vigna-delle-terrazze-colli-pesaresi-sangiovese\/#primaryimage","url":"https:\/\/www.claudiomorelli.it\/wp-content\/uploads\/2024\/04\/SAN_GIOVESE_TERRAZZE-scaled-2.jpg","contentUrl":"https:\/\/www.claudiomorelli.it\/wp-content\/uploads\/2024\/04\/SAN_GIOVESE_TERRAZZE-scaled-2.jpg","width":2560,"height":2560},{"@type":"BreadcrumbList","@id":"https:\/\/www.claudiomorelli.it\/prodotto\/la-vigna-delle-terrazze-colli-pesaresi-sangiovese\/#breadcrumb","itemListElement":[{"@type":"ListItem","position":1,"name":"Home","item":"https:\/\/www.claudiomorelli.it\/de\/"},{"@type":"ListItem","position":2,"name":"Shop","item":"https:\/\/www.claudiomorelli.it\/de\/shop\/"},{"@type":"ListItem","position":3,"name":"La Vigna delle Terrazze Colli Pesaresi Sangiovese"}]},{"@type":"WebSite","@id":"https:\/\/www.claudiomorelli.it\/#website","url":"https:\/\/www.claudiomorelli.it\/","name":"Azienda Agraria Claudio Morelli","description":"Vini tipici Marchigiani","publisher":{"@id":"https:\/\/www.claudiomorelli.it\/#organization"},"potentialAction":[{"@type":"SearchAction","target":{"@type":"EntryPoint","urlTemplate":"https:\/\/www.claudiomorelli.it\/?s={search_term_string}"},"query-input":"required name=search_term_string"}],"inLanguage":"de"},{"@type":"Organization","@id":"https:\/\/www.claudiomorelli.it\/#organization","name":"Azienda Agraria Claudio Morelli","url":"https:\/\/www.claudiomorelli.it\/","logo":{"@type":"ImageObject","inLanguage":"de","@id":"https:\/\/www.claudiomorelli.it\/#\/schema\/logo\/image\/","url":"https:\/\/www.claudiomorelli.it\/wp-content\/uploads\/2024\/05\/LOGO-AZIENDALE-DEFINITIVO.png","contentUrl":"https:\/\/www.claudiomorelli.it\/wp-content\/uploads\/2024\/05\/LOGO-AZIENDALE-DEFINITIVO.png","width":2018,"height":791,"caption":"Azienda Agraria Claudio Morelli"},"image":{"@id":"https:\/\/www.claudiomorelli.it\/#\/schema\/logo\/image\/"},"sameAs":["https:\/\/www.facebook.com\/MorelliVini\/"]}]}},"_links":{"self":[{"href":"https:\/\/www.claudiomorelli.it\/de\/wp-json\/wp\/v2\/product\/2228","targetHints":{"allow":["GET"]}}],"collection":[{"href":"https:\/\/www.claudiomorelli.it\/de\/wp-json\/wp\/v2\/product"}],"about":[{"href":"https:\/\/www.claudiomorelli.it\/de\/wp-json\/wp\/v2\/types\/product"}],"replies":[{"embeddable":true,"href":"https:\/\/www.claudiomorelli.it\/de\/wp-json\/wp\/v2\/comments?post=2228"}],"wp:featuredmedia":[{"embeddable":true,"href":"https:\/\/www.claudiomorelli.it\/de\/wp-json\/wp\/v2\/media\/1799"}],"wp:attachment":[{"href":"https:\/\/www.claudiomorelli.it\/de\/wp-json\/wp\/v2\/media?parent=2228"}],"wp:term":[{"taxonomy":"product_cat","embeddable":true,"href":"https:\/\/www.claudiomorelli.it\/de\/wp-json\/wp\/v2\/product_cat?post=2228"},{"taxonomy":"product_tag","embeddable":true,"href":"https:\/\/www.claudiomorelli.it\/de\/wp-json\/wp\/v2\/product_tag?post=2228"}],"curies":[{"name":"wp","href":"https:\/\/api.w.org\/{rel}","templated":true}]}}