{"id":2226,"date":"2024-05-02T18:15:35","date_gmt":"2024-05-02T16:15:35","guid":{"rendered":"https:\/\/www.claudiomorelli.it\/prodotto\/san-cesareo-bianchello-del-metauro\/"},"modified":"2024-05-02T18:15:35","modified_gmt":"2024-05-02T16:15:35","slug":"san-cesareo-bianchello-del-metauro","status":"publish","type":"product","link":"https:\/\/www.claudiomorelli.it\/de\/prodotto\/san-cesareo-bianchello-del-metauro\/","title":{"rendered":"San Cesareo Bianchello del Metauro"},"content":{"rendered":"<p><a href=\"\/?p=272\">https:\/\/www.claudiomorelli.it\/vino\/san-cesareo-bianchello-del-metauro\/<\/a><\/p>\n<p><strong>TRAUBENSORTE:<\/strong> Biancame (Bianchello )<\/p>\n<p><strong>ERZEUGUNGSGEBIET:<\/strong> Weinberge in den H\u00fcgeln von Fano \/ Cartoceto<\/p>\n<p><strong>BODENTYP:<\/strong> Tuffstein, Sand<\/p>\n<p><strong>ANBAUSYSTEM:<\/strong> Einfacher Guyot<\/p>\n<p><strong>EXPOSURE:<\/strong> S\u00fcd-West<\/p>\n<p><strong>ERTRAG PRO HEKTAR:<\/strong> 8-10 TONNEN<\/p>\n<p><strong>WEINBEREITUNG: <\/strong> Kryomazeration der Schalen und G\u00e4rung bei niedriger Temperatur f\u00fcr 15-20 Tage<\/p>\n<p><strong>WEINAUSBAU IM KELLER: <\/strong> Stahltanks<\/p>\n<p><strong>ALKOHOLISCHER GRAD:<\/strong> 13% VOL<strong>. <\/strong><\/p>\n<p><strong>GESAMTS\u00c4URE:<\/strong> 6.00 Gr\/L<\/p>\n<p>&nbsp;<\/p>\n<p><strong>Entsorgung der Flaschenbestandteile:<\/strong><\/p>\n<p>GL 71 Glas: Glassammlung<\/p>\n<p>LDPE 4 Kunststoffverschluss: Kunststoffsammlung<\/p>\n<p>C\/ALU 90 Polylaminatkapseln: Metallsammlung<\/p>\n<p>PAP 20 Kartonverpackung: Sammlung von Karton\/Papier<\/p>\n<p>&nbsp;<\/p>\n","protected":false},"excerpt":{"rendered":"<p>Diese uralte Rebsorte, Bianchello, auch Biancame genannt, wird ausschlie\u00dflich auf den H\u00fcgeln des Metauro-Flusses angebaut.<\/p>\n<p>Sie ist ein mythologischer Wein, denn Tacitus, ein Philosoph und Schriftsteller des kaiserlichen Roms, zitiert sie als verantwortlich f\u00fcr die Niederlage Hasdrubals durch die r\u00f6mischen Legionen in der Schlacht von 207 v. Chr., die in der N\u00e4he dieses Flusses stattfand. Der Bianchello war f\u00fcr meine Winzerfamilie und ist f\u00fcr mich, einen Winzer in dritter Generation, immer noch die symbolische Rebe, der ein ganzes Leben gewidmet ist.<\/p>\n<p>Die geleistete Arbeit hat dazu gef\u00fchrt, Gebiete zu identifizieren, auf denen Weinberge mit unterschiedlichen Eigenschaften gepflanzt werden, die in der Lage sind, Trauben und Weine mit einer starken Pers\u00f6nlichkeit hervorzubringen, und mit fortschrittlichen \u00f6nologischen Techniken bei der Weinbereitung mit der Herstellung von Wein in Reduktion und Kryomazeration zu experimentieren.<\/p>\n<p>Aus Leidenschaft, Forschung und Technologie wurde dieser Wein geboren:<\/p>\n<p><strong>SAN CESAREO 2022<\/strong><\/p>\n<p><strong>Bianchello del Metauro Doc<\/strong><\/p>\n<p>Dieser Wein wird aus den Trauben verschiedener Weinberge gewonnen, die sich auf H\u00fcgeln befinden, die von der Adria bis zu den Apenninen reichen und deren H\u00f6he zwischen 80 und 250 Metern \u00fcber dem Meeresspiegel liegt. Die Winde Scirocco, Libeccio (S\u00fcdwestwind), Maestrale (Mistral) und Tramontana (Nordwestwind) sowie die starke und abwechslungsreiche Sonneneinstrahlung bringen die Trauben zur optimalen Reife.<\/p>\n<p><strong>Sensorische Analyse:<\/strong><\/p>\n<p>Ein klassischer Ausdruck des Bianchello-Weins, der sich in einer lebhaften, kristallklaren strohgelben Farbe pr\u00e4sentiert. In der Nase finden sich blumige Noten von Holunderbl\u00fcten, Akazien und gelben Rosen sowie fruchtige Noten von Pfirsich, Apfel und wei\u00dfen Pflaumen.<\/p>\n<p>Angenehme F\u00fclle am Gaumen mit ausgepr\u00e4gter Frische, anhaltend im leicht pflanzlichen und aromatischen Abgang.<\/p>\n<p>&nbsp;<\/p>\n","protected":false},"featured_media":1815,"comment_status":"open","ping_status":"closed","template":"","meta":{"_et_pb_use_builder":"","_et_pb_old_content":"","_et_gb_content_width":""},"product_cat":[313],"product_tag":[],"class_list":{"0":"post-2226","1":"product","2":"type-product","3":"status-publish","4":"has-post-thumbnail","6":"product_cat-weiswein","8":"first","9":"instock","10":"shipping-taxable","11":"purchasable","12":"product-type-simple"},"yoast_head":"<!-- This site is optimized with the Yoast SEO plugin v22.9 - https:\/\/yoast.com\/wordpress\/plugins\/seo\/ -->\n<title>San Cesareo Bianchello del Metauro - Azienda Agraria Claudio Morelli<\/title>\n<meta name=\"robots\" content=\"index, follow, max-snippet:-1, max-image-preview:large, max-video-preview:-1\" \/>\n<link rel=\"canonical\" href=\"https:\/\/www.claudiomorelli.it\/prodotto\/san-cesareo-bianchello-del-metauro\/\" \/>\n<meta property=\"og:locale\" content=\"de_DE\" \/>\n<meta property=\"og:type\" content=\"article\" \/>\n<meta property=\"og:title\" content=\"San Cesareo Bianchello del Metauro - Azienda Agraria Claudio Morelli\" \/>\n<meta property=\"og:description\" content=\"Diese uralte Rebsorte, Bianchello, auch Biancame genannt, wird ausschlie\u00dflich auf den H\u00fcgeln des Metauro-Flusses angebaut. Sie ist ein mythologischer Wein, denn Tacitus, ein Philosoph und Schriftsteller des kaiserlichen Roms, zitiert sie als verantwortlich f\u00fcr die Niederlage Hasdrubals durch die r\u00f6mischen Legionen in der Schlacht von 207 v. Chr., die in der N\u00e4he dieses Flusses stattfand. Der Bianchello war f\u00fcr meine Winzerfamilie und ist f\u00fcr mich, einen Winzer in dritter Generation, immer noch die symbolische Rebe, der ein ganzes Leben gewidmet ist. Die geleistete Arbeit hat dazu gef\u00fchrt, Gebiete zu identifizieren, auf denen Weinberge mit unterschiedlichen Eigenschaften gepflanzt werden, die in der Lage sind, Trauben und Weine mit einer starken Pers\u00f6nlichkeit hervorzubringen, und mit fortschrittlichen \u00f6nologischen Techniken bei der Weinbereitung mit der Herstellung von Wein in Reduktion und Kryomazeration zu experimentieren. Aus Leidenschaft, Forschung und Technologie wurde dieser Wein geboren: SAN CESAREO 2022 Bianchello del Metauro Doc Dieser Wein wird aus den Trauben verschiedener Weinberge gewonnen, die sich auf H\u00fcgeln befinden, die von der Adria bis zu den Apenninen reichen und deren H\u00f6he zwischen 80 und 250 Metern \u00fcber dem Meeresspiegel liegt. Die Winde Scirocco, Libeccio (S\u00fcdwestwind), Maestrale (Mistral) und Tramontana (Nordwestwind) sowie die starke und abwechslungsreiche Sonneneinstrahlung bringen die Trauben zur optimalen Reife. Sensorische Analyse: Ein klassischer Ausdruck des Bianchello-Weins, der sich in einer lebhaften, kristallklaren strohgelben Farbe pr\u00e4sentiert. In der Nase finden sich blumige Noten von Holunderbl\u00fcten, Akazien und gelben Rosen sowie fruchtige Noten von Pfirsich, Apfel und wei\u00dfen Pflaumen. Angenehme F\u00fclle am Gaumen mit ausgepr\u00e4gter Frische, anhaltend im leicht pflanzlichen und aromatischen Abgang. &nbsp;\" \/>\n<meta property=\"og:url\" content=\"https:\/\/www.claudiomorelli.it\/prodotto\/san-cesareo-bianchello-del-metauro\/\" \/>\n<meta property=\"og:site_name\" content=\"Azienda Agraria Claudio Morelli\" \/>\n<meta property=\"article:publisher\" content=\"https:\/\/www.facebook.com\/MorelliVini\/\" \/>\n<meta name=\"twitter:card\" content=\"summary_large_image\" \/>\n<script type=\"application\/ld+json\" class=\"yoast-schema-graph\">{\"@context\":\"https:\/\/schema.org\",\"@graph\":[{\"@type\":\"WebPage\",\"@id\":\"https:\/\/www.claudiomorelli.it\/prodotto\/san-cesareo-bianchello-del-metauro\/\",\"url\":\"https:\/\/www.claudiomorelli.it\/prodotto\/san-cesareo-bianchello-del-metauro\/\",\"name\":\"San Cesareo Bianchello del Metauro - Azienda Agraria Claudio Morelli\",\"isPartOf\":{\"@id\":\"https:\/\/www.claudiomorelli.it\/#website\"},\"primaryImageOfPage\":{\"@id\":\"https:\/\/www.claudiomorelli.it\/prodotto\/san-cesareo-bianchello-del-metauro\/#primaryimage\"},\"image\":{\"@id\":\"https:\/\/www.claudiomorelli.it\/prodotto\/san-cesareo-bianchello-del-metauro\/#primaryimage\"},\"thumbnailUrl\":\"https:\/\/www.claudiomorelli.it\/wp-content\/uploads\/2024\/04\/SAN_CESAREO-scaled-1-1.jpg\",\"datePublished\":\"2024-05-02T16:15:35+00:00\",\"dateModified\":\"2024-05-02T16:15:35+00:00\",\"breadcrumb\":{\"@id\":\"https:\/\/www.claudiomorelli.it\/prodotto\/san-cesareo-bianchello-del-metauro\/#breadcrumb\"},\"inLanguage\":\"de\",\"potentialAction\":[{\"@type\":\"ReadAction\",\"target\":[\"https:\/\/www.claudiomorelli.it\/prodotto\/san-cesareo-bianchello-del-metauro\/\"]}]},{\"@type\":\"ImageObject\",\"inLanguage\":\"de\",\"@id\":\"https:\/\/www.claudiomorelli.it\/prodotto\/san-cesareo-bianchello-del-metauro\/#primaryimage\",\"url\":\"https:\/\/www.claudiomorelli.it\/wp-content\/uploads\/2024\/04\/SAN_CESAREO-scaled-1-1.jpg\",\"contentUrl\":\"https:\/\/www.claudiomorelli.it\/wp-content\/uploads\/2024\/04\/SAN_CESAREO-scaled-1-1.jpg\",\"width\":2560,\"height\":2560},{\"@type\":\"BreadcrumbList\",\"@id\":\"https:\/\/www.claudiomorelli.it\/prodotto\/san-cesareo-bianchello-del-metauro\/#breadcrumb\",\"itemListElement\":[{\"@type\":\"ListItem\",\"position\":1,\"name\":\"Home\",\"item\":\"https:\/\/www.claudiomorelli.it\/de\/\"},{\"@type\":\"ListItem\",\"position\":2,\"name\":\"Shop\",\"item\":\"https:\/\/www.claudiomorelli.it\/de\/shop\/\"},{\"@type\":\"ListItem\",\"position\":3,\"name\":\"San Cesareo Bianchello del Metauro\"}]},{\"@type\":\"WebSite\",\"@id\":\"https:\/\/www.claudiomorelli.it\/#website\",\"url\":\"https:\/\/www.claudiomorelli.it\/\",\"name\":\"Azienda Agraria Claudio Morelli\",\"description\":\"Vini tipici Marchigiani\",\"publisher\":{\"@id\":\"https:\/\/www.claudiomorelli.it\/#organization\"},\"potentialAction\":[{\"@type\":\"SearchAction\",\"target\":{\"@type\":\"EntryPoint\",\"urlTemplate\":\"https:\/\/www.claudiomorelli.it\/?s={search_term_string}\"},\"query-input\":\"required name=search_term_string\"}],\"inLanguage\":\"de\"},{\"@type\":\"Organization\",\"@id\":\"https:\/\/www.claudiomorelli.it\/#organization\",\"name\":\"Azienda Agraria Claudio Morelli\",\"url\":\"https:\/\/www.claudiomorelli.it\/\",\"logo\":{\"@type\":\"ImageObject\",\"inLanguage\":\"de\",\"@id\":\"https:\/\/www.claudiomorelli.it\/#\/schema\/logo\/image\/\",\"url\":\"https:\/\/www.claudiomorelli.it\/wp-content\/uploads\/2024\/05\/LOGO-AZIENDALE-DEFINITIVO.png\",\"contentUrl\":\"https:\/\/www.claudiomorelli.it\/wp-content\/uploads\/2024\/05\/LOGO-AZIENDALE-DEFINITIVO.png\",\"width\":2018,\"height\":791,\"caption\":\"Azienda Agraria Claudio Morelli\"},\"image\":{\"@id\":\"https:\/\/www.claudiomorelli.it\/#\/schema\/logo\/image\/\"},\"sameAs\":[\"https:\/\/www.facebook.com\/MorelliVini\/\"]}]}<\/script>\n<!-- \/ Yoast SEO plugin. -->","yoast_head_json":{"title":"San Cesareo Bianchello del Metauro - Azienda Agraria Claudio Morelli","robots":{"index":"index","follow":"follow","max-snippet":"max-snippet:-1","max-image-preview":"max-image-preview:large","max-video-preview":"max-video-preview:-1"},"canonical":"https:\/\/www.claudiomorelli.it\/prodotto\/san-cesareo-bianchello-del-metauro\/","og_locale":"de_DE","og_type":"article","og_title":"San Cesareo Bianchello del Metauro - Azienda Agraria Claudio Morelli","og_description":"Diese uralte Rebsorte, Bianchello, auch Biancame genannt, wird ausschlie\u00dflich auf den H\u00fcgeln des Metauro-Flusses angebaut. Sie ist ein mythologischer Wein, denn Tacitus, ein Philosoph und Schriftsteller des kaiserlichen Roms, zitiert sie als verantwortlich f\u00fcr die Niederlage Hasdrubals durch die r\u00f6mischen Legionen in der Schlacht von 207 v. Chr., die in der N\u00e4he dieses Flusses stattfand. Der Bianchello war f\u00fcr meine Winzerfamilie und ist f\u00fcr mich, einen Winzer in dritter Generation, immer noch die symbolische Rebe, der ein ganzes Leben gewidmet ist. Die geleistete Arbeit hat dazu gef\u00fchrt, Gebiete zu identifizieren, auf denen Weinberge mit unterschiedlichen Eigenschaften gepflanzt werden, die in der Lage sind, Trauben und Weine mit einer starken Pers\u00f6nlichkeit hervorzubringen, und mit fortschrittlichen \u00f6nologischen Techniken bei der Weinbereitung mit der Herstellung von Wein in Reduktion und Kryomazeration zu experimentieren. Aus Leidenschaft, Forschung und Technologie wurde dieser Wein geboren: SAN CESAREO 2022 Bianchello del Metauro Doc Dieser Wein wird aus den Trauben verschiedener Weinberge gewonnen, die sich auf H\u00fcgeln befinden, die von der Adria bis zu den Apenninen reichen und deren H\u00f6he zwischen 80 und 250 Metern \u00fcber dem Meeresspiegel liegt. Die Winde Scirocco, Libeccio (S\u00fcdwestwind), Maestrale (Mistral) und Tramontana (Nordwestwind) sowie die starke und abwechslungsreiche Sonneneinstrahlung bringen die Trauben zur optimalen Reife. Sensorische Analyse: Ein klassischer Ausdruck des Bianchello-Weins, der sich in einer lebhaften, kristallklaren strohgelben Farbe pr\u00e4sentiert. In der Nase finden sich blumige Noten von Holunderbl\u00fcten, Akazien und gelben Rosen sowie fruchtige Noten von Pfirsich, Apfel und wei\u00dfen Pflaumen. Angenehme F\u00fclle am Gaumen mit ausgepr\u00e4gter Frische, anhaltend im leicht pflanzlichen und aromatischen Abgang. &nbsp;","og_url":"https:\/\/www.claudiomorelli.it\/prodotto\/san-cesareo-bianchello-del-metauro\/","og_site_name":"Azienda Agraria Claudio Morelli","article_publisher":"https:\/\/www.facebook.com\/MorelliVini\/","twitter_card":"summary_large_image","schema":{"@context":"https:\/\/schema.org","@graph":[{"@type":"WebPage","@id":"https:\/\/www.claudiomorelli.it\/prodotto\/san-cesareo-bianchello-del-metauro\/","url":"https:\/\/www.claudiomorelli.it\/prodotto\/san-cesareo-bianchello-del-metauro\/","name":"San Cesareo Bianchello del Metauro - Azienda Agraria Claudio Morelli","isPartOf":{"@id":"https:\/\/www.claudiomorelli.it\/#website"},"primaryImageOfPage":{"@id":"https:\/\/www.claudiomorelli.it\/prodotto\/san-cesareo-bianchello-del-metauro\/#primaryimage"},"image":{"@id":"https:\/\/www.claudiomorelli.it\/prodotto\/san-cesareo-bianchello-del-metauro\/#primaryimage"},"thumbnailUrl":"https:\/\/www.claudiomorelli.it\/wp-content\/uploads\/2024\/04\/SAN_CESAREO-scaled-1-1.jpg","datePublished":"2024-05-02T16:15:35+00:00","dateModified":"2024-05-02T16:15:35+00:00","breadcrumb":{"@id":"https:\/\/www.claudiomorelli.it\/prodotto\/san-cesareo-bianchello-del-metauro\/#breadcrumb"},"inLanguage":"de","potentialAction":[{"@type":"ReadAction","target":["https:\/\/www.claudiomorelli.it\/prodotto\/san-cesareo-bianchello-del-metauro\/"]}]},{"@type":"ImageObject","inLanguage":"de","@id":"https:\/\/www.claudiomorelli.it\/prodotto\/san-cesareo-bianchello-del-metauro\/#primaryimage","url":"https:\/\/www.claudiomorelli.it\/wp-content\/uploads\/2024\/04\/SAN_CESAREO-scaled-1-1.jpg","contentUrl":"https:\/\/www.claudiomorelli.it\/wp-content\/uploads\/2024\/04\/SAN_CESAREO-scaled-1-1.jpg","width":2560,"height":2560},{"@type":"BreadcrumbList","@id":"https:\/\/www.claudiomorelli.it\/prodotto\/san-cesareo-bianchello-del-metauro\/#breadcrumb","itemListElement":[{"@type":"ListItem","position":1,"name":"Home","item":"https:\/\/www.claudiomorelli.it\/de\/"},{"@type":"ListItem","position":2,"name":"Shop","item":"https:\/\/www.claudiomorelli.it\/de\/shop\/"},{"@type":"ListItem","position":3,"name":"San Cesareo Bianchello del Metauro"}]},{"@type":"WebSite","@id":"https:\/\/www.claudiomorelli.it\/#website","url":"https:\/\/www.claudiomorelli.it\/","name":"Azienda Agraria Claudio Morelli","description":"Vini tipici Marchigiani","publisher":{"@id":"https:\/\/www.claudiomorelli.it\/#organization"},"potentialAction":[{"@type":"SearchAction","target":{"@type":"EntryPoint","urlTemplate":"https:\/\/www.claudiomorelli.it\/?s={search_term_string}"},"query-input":"required name=search_term_string"}],"inLanguage":"de"},{"@type":"Organization","@id":"https:\/\/www.claudiomorelli.it\/#organization","name":"Azienda Agraria Claudio Morelli","url":"https:\/\/www.claudiomorelli.it\/","logo":{"@type":"ImageObject","inLanguage":"de","@id":"https:\/\/www.claudiomorelli.it\/#\/schema\/logo\/image\/","url":"https:\/\/www.claudiomorelli.it\/wp-content\/uploads\/2024\/05\/LOGO-AZIENDALE-DEFINITIVO.png","contentUrl":"https:\/\/www.claudiomorelli.it\/wp-content\/uploads\/2024\/05\/LOGO-AZIENDALE-DEFINITIVO.png","width":2018,"height":791,"caption":"Azienda Agraria Claudio Morelli"},"image":{"@id":"https:\/\/www.claudiomorelli.it\/#\/schema\/logo\/image\/"},"sameAs":["https:\/\/www.facebook.com\/MorelliVini\/"]}]}},"_links":{"self":[{"href":"https:\/\/www.claudiomorelli.it\/de\/wp-json\/wp\/v2\/product\/2226","targetHints":{"allow":["GET"]}}],"collection":[{"href":"https:\/\/www.claudiomorelli.it\/de\/wp-json\/wp\/v2\/product"}],"about":[{"href":"https:\/\/www.claudiomorelli.it\/de\/wp-json\/wp\/v2\/types\/product"}],"replies":[{"embeddable":true,"href":"https:\/\/www.claudiomorelli.it\/de\/wp-json\/wp\/v2\/comments?post=2226"}],"wp:featuredmedia":[{"embeddable":true,"href":"https:\/\/www.claudiomorelli.it\/de\/wp-json\/wp\/v2\/media\/1815"}],"wp:attachment":[{"href":"https:\/\/www.claudiomorelli.it\/de\/wp-json\/wp\/v2\/media?parent=2226"}],"wp:term":[{"taxonomy":"product_cat","embeddable":true,"href":"https:\/\/www.claudiomorelli.it\/de\/wp-json\/wp\/v2\/product_cat?post=2226"},{"taxonomy":"product_tag","embeddable":true,"href":"https:\/\/www.claudiomorelli.it\/de\/wp-json\/wp\/v2\/product_tag?post=2226"}],"curies":[{"name":"wp","href":"https:\/\/api.w.org\/{rel}","templated":true}]}}