{"id":2224,"date":"2024-05-01T18:15:36","date_gmt":"2024-05-01T16:15:36","guid":{"rendered":"https:\/\/www.claudiomorelli.it\/prodotto\/la-vigna-delle-terrazze-bianchello-del-metauro\/"},"modified":"2024-05-01T18:15:36","modified_gmt":"2024-05-01T16:15:36","slug":"la-vigna-delle-terrazze-bianchello-del-metauro","status":"publish","type":"product","link":"https:\/\/www.claudiomorelli.it\/de\/prodotto\/la-vigna-delle-terrazze-bianchello-del-metauro\/","title":{"rendered":"La Vigna delle Terrazze Bianchello del Metauro"},"content":{"rendered":"<p><a href=\"\/?p=278\">https:\/\/www.claudiomorelli.it\/vino\/bianchello-del-metauro-vigna-delle-terrazze\/<\/a><\/p>\n<p><strong>TRAUBENSORTE:<\/strong> Biancame (Bianchello )<\/p>\n<p><strong>ERZEUGUNGSGEBIET:<\/strong> Ort Roncosambaccio-Fano<\/p>\n<p><strong>BODENTYP:<\/strong> Tuffstein, Sand<\/p>\n<p><strong>ANBAUSYSTEM:<\/strong> Einfacher Guyot<\/p>\n<p><strong>EXPOSURE:<\/strong> S\u00fcd-Ost<\/p>\n<p><strong>ERTRAG PRO HEKTAR:<\/strong> 6-8 TONNEN<\/p>\n<p><strong>WEINBEREITUNG:<\/strong> Kryomazeration der Schalen und<\/p>\n<p>G\u00e4rung bei niedriger Temperatur f\u00fcr 25-30 Tage<\/p>\n<p><strong>WEINAUSBAU IM KELLER: <\/strong> Stahltanks<\/p>\n<p><strong>ALKOHOLGEHALT:<\/strong> 13,5 % VOL.<\/p>\n<p><strong>GESAMTS\u00c4UREGEHALT:<\/strong> 6,00 GR\/L<\/p>\n<p>&nbsp;<\/p>\n<p>&nbsp;<\/p>\n<p><strong>Entsorgung der Flaschenbestandteile:<\/strong><\/p>\n<p>GL 71 Glas: Glassammlung<\/p>\n<p>LDPE 4 Kunststoffverschluss: Kunststoffsammlung<\/p>\n<p>C\/ALU 90 Polylaminatkapseln: Metallsammlung<\/p>\n<p>PAP 20 Kartonverpackung: Sammlung von Karton\/Papier<\/p>\n","protected":false},"excerpt":{"rendered":"<p>Diese uralte Rebsorte, Bianchello, auch Biancame genannt, wird ausschlie\u00dflich auf den H\u00fcgeln des Metauro-Flusses angebaut. Diese uralte Rebsorte, Bianchello, auch Biancame genannt, wird ausschlie\u00dflich auf den H\u00fcgeln des Metauro-Flusses angebaut. Sie ist ein mythologischer Wein, denn Tacitus, ein Philosoph und Schriftsteller des kaiserlichen Roms, zitiert sie als verantwortlich f\u00fcr die Niederlage Hasdrubals durch die r\u00f6mischen Legionen in der Schlacht von 207 v. Chr., die in der N\u00e4he dieses Flusses stattfand. Der Bianchello war f\u00fcr meine Winzerfamilie und ist f\u00fcr mich, einen Winzer in dritter Generation, immer noch die symbolische Rebe, der ein ganzes Leben gewidmet ist.<\/p>\n<p>Die geleistete Arbeit hat dazu gef\u00fchrt, Gebiete zu identifizieren, auf denen Weinberge mit unterschiedlichen Eigenschaften gepflanzt werden, die in der Lage sind, Trauben und Weine mit einer starken Pers\u00f6nlichkeit hervorzubringen, und mit fortschrittlichen \u00f6nologischen Techniken bei der Weinbereitung mit der Herstellung von Wein in Reduktion und Kryomazeration zu experimentieren.<\/p>\n<p>Aus Leidenschaft, Forschung und Technologie wurde dieser Wein geboren:<\/p>\n<p><strong>LA VIGNA DELLE TERRAZZE 2022<\/strong><\/p>\n<p><strong>Bianchello del Metauro Doc<\/strong><\/p>\n<p>Terrassenf\u00f6rmig angelegter Weinberg in der N\u00e4he der Adria, auf einer H\u00f6he von 100 Metern, auf Tuffstein- und Sandb\u00f6den, wo die Bora-, Mistral- und Tramontana-Winde, die die Reben umschmeicheln, das Meersalz ablagern, w\u00e4hrend der warme, trockene Wind Libeccio (Garbino) die Trauben zur optimalen Reife bringt.<\/p>\n<p><strong>Sensorische Analyse:<\/strong><\/p>\n<p>Leuchtend strohgelbe Farbe mit gr\u00fcnen Reflexen. In der Nase elegante blumige Noten von Wei\u00dfdorn, Linde und Lilie. Fruchtig, mit Ankl\u00e4ngen an Grapefruit und Zitrone, dann Ananas, wei\u00dfe Melone und Salbei, Estragon und Zitronengras. Er zeichnet sich durch eine ausgepr\u00e4gte Jodmineralit\u00e4t aus.<\/p>\n<p>Am Gaumen wird der S\u00e4urereichtum durch den wichtigen Beitrag des Glycerins ausgeglichen, daher frisch und w\u00fcrzig. Der Abgang ist langanhaltend und erinnert an fruchtige Zitrusfr\u00fcchte, die Mineralit\u00e4t und Finesse best\u00e4tigen.<\/p>\n","protected":false},"featured_media":1817,"comment_status":"open","ping_status":"closed","template":"","meta":{"_et_pb_use_builder":"","_et_pb_old_content":"","_et_gb_content_width":""},"product_cat":[313],"product_tag":[],"class_list":{"0":"post-2224","1":"product","2":"type-product","3":"status-publish","4":"has-post-thumbnail","6":"product_cat-weiswein","8":"first","9":"instock","10":"shipping-taxable","11":"purchasable","12":"product-type-simple"},"yoast_head":"<!-- This site is optimized with the Yoast SEO plugin v22.9 - https:\/\/yoast.com\/wordpress\/plugins\/seo\/ -->\n<title>La Vigna delle Terrazze Bianchello del Metauro - Azienda Agraria Claudio Morelli<\/title>\n<meta name=\"robots\" content=\"index, follow, max-snippet:-1, max-image-preview:large, max-video-preview:-1\" \/>\n<link rel=\"canonical\" href=\"https:\/\/www.claudiomorelli.it\/prodotto\/la-vigna-delle-terrazze-bianchello-del-metauro\/\" \/>\n<meta property=\"og:locale\" content=\"de_DE\" \/>\n<meta property=\"og:type\" content=\"article\" \/>\n<meta property=\"og:title\" content=\"La Vigna delle Terrazze Bianchello del Metauro - Azienda Agraria Claudio Morelli\" \/>\n<meta property=\"og:description\" content=\"Diese uralte Rebsorte, Bianchello, auch Biancame genannt, wird ausschlie\u00dflich auf den H\u00fcgeln des Metauro-Flusses angebaut. Diese uralte Rebsorte, Bianchello, auch Biancame genannt, wird ausschlie\u00dflich auf den H\u00fcgeln des Metauro-Flusses angebaut. Sie ist ein mythologischer Wein, denn Tacitus, ein Philosoph und Schriftsteller des kaiserlichen Roms, zitiert sie als verantwortlich f\u00fcr die Niederlage Hasdrubals durch die r\u00f6mischen Legionen in der Schlacht von 207 v. Chr., die in der N\u00e4he dieses Flusses stattfand. Der Bianchello war f\u00fcr meine Winzerfamilie und ist f\u00fcr mich, einen Winzer in dritter Generation, immer noch die symbolische Rebe, der ein ganzes Leben gewidmet ist. Die geleistete Arbeit hat dazu gef\u00fchrt, Gebiete zu identifizieren, auf denen Weinberge mit unterschiedlichen Eigenschaften gepflanzt werden, die in der Lage sind, Trauben und Weine mit einer starken Pers\u00f6nlichkeit hervorzubringen, und mit fortschrittlichen \u00f6nologischen Techniken bei der Weinbereitung mit der Herstellung von Wein in Reduktion und Kryomazeration zu experimentieren. Aus Leidenschaft, Forschung und Technologie wurde dieser Wein geboren: LA VIGNA DELLE TERRAZZE 2022 Bianchello del Metauro Doc Terrassenf\u00f6rmig angelegter Weinberg in der N\u00e4he der Adria, auf einer H\u00f6he von 100 Metern, auf Tuffstein- und Sandb\u00f6den, wo die Bora-, Mistral- und Tramontana-Winde, die die Reben umschmeicheln, das Meersalz ablagern, w\u00e4hrend der warme, trockene Wind Libeccio (Garbino) die Trauben zur optimalen Reife bringt. Sensorische Analyse: Leuchtend strohgelbe Farbe mit gr\u00fcnen Reflexen. In der Nase elegante blumige Noten von Wei\u00dfdorn, Linde und Lilie. Fruchtig, mit Ankl\u00e4ngen an Grapefruit und Zitrone, dann Ananas, wei\u00dfe Melone und Salbei, Estragon und Zitronengras. Er zeichnet sich durch eine ausgepr\u00e4gte Jodmineralit\u00e4t aus. Am Gaumen wird der S\u00e4urereichtum durch den wichtigen Beitrag des Glycerins ausgeglichen, daher frisch und w\u00fcrzig. Der Abgang ist langanhaltend und erinnert an fruchtige Zitrusfr\u00fcchte, die Mineralit\u00e4t und Finesse best\u00e4tigen.\" \/>\n<meta property=\"og:url\" content=\"https:\/\/www.claudiomorelli.it\/prodotto\/la-vigna-delle-terrazze-bianchello-del-metauro\/\" \/>\n<meta property=\"og:site_name\" content=\"Azienda Agraria Claudio Morelli\" \/>\n<meta property=\"article:publisher\" content=\"https:\/\/www.facebook.com\/MorelliVini\/\" \/>\n<meta name=\"twitter:card\" content=\"summary_large_image\" \/>\n<script type=\"application\/ld+json\" class=\"yoast-schema-graph\">{\"@context\":\"https:\/\/schema.org\",\"@graph\":[{\"@type\":\"WebPage\",\"@id\":\"https:\/\/www.claudiomorelli.it\/prodotto\/la-vigna-delle-terrazze-bianchello-del-metauro\/\",\"url\":\"https:\/\/www.claudiomorelli.it\/prodotto\/la-vigna-delle-terrazze-bianchello-del-metauro\/\",\"name\":\"La Vigna delle Terrazze Bianchello del Metauro - Azienda Agraria Claudio Morelli\",\"isPartOf\":{\"@id\":\"https:\/\/www.claudiomorelli.it\/#website\"},\"primaryImageOfPage\":{\"@id\":\"https:\/\/www.claudiomorelli.it\/prodotto\/la-vigna-delle-terrazze-bianchello-del-metauro\/#primaryimage\"},\"image\":{\"@id\":\"https:\/\/www.claudiomorelli.it\/prodotto\/la-vigna-delle-terrazze-bianchello-del-metauro\/#primaryimage\"},\"thumbnailUrl\":\"https:\/\/www.claudiomorelli.it\/wp-content\/uploads\/2024\/04\/TERRAZZE-scaled-1-1.jpg\",\"datePublished\":\"2024-05-01T16:15:36+00:00\",\"dateModified\":\"2024-05-01T16:15:36+00:00\",\"breadcrumb\":{\"@id\":\"https:\/\/www.claudiomorelli.it\/prodotto\/la-vigna-delle-terrazze-bianchello-del-metauro\/#breadcrumb\"},\"inLanguage\":\"de\",\"potentialAction\":[{\"@type\":\"ReadAction\",\"target\":[\"https:\/\/www.claudiomorelli.it\/prodotto\/la-vigna-delle-terrazze-bianchello-del-metauro\/\"]}]},{\"@type\":\"ImageObject\",\"inLanguage\":\"de\",\"@id\":\"https:\/\/www.claudiomorelli.it\/prodotto\/la-vigna-delle-terrazze-bianchello-del-metauro\/#primaryimage\",\"url\":\"https:\/\/www.claudiomorelli.it\/wp-content\/uploads\/2024\/04\/TERRAZZE-scaled-1-1.jpg\",\"contentUrl\":\"https:\/\/www.claudiomorelli.it\/wp-content\/uploads\/2024\/04\/TERRAZZE-scaled-1-1.jpg\",\"width\":2560,\"height\":2560},{\"@type\":\"BreadcrumbList\",\"@id\":\"https:\/\/www.claudiomorelli.it\/prodotto\/la-vigna-delle-terrazze-bianchello-del-metauro\/#breadcrumb\",\"itemListElement\":[{\"@type\":\"ListItem\",\"position\":1,\"name\":\"Home\",\"item\":\"https:\/\/www.claudiomorelli.it\/de\/\"},{\"@type\":\"ListItem\",\"position\":2,\"name\":\"Shop\",\"item\":\"https:\/\/www.claudiomorelli.it\/de\/shop\/\"},{\"@type\":\"ListItem\",\"position\":3,\"name\":\"La Vigna delle Terrazze Bianchello del Metauro\"}]},{\"@type\":\"WebSite\",\"@id\":\"https:\/\/www.claudiomorelli.it\/#website\",\"url\":\"https:\/\/www.claudiomorelli.it\/\",\"name\":\"Azienda Agraria Claudio Morelli\",\"description\":\"Vini tipici Marchigiani\",\"publisher\":{\"@id\":\"https:\/\/www.claudiomorelli.it\/#organization\"},\"potentialAction\":[{\"@type\":\"SearchAction\",\"target\":{\"@type\":\"EntryPoint\",\"urlTemplate\":\"https:\/\/www.claudiomorelli.it\/?s={search_term_string}\"},\"query-input\":\"required name=search_term_string\"}],\"inLanguage\":\"de\"},{\"@type\":\"Organization\",\"@id\":\"https:\/\/www.claudiomorelli.it\/#organization\",\"name\":\"Azienda Agraria Claudio Morelli\",\"url\":\"https:\/\/www.claudiomorelli.it\/\",\"logo\":{\"@type\":\"ImageObject\",\"inLanguage\":\"de\",\"@id\":\"https:\/\/www.claudiomorelli.it\/#\/schema\/logo\/image\/\",\"url\":\"https:\/\/www.claudiomorelli.it\/wp-content\/uploads\/2024\/05\/LOGO-AZIENDALE-DEFINITIVO.png\",\"contentUrl\":\"https:\/\/www.claudiomorelli.it\/wp-content\/uploads\/2024\/05\/LOGO-AZIENDALE-DEFINITIVO.png\",\"width\":2018,\"height\":791,\"caption\":\"Azienda Agraria Claudio Morelli\"},\"image\":{\"@id\":\"https:\/\/www.claudiomorelli.it\/#\/schema\/logo\/image\/\"},\"sameAs\":[\"https:\/\/www.facebook.com\/MorelliVini\/\"]}]}<\/script>\n<!-- \/ Yoast SEO plugin. -->","yoast_head_json":{"title":"La Vigna delle Terrazze Bianchello del Metauro - Azienda Agraria Claudio Morelli","robots":{"index":"index","follow":"follow","max-snippet":"max-snippet:-1","max-image-preview":"max-image-preview:large","max-video-preview":"max-video-preview:-1"},"canonical":"https:\/\/www.claudiomorelli.it\/prodotto\/la-vigna-delle-terrazze-bianchello-del-metauro\/","og_locale":"de_DE","og_type":"article","og_title":"La Vigna delle Terrazze Bianchello del Metauro - Azienda Agraria Claudio Morelli","og_description":"Diese uralte Rebsorte, Bianchello, auch Biancame genannt, wird ausschlie\u00dflich auf den H\u00fcgeln des Metauro-Flusses angebaut. Diese uralte Rebsorte, Bianchello, auch Biancame genannt, wird ausschlie\u00dflich auf den H\u00fcgeln des Metauro-Flusses angebaut. Sie ist ein mythologischer Wein, denn Tacitus, ein Philosoph und Schriftsteller des kaiserlichen Roms, zitiert sie als verantwortlich f\u00fcr die Niederlage Hasdrubals durch die r\u00f6mischen Legionen in der Schlacht von 207 v. Chr., die in der N\u00e4he dieses Flusses stattfand. Der Bianchello war f\u00fcr meine Winzerfamilie und ist f\u00fcr mich, einen Winzer in dritter Generation, immer noch die symbolische Rebe, der ein ganzes Leben gewidmet ist. Die geleistete Arbeit hat dazu gef\u00fchrt, Gebiete zu identifizieren, auf denen Weinberge mit unterschiedlichen Eigenschaften gepflanzt werden, die in der Lage sind, Trauben und Weine mit einer starken Pers\u00f6nlichkeit hervorzubringen, und mit fortschrittlichen \u00f6nologischen Techniken bei der Weinbereitung mit der Herstellung von Wein in Reduktion und Kryomazeration zu experimentieren. Aus Leidenschaft, Forschung und Technologie wurde dieser Wein geboren: LA VIGNA DELLE TERRAZZE 2022 Bianchello del Metauro Doc Terrassenf\u00f6rmig angelegter Weinberg in der N\u00e4he der Adria, auf einer H\u00f6he von 100 Metern, auf Tuffstein- und Sandb\u00f6den, wo die Bora-, Mistral- und Tramontana-Winde, die die Reben umschmeicheln, das Meersalz ablagern, w\u00e4hrend der warme, trockene Wind Libeccio (Garbino) die Trauben zur optimalen Reife bringt. Sensorische Analyse: Leuchtend strohgelbe Farbe mit gr\u00fcnen Reflexen. In der Nase elegante blumige Noten von Wei\u00dfdorn, Linde und Lilie. Fruchtig, mit Ankl\u00e4ngen an Grapefruit und Zitrone, dann Ananas, wei\u00dfe Melone und Salbei, Estragon und Zitronengras. Er zeichnet sich durch eine ausgepr\u00e4gte Jodmineralit\u00e4t aus. Am Gaumen wird der S\u00e4urereichtum durch den wichtigen Beitrag des Glycerins ausgeglichen, daher frisch und w\u00fcrzig. Der Abgang ist langanhaltend und erinnert an fruchtige Zitrusfr\u00fcchte, die Mineralit\u00e4t und Finesse best\u00e4tigen.","og_url":"https:\/\/www.claudiomorelli.it\/prodotto\/la-vigna-delle-terrazze-bianchello-del-metauro\/","og_site_name":"Azienda Agraria Claudio Morelli","article_publisher":"https:\/\/www.facebook.com\/MorelliVini\/","twitter_card":"summary_large_image","schema":{"@context":"https:\/\/schema.org","@graph":[{"@type":"WebPage","@id":"https:\/\/www.claudiomorelli.it\/prodotto\/la-vigna-delle-terrazze-bianchello-del-metauro\/","url":"https:\/\/www.claudiomorelli.it\/prodotto\/la-vigna-delle-terrazze-bianchello-del-metauro\/","name":"La Vigna delle Terrazze Bianchello del Metauro - Azienda Agraria Claudio Morelli","isPartOf":{"@id":"https:\/\/www.claudiomorelli.it\/#website"},"primaryImageOfPage":{"@id":"https:\/\/www.claudiomorelli.it\/prodotto\/la-vigna-delle-terrazze-bianchello-del-metauro\/#primaryimage"},"image":{"@id":"https:\/\/www.claudiomorelli.it\/prodotto\/la-vigna-delle-terrazze-bianchello-del-metauro\/#primaryimage"},"thumbnailUrl":"https:\/\/www.claudiomorelli.it\/wp-content\/uploads\/2024\/04\/TERRAZZE-scaled-1-1.jpg","datePublished":"2024-05-01T16:15:36+00:00","dateModified":"2024-05-01T16:15:36+00:00","breadcrumb":{"@id":"https:\/\/www.claudiomorelli.it\/prodotto\/la-vigna-delle-terrazze-bianchello-del-metauro\/#breadcrumb"},"inLanguage":"de","potentialAction":[{"@type":"ReadAction","target":["https:\/\/www.claudiomorelli.it\/prodotto\/la-vigna-delle-terrazze-bianchello-del-metauro\/"]}]},{"@type":"ImageObject","inLanguage":"de","@id":"https:\/\/www.claudiomorelli.it\/prodotto\/la-vigna-delle-terrazze-bianchello-del-metauro\/#primaryimage","url":"https:\/\/www.claudiomorelli.it\/wp-content\/uploads\/2024\/04\/TERRAZZE-scaled-1-1.jpg","contentUrl":"https:\/\/www.claudiomorelli.it\/wp-content\/uploads\/2024\/04\/TERRAZZE-scaled-1-1.jpg","width":2560,"height":2560},{"@type":"BreadcrumbList","@id":"https:\/\/www.claudiomorelli.it\/prodotto\/la-vigna-delle-terrazze-bianchello-del-metauro\/#breadcrumb","itemListElement":[{"@type":"ListItem","position":1,"name":"Home","item":"https:\/\/www.claudiomorelli.it\/de\/"},{"@type":"ListItem","position":2,"name":"Shop","item":"https:\/\/www.claudiomorelli.it\/de\/shop\/"},{"@type":"ListItem","position":3,"name":"La Vigna delle Terrazze Bianchello del Metauro"}]},{"@type":"WebSite","@id":"https:\/\/www.claudiomorelli.it\/#website","url":"https:\/\/www.claudiomorelli.it\/","name":"Azienda Agraria Claudio Morelli","description":"Vini tipici Marchigiani","publisher":{"@id":"https:\/\/www.claudiomorelli.it\/#organization"},"potentialAction":[{"@type":"SearchAction","target":{"@type":"EntryPoint","urlTemplate":"https:\/\/www.claudiomorelli.it\/?s={search_term_string}"},"query-input":"required name=search_term_string"}],"inLanguage":"de"},{"@type":"Organization","@id":"https:\/\/www.claudiomorelli.it\/#organization","name":"Azienda Agraria Claudio Morelli","url":"https:\/\/www.claudiomorelli.it\/","logo":{"@type":"ImageObject","inLanguage":"de","@id":"https:\/\/www.claudiomorelli.it\/#\/schema\/logo\/image\/","url":"https:\/\/www.claudiomorelli.it\/wp-content\/uploads\/2024\/05\/LOGO-AZIENDALE-DEFINITIVO.png","contentUrl":"https:\/\/www.claudiomorelli.it\/wp-content\/uploads\/2024\/05\/LOGO-AZIENDALE-DEFINITIVO.png","width":2018,"height":791,"caption":"Azienda Agraria Claudio Morelli"},"image":{"@id":"https:\/\/www.claudiomorelli.it\/#\/schema\/logo\/image\/"},"sameAs":["https:\/\/www.facebook.com\/MorelliVini\/"]}]}},"_links":{"self":[{"href":"https:\/\/www.claudiomorelli.it\/de\/wp-json\/wp\/v2\/product\/2224","targetHints":{"allow":["GET"]}}],"collection":[{"href":"https:\/\/www.claudiomorelli.it\/de\/wp-json\/wp\/v2\/product"}],"about":[{"href":"https:\/\/www.claudiomorelli.it\/de\/wp-json\/wp\/v2\/types\/product"}],"replies":[{"embeddable":true,"href":"https:\/\/www.claudiomorelli.it\/de\/wp-json\/wp\/v2\/comments?post=2224"}],"wp:featuredmedia":[{"embeddable":true,"href":"https:\/\/www.claudiomorelli.it\/de\/wp-json\/wp\/v2\/media\/1817"}],"wp:attachment":[{"href":"https:\/\/www.claudiomorelli.it\/de\/wp-json\/wp\/v2\/media?parent=2224"}],"wp:term":[{"taxonomy":"product_cat","embeddable":true,"href":"https:\/\/www.claudiomorelli.it\/de\/wp-json\/wp\/v2\/product_cat?post=2224"},{"taxonomy":"product_tag","embeddable":true,"href":"https:\/\/www.claudiomorelli.it\/de\/wp-json\/wp\/v2\/product_tag?post=2224"}],"curies":[{"name":"wp","href":"https:\/\/api.w.org\/{rel}","templated":true}]}}