{"id":2216,"date":"2024-04-29T18:15:36","date_gmt":"2024-04-29T16:15:36","guid":{"rendered":"https:\/\/www.claudiomorelli.it\/prodotto\/suffragium-marken-igt-rot\/"},"modified":"2024-04-29T18:15:36","modified_gmt":"2024-04-29T16:15:36","slug":"suffragium-marken-igt-rot","status":"publish","type":"product","link":"https:\/\/www.claudiomorelli.it\/de\/prodotto\/suffragium-marken-igt-rot\/","title":{"rendered":"Suffragium Marken IGT Rot"},"content":{"rendered":"<p><a href=\"\/?p=284\">https:\/\/www.claudiomorelli.it\/vino\/suffragium-marche-i-g-t-rosso\/<\/a><\/p>\n<p><strong>TRAUBENSORTE:<\/strong> Aleatico<\/p>\n<p><strong>ERZEUGUNGSGEBIET: <\/strong> Ortschaft Fano<\/p>\n<p><strong>BODENTYP:<\/strong> Tuffsteinhaltiger Sandboden<\/p>\n<p><strong>ANBAUSYSTEM:<\/strong> Einfacher Guyot<\/p>\n<p><strong>EXPOSURE:<\/strong> S\u00fcd-Ost<\/p>\n<p><strong>ERTRAG PRO HEKTAR:<\/strong> 4,5 TONNEN<\/p>\n<p><strong>WEINBEREITUNG: <\/strong> Mazeration der Schalen 10-12 Tage<\/p>\n<p><strong>WEINBEREITUNG:<\/strong> Stahltanks<\/p>\n<p><strong>ALKOHOLGEHALT: <\/strong> 14,5 % VOL.<\/p>\n<p><strong>GESAMTS\u00c4URE:<\/strong> 5,1 Gr\/L<\/p>\n<p>&nbsp;<\/p>\n<p><strong>Entsorgung der Flaschenbestandteile:<\/strong><\/p>\n<p>GL 71 Glas: Glassammlung<\/p>\n<p style=\"text-align: left;\">FOR 51 Kork: unsortierte Sammlung<\/p>\n<p style=\"text-align: left;\">C\/ALU 90 Polylaminatkapsel: Metallsammlung<\/p>\n<p style=\"text-align: left;\">PAP 20 Kartonverpackung: Sammlung von Karton\/Papier<\/p>\n","protected":false},"excerpt":{"rendered":"<p>Die H\u00fcgel von Pesaro im Norden der Region Marken sind ein Gebiet reich an alter Geschichte, Tradition und Erinnerungen, die mit ber\u00fchmten Familien wie den Da Montefeltro, Malatesta, Sforza und Della Rovere verbunden sind.<\/p>\n<p>Auf den H\u00fcgeln dieser Gegend, die aus Sand, Tuffstein und Lehm bestehen, befinden sich Weinberge, die zwischen bewirtschafteten Feldern und bewaldeten Gebieten eingebettet sind, wo die Fr\u00fchlingsbl\u00fcte der Pflanzen dieses Gebiet positiv beeinflusst.<\/p>\n<p>Die Rebe nimmt die Essenz dieses \u2018Terroirs\u2019 auf und reichert die Trauben mit Substanzen an, die dem Wein seine starke Pers\u00f6nlichkeit verleihen.<\/p>\n<p>Von diesen H\u00fcgeln stammt der:<\/p>\n<p><strong>SUFFRAGIUM 2022<\/strong><\/p>\n<p><strong>Marken IGT Rot<\/strong><\/p>\n<p>Weinberg \u2018Le Terrazze&#8217; Terrassenf\u00f6rmig angelegter Weinberg in der N\u00e4he der Adria, auf einer H\u00f6he von 100 Metern, auf Tuffstein- und Sandb\u00f6den, wo die Winde Bora, Mistral und Tramontana die Reben streicheln und das Meersalz ablagern, w\u00e4hrend der warme, trockene Wind Libeccio (Garbino) die Trauben zur optimalen Reife bringt.<\/p>\n<p><strong>Sensorische Analyse:<\/strong><\/p>\n<p>Rubinrot mit violetten und purpurnen Reflexen, in der Nase Waldbeeren, schwarze Johannisbeeren, Kirschen, Sauerkirschen, florale Noten wie Veilchen, getrocknete rote Rosen und mehr Myrte sowie eine leichte, feinw\u00fcrzige Ader.<\/p>\n<p>Am Gaumen ist er frisch, schmackhaft und mit weichen Tanninen, die die Struktur ausgleichen. Lebendiger Abgang mit Geruchsnoten von kleinen Beeren.<\/p>\n","protected":false},"featured_media":1821,"comment_status":"open","ping_status":"closed","template":"","meta":{"_et_pb_use_builder":"","_et_pb_old_content":"","_et_gb_content_width":""},"product_cat":[314],"product_tag":[],"class_list":{"0":"post-2216","1":"product","2":"type-product","3":"status-publish","4":"has-post-thumbnail","6":"product_cat-rotwein","8":"first","9":"instock","10":"shipping-taxable","11":"purchasable","12":"product-type-simple"},"yoast_head":"<!-- This site is optimized with the Yoast SEO plugin v22.9 - https:\/\/yoast.com\/wordpress\/plugins\/seo\/ -->\n<title>Suffragium Marken IGT Rot - Azienda Agraria Claudio Morelli<\/title>\n<meta name=\"robots\" content=\"index, follow, max-snippet:-1, max-image-preview:large, max-video-preview:-1\" \/>\n<link rel=\"canonical\" href=\"https:\/\/www.claudiomorelli.it\/prodotto\/suffragium-marken-igt-rot\/\" \/>\n<meta property=\"og:locale\" content=\"de_DE\" \/>\n<meta property=\"og:type\" content=\"article\" \/>\n<meta property=\"og:title\" content=\"Suffragium Marken IGT Rot - Azienda Agraria Claudio Morelli\" \/>\n<meta property=\"og:description\" content=\"Die H\u00fcgel von Pesaro im Norden der Region Marken sind ein Gebiet reich an alter Geschichte, Tradition und Erinnerungen, die mit ber\u00fchmten Familien wie den Da Montefeltro, Malatesta, Sforza und Della Rovere verbunden sind. Auf den H\u00fcgeln dieser Gegend, die aus Sand, Tuffstein und Lehm bestehen, befinden sich Weinberge, die zwischen bewirtschafteten Feldern und bewaldeten Gebieten eingebettet sind, wo die Fr\u00fchlingsbl\u00fcte der Pflanzen dieses Gebiet positiv beeinflusst. Die Rebe nimmt die Essenz dieses \u2018Terroirs\u2019 auf und reichert die Trauben mit Substanzen an, die dem Wein seine starke Pers\u00f6nlichkeit verleihen. Von diesen H\u00fcgeln stammt der: SUFFRAGIUM 2022 Marken IGT Rot Weinberg \u2018Le Terrazze&#039; Terrassenf\u00f6rmig angelegter Weinberg in der N\u00e4he der Adria, auf einer H\u00f6he von 100 Metern, auf Tuffstein- und Sandb\u00f6den, wo die Winde Bora, Mistral und Tramontana die Reben streicheln und das Meersalz ablagern, w\u00e4hrend der warme, trockene Wind Libeccio (Garbino) die Trauben zur optimalen Reife bringt. Sensorische Analyse: Rubinrot mit violetten und purpurnen Reflexen, in der Nase Waldbeeren, schwarze Johannisbeeren, Kirschen, Sauerkirschen, florale Noten wie Veilchen, getrocknete rote Rosen und mehr Myrte sowie eine leichte, feinw\u00fcrzige Ader. Am Gaumen ist er frisch, schmackhaft und mit weichen Tanninen, die die Struktur ausgleichen. Lebendiger Abgang mit Geruchsnoten von kleinen Beeren.\" \/>\n<meta property=\"og:url\" content=\"https:\/\/www.claudiomorelli.it\/prodotto\/suffragium-marken-igt-rot\/\" \/>\n<meta property=\"og:site_name\" content=\"Azienda Agraria Claudio Morelli\" \/>\n<meta property=\"article:publisher\" content=\"https:\/\/www.facebook.com\/MorelliVini\/\" \/>\n<meta name=\"twitter:card\" content=\"summary_large_image\" \/>\n<script type=\"application\/ld+json\" class=\"yoast-schema-graph\">{\"@context\":\"https:\/\/schema.org\",\"@graph\":[{\"@type\":\"WebPage\",\"@id\":\"https:\/\/www.claudiomorelli.it\/prodotto\/suffragium-marken-igt-rot\/\",\"url\":\"https:\/\/www.claudiomorelli.it\/prodotto\/suffragium-marken-igt-rot\/\",\"name\":\"Suffragium Marken IGT Rot - Azienda Agraria Claudio Morelli\",\"isPartOf\":{\"@id\":\"https:\/\/www.claudiomorelli.it\/#website\"},\"primaryImageOfPage\":{\"@id\":\"https:\/\/www.claudiomorelli.it\/prodotto\/suffragium-marken-igt-rot\/#primaryimage\"},\"image\":{\"@id\":\"https:\/\/www.claudiomorelli.it\/prodotto\/suffragium-marken-igt-rot\/#primaryimage\"},\"thumbnailUrl\":\"https:\/\/www.claudiomorelli.it\/wp-content\/uploads\/2024\/04\/Suffragium-virtuale-Medium-1.jpg\",\"datePublished\":\"2024-04-29T16:15:36+00:00\",\"dateModified\":\"2024-04-29T16:15:36+00:00\",\"breadcrumb\":{\"@id\":\"https:\/\/www.claudiomorelli.it\/prodotto\/suffragium-marken-igt-rot\/#breadcrumb\"},\"inLanguage\":\"de\",\"potentialAction\":[{\"@type\":\"ReadAction\",\"target\":[\"https:\/\/www.claudiomorelli.it\/prodotto\/suffragium-marken-igt-rot\/\"]}]},{\"@type\":\"ImageObject\",\"inLanguage\":\"de\",\"@id\":\"https:\/\/www.claudiomorelli.it\/prodotto\/suffragium-marken-igt-rot\/#primaryimage\",\"url\":\"https:\/\/www.claudiomorelli.it\/wp-content\/uploads\/2024\/04\/Suffragium-virtuale-Medium-1.jpg\",\"contentUrl\":\"https:\/\/www.claudiomorelli.it\/wp-content\/uploads\/2024\/04\/Suffragium-virtuale-Medium-1.jpg\",\"width\":1366,\"height\":1366},{\"@type\":\"BreadcrumbList\",\"@id\":\"https:\/\/www.claudiomorelli.it\/prodotto\/suffragium-marken-igt-rot\/#breadcrumb\",\"itemListElement\":[{\"@type\":\"ListItem\",\"position\":1,\"name\":\"Home\",\"item\":\"https:\/\/www.claudiomorelli.it\/de\/\"},{\"@type\":\"ListItem\",\"position\":2,\"name\":\"Shop\",\"item\":\"https:\/\/www.claudiomorelli.it\/de\/shop\/\"},{\"@type\":\"ListItem\",\"position\":3,\"name\":\"Suffragium Marken IGT Rot\"}]},{\"@type\":\"WebSite\",\"@id\":\"https:\/\/www.claudiomorelli.it\/#website\",\"url\":\"https:\/\/www.claudiomorelli.it\/\",\"name\":\"Azienda Agraria Claudio Morelli\",\"description\":\"Vini tipici Marchigiani\",\"publisher\":{\"@id\":\"https:\/\/www.claudiomorelli.it\/#organization\"},\"potentialAction\":[{\"@type\":\"SearchAction\",\"target\":{\"@type\":\"EntryPoint\",\"urlTemplate\":\"https:\/\/www.claudiomorelli.it\/?s={search_term_string}\"},\"query-input\":\"required name=search_term_string\"}],\"inLanguage\":\"de\"},{\"@type\":\"Organization\",\"@id\":\"https:\/\/www.claudiomorelli.it\/#organization\",\"name\":\"Azienda Agraria Claudio Morelli\",\"url\":\"https:\/\/www.claudiomorelli.it\/\",\"logo\":{\"@type\":\"ImageObject\",\"inLanguage\":\"de\",\"@id\":\"https:\/\/www.claudiomorelli.it\/#\/schema\/logo\/image\/\",\"url\":\"https:\/\/www.claudiomorelli.it\/wp-content\/uploads\/2024\/05\/LOGO-AZIENDALE-DEFINITIVO.png\",\"contentUrl\":\"https:\/\/www.claudiomorelli.it\/wp-content\/uploads\/2024\/05\/LOGO-AZIENDALE-DEFINITIVO.png\",\"width\":2018,\"height\":791,\"caption\":\"Azienda Agraria Claudio Morelli\"},\"image\":{\"@id\":\"https:\/\/www.claudiomorelli.it\/#\/schema\/logo\/image\/\"},\"sameAs\":[\"https:\/\/www.facebook.com\/MorelliVini\/\"]}]}<\/script>\n<!-- \/ Yoast SEO plugin. -->","yoast_head_json":{"title":"Suffragium Marken IGT Rot - Azienda Agraria Claudio Morelli","robots":{"index":"index","follow":"follow","max-snippet":"max-snippet:-1","max-image-preview":"max-image-preview:large","max-video-preview":"max-video-preview:-1"},"canonical":"https:\/\/www.claudiomorelli.it\/prodotto\/suffragium-marken-igt-rot\/","og_locale":"de_DE","og_type":"article","og_title":"Suffragium Marken IGT Rot - Azienda Agraria Claudio Morelli","og_description":"Die H\u00fcgel von Pesaro im Norden der Region Marken sind ein Gebiet reich an alter Geschichte, Tradition und Erinnerungen, die mit ber\u00fchmten Familien wie den Da Montefeltro, Malatesta, Sforza und Della Rovere verbunden sind. Auf den H\u00fcgeln dieser Gegend, die aus Sand, Tuffstein und Lehm bestehen, befinden sich Weinberge, die zwischen bewirtschafteten Feldern und bewaldeten Gebieten eingebettet sind, wo die Fr\u00fchlingsbl\u00fcte der Pflanzen dieses Gebiet positiv beeinflusst. Die Rebe nimmt die Essenz dieses \u2018Terroirs\u2019 auf und reichert die Trauben mit Substanzen an, die dem Wein seine starke Pers\u00f6nlichkeit verleihen. Von diesen H\u00fcgeln stammt der: SUFFRAGIUM 2022 Marken IGT Rot Weinberg \u2018Le Terrazze' Terrassenf\u00f6rmig angelegter Weinberg in der N\u00e4he der Adria, auf einer H\u00f6he von 100 Metern, auf Tuffstein- und Sandb\u00f6den, wo die Winde Bora, Mistral und Tramontana die Reben streicheln und das Meersalz ablagern, w\u00e4hrend der warme, trockene Wind Libeccio (Garbino) die Trauben zur optimalen Reife bringt. Sensorische Analyse: Rubinrot mit violetten und purpurnen Reflexen, in der Nase Waldbeeren, schwarze Johannisbeeren, Kirschen, Sauerkirschen, florale Noten wie Veilchen, getrocknete rote Rosen und mehr Myrte sowie eine leichte, feinw\u00fcrzige Ader. Am Gaumen ist er frisch, schmackhaft und mit weichen Tanninen, die die Struktur ausgleichen. Lebendiger Abgang mit Geruchsnoten von kleinen Beeren.","og_url":"https:\/\/www.claudiomorelli.it\/prodotto\/suffragium-marken-igt-rot\/","og_site_name":"Azienda Agraria Claudio Morelli","article_publisher":"https:\/\/www.facebook.com\/MorelliVini\/","twitter_card":"summary_large_image","schema":{"@context":"https:\/\/schema.org","@graph":[{"@type":"WebPage","@id":"https:\/\/www.claudiomorelli.it\/prodotto\/suffragium-marken-igt-rot\/","url":"https:\/\/www.claudiomorelli.it\/prodotto\/suffragium-marken-igt-rot\/","name":"Suffragium Marken IGT Rot - Azienda Agraria Claudio Morelli","isPartOf":{"@id":"https:\/\/www.claudiomorelli.it\/#website"},"primaryImageOfPage":{"@id":"https:\/\/www.claudiomorelli.it\/prodotto\/suffragium-marken-igt-rot\/#primaryimage"},"image":{"@id":"https:\/\/www.claudiomorelli.it\/prodotto\/suffragium-marken-igt-rot\/#primaryimage"},"thumbnailUrl":"https:\/\/www.claudiomorelli.it\/wp-content\/uploads\/2024\/04\/Suffragium-virtuale-Medium-1.jpg","datePublished":"2024-04-29T16:15:36+00:00","dateModified":"2024-04-29T16:15:36+00:00","breadcrumb":{"@id":"https:\/\/www.claudiomorelli.it\/prodotto\/suffragium-marken-igt-rot\/#breadcrumb"},"inLanguage":"de","potentialAction":[{"@type":"ReadAction","target":["https:\/\/www.claudiomorelli.it\/prodotto\/suffragium-marken-igt-rot\/"]}]},{"@type":"ImageObject","inLanguage":"de","@id":"https:\/\/www.claudiomorelli.it\/prodotto\/suffragium-marken-igt-rot\/#primaryimage","url":"https:\/\/www.claudiomorelli.it\/wp-content\/uploads\/2024\/04\/Suffragium-virtuale-Medium-1.jpg","contentUrl":"https:\/\/www.claudiomorelli.it\/wp-content\/uploads\/2024\/04\/Suffragium-virtuale-Medium-1.jpg","width":1366,"height":1366},{"@type":"BreadcrumbList","@id":"https:\/\/www.claudiomorelli.it\/prodotto\/suffragium-marken-igt-rot\/#breadcrumb","itemListElement":[{"@type":"ListItem","position":1,"name":"Home","item":"https:\/\/www.claudiomorelli.it\/de\/"},{"@type":"ListItem","position":2,"name":"Shop","item":"https:\/\/www.claudiomorelli.it\/de\/shop\/"},{"@type":"ListItem","position":3,"name":"Suffragium Marken IGT Rot"}]},{"@type":"WebSite","@id":"https:\/\/www.claudiomorelli.it\/#website","url":"https:\/\/www.claudiomorelli.it\/","name":"Azienda Agraria Claudio Morelli","description":"Vini tipici Marchigiani","publisher":{"@id":"https:\/\/www.claudiomorelli.it\/#organization"},"potentialAction":[{"@type":"SearchAction","target":{"@type":"EntryPoint","urlTemplate":"https:\/\/www.claudiomorelli.it\/?s={search_term_string}"},"query-input":"required name=search_term_string"}],"inLanguage":"de"},{"@type":"Organization","@id":"https:\/\/www.claudiomorelli.it\/#organization","name":"Azienda Agraria Claudio Morelli","url":"https:\/\/www.claudiomorelli.it\/","logo":{"@type":"ImageObject","inLanguage":"de","@id":"https:\/\/www.claudiomorelli.it\/#\/schema\/logo\/image\/","url":"https:\/\/www.claudiomorelli.it\/wp-content\/uploads\/2024\/05\/LOGO-AZIENDALE-DEFINITIVO.png","contentUrl":"https:\/\/www.claudiomorelli.it\/wp-content\/uploads\/2024\/05\/LOGO-AZIENDALE-DEFINITIVO.png","width":2018,"height":791,"caption":"Azienda Agraria Claudio Morelli"},"image":{"@id":"https:\/\/www.claudiomorelli.it\/#\/schema\/logo\/image\/"},"sameAs":["https:\/\/www.facebook.com\/MorelliVini\/"]}]}},"_links":{"self":[{"href":"https:\/\/www.claudiomorelli.it\/de\/wp-json\/wp\/v2\/product\/2216","targetHints":{"allow":["GET"]}}],"collection":[{"href":"https:\/\/www.claudiomorelli.it\/de\/wp-json\/wp\/v2\/product"}],"about":[{"href":"https:\/\/www.claudiomorelli.it\/de\/wp-json\/wp\/v2\/types\/product"}],"replies":[{"embeddable":true,"href":"https:\/\/www.claudiomorelli.it\/de\/wp-json\/wp\/v2\/comments?post=2216"}],"wp:featuredmedia":[{"embeddable":true,"href":"https:\/\/www.claudiomorelli.it\/de\/wp-json\/wp\/v2\/media\/1821"}],"wp:attachment":[{"href":"https:\/\/www.claudiomorelli.it\/de\/wp-json\/wp\/v2\/media?parent=2216"}],"wp:term":[{"taxonomy":"product_cat","embeddable":true,"href":"https:\/\/www.claudiomorelli.it\/de\/wp-json\/wp\/v2\/product_cat?post=2216"},{"taxonomy":"product_tag","embeddable":true,"href":"https:\/\/www.claudiomorelli.it\/de\/wp-json\/wp\/v2\/product_tag?post=2216"}],"curies":[{"name":"wp","href":"https:\/\/api.w.org\/{rel}","templated":true}]}}