{"id":2212,"date":"2024-04-29T18:15:36","date_gmt":"2024-04-29T16:15:36","guid":{"rendered":"https:\/\/www.claudiomorelli.it\/prodotto\/alius-marche-igt-cabernet\/"},"modified":"2024-04-29T18:15:36","modified_gmt":"2024-04-29T16:15:36","slug":"alius-marche-igt-cabernet","status":"publish","type":"product","link":"https:\/\/www.claudiomorelli.it\/de\/prodotto\/alius-marche-igt-cabernet\/","title":{"rendered":"Alius Marche IGT Cabernet"},"content":{"rendered":"<p><a href=\"\/?p=266\">https:\/\/www.claudiomorelli.it\/vino\/alius-marche-i-g-t-cabernet\/<\/a><\/p>\n<p><strong>TRAUBENSORTE: <\/strong> Cabernet<\/p>\n<p><strong>ERZEUGUNGSGEBIET: <\/strong> Ortschaft Fano<\/p>\n<p><strong>BODENTYP:<\/strong> Tuffstein, Sand, Schluff<\/p>\n<p><strong>ANBAUSYSTEM:<\/strong> Sprossenkordon<\/p>\n<p><strong>EXPOSURE:<\/strong> S\u00fcd-West<\/p>\n<p><strong>ERTRAG PRO HEKTAR:<\/strong> 5 TONNEN<\/p>\n<p><strong>WEINBEREITUNG:<\/strong> Mazeration der Schalen 15-20 Tage<\/p>\n<p><strong>WEINAUSBAU: <\/strong> Barriques f\u00fcr 12 Monate<\/p>\n<p><strong>ALKOHOLGEHALT:<\/strong> 14,5 % VOL.<\/p>\n<p><strong>GESAMTS\u00c4URE:<\/strong> 5,35 Gr\/L<\/p>\n<p>&nbsp;<\/p>\n<p><strong>Entsorgung der Flaschenbestandteile:<\/strong><\/p>\n<p>GL 71 Glas: Glassammlung<\/p>\n<p>FOR 51 Kork: unsortierte Sammlung<\/p>\n<p>C\/ALU 90 Polylaminatkapseln: Metallsammlung<\/p>\n<p>PAP 20 Kartonverpackungen: Karton\/Papier Sammlung<\/p>\n<p aria-hidden=\"true\">\n","protected":false},"excerpt":{"rendered":"<p>Die H\u00fcgel von Pesaro im Norden der Region Marken sind ein Gebiet reich an alter Geschichte, Tradition und Erinnerungen, die mit ber\u00fchmten Familien wie den Da Montefeltro, Malatesta, Sforza und Della Rovere verbunden sind.<\/p>\n<p>Das Anbaugebiet ist dasselbe wie der Weinberg \u2018Le Terrazze\u2019, wo das Meer dieses Gebiet mit seinem Mikroklima beeinflusst. Der H\u00fcgel, auf dem sich der Weinberg befindet, f\u00e4llt sanft zum Strand hin ab, und die salzhaltige Meeresbrise bringt salzige D\u00fcfte in den Weinberg. Es gibt keine nat\u00fcrlichen Barrieren gegen den ungest\u00fcmen Bora-Wind, keine nat\u00fcrlichen Barrieren gegen heftige Sommerst\u00fcrme. Gro\u00dfz\u00fcgig ist daf\u00fcr die Sonneneinstrahlung, die den Weinberg viele Stunden am Tag erw\u00e4rmt und beleuchtet und die Cabernet-Trauben mit Zucker anreichert.<\/p>\n<p>Von diesen H\u00fcgeln stammt der:<\/p>\n<p><strong>ALIUS<\/strong> <strong>2018<\/strong><\/p>\n<p><strong>Marken IGT Cabernet<\/strong><\/p>\n<p><strong>Sensorische Analyse:<\/strong><\/p>\n<p>Auf den ersten Blick hat der Wein eine rubinrote Farbe mit granatroten Reflexen. Er hat eine bedeutende olfaktorische Komplexit\u00e4t von Fr\u00fcchten wie Brombeere, Sauerkirsche, Heidelbeere und Johannisbeerkonfit\u00fcre, roten Blumen wie Glyzinie, Iris, getrocknete rote Rose. Intensive Mineralit\u00e4t aufgrund der N\u00e4he zum Meer mit mediterranen D\u00fcften. Am Gaumen warm und weich, mit gut geschmolzenen und seidigen Tanninen in der gegenw\u00e4rtigen Frische.<\/p>\n","protected":false},"featured_media":1807,"comment_status":"open","ping_status":"closed","template":"","meta":{"_et_pb_use_builder":"","_et_pb_old_content":"","_et_gb_content_width":""},"product_cat":[314],"product_tag":[],"class_list":{"0":"post-2212","1":"product","2":"type-product","3":"status-publish","4":"has-post-thumbnail","6":"product_cat-rotwein","8":"first","9":"instock","10":"shipping-taxable","11":"purchasable","12":"product-type-simple"},"yoast_head":"<!-- This site is optimized with the Yoast SEO plugin v22.9 - https:\/\/yoast.com\/wordpress\/plugins\/seo\/ -->\n<title>Alius Marche IGT Cabernet - Azienda Agraria Claudio Morelli<\/title>\n<meta name=\"robots\" content=\"index, follow, max-snippet:-1, max-image-preview:large, max-video-preview:-1\" \/>\n<link rel=\"canonical\" href=\"https:\/\/www.claudiomorelli.it\/prodotto\/alius-marche-igt-cabernet\/\" \/>\n<meta property=\"og:locale\" content=\"de_DE\" \/>\n<meta property=\"og:type\" content=\"article\" \/>\n<meta property=\"og:title\" content=\"Alius Marche IGT Cabernet - Azienda Agraria Claudio Morelli\" \/>\n<meta property=\"og:description\" content=\"Die H\u00fcgel von Pesaro im Norden der Region Marken sind ein Gebiet reich an alter Geschichte, Tradition und Erinnerungen, die mit ber\u00fchmten Familien wie den Da Montefeltro, Malatesta, Sforza und Della Rovere verbunden sind. Das Anbaugebiet ist dasselbe wie der Weinberg \u2018Le Terrazze\u2019, wo das Meer dieses Gebiet mit seinem Mikroklima beeinflusst. Der H\u00fcgel, auf dem sich der Weinberg befindet, f\u00e4llt sanft zum Strand hin ab, und die salzhaltige Meeresbrise bringt salzige D\u00fcfte in den Weinberg. Es gibt keine nat\u00fcrlichen Barrieren gegen den ungest\u00fcmen Bora-Wind, keine nat\u00fcrlichen Barrieren gegen heftige Sommerst\u00fcrme. Gro\u00dfz\u00fcgig ist daf\u00fcr die Sonneneinstrahlung, die den Weinberg viele Stunden am Tag erw\u00e4rmt und beleuchtet und die Cabernet-Trauben mit Zucker anreichert. Von diesen H\u00fcgeln stammt der: ALIUS 2018 Marken IGT Cabernet Sensorische Analyse: Auf den ersten Blick hat der Wein eine rubinrote Farbe mit granatroten Reflexen. Er hat eine bedeutende olfaktorische Komplexit\u00e4t von Fr\u00fcchten wie Brombeere, Sauerkirsche, Heidelbeere und Johannisbeerkonfit\u00fcre, roten Blumen wie Glyzinie, Iris, getrocknete rote Rose. Intensive Mineralit\u00e4t aufgrund der N\u00e4he zum Meer mit mediterranen D\u00fcften. Am Gaumen warm und weich, mit gut geschmolzenen und seidigen Tanninen in der gegenw\u00e4rtigen Frische.\" \/>\n<meta property=\"og:url\" content=\"https:\/\/www.claudiomorelli.it\/prodotto\/alius-marche-igt-cabernet\/\" \/>\n<meta property=\"og:site_name\" content=\"Azienda Agraria Claudio Morelli\" \/>\n<meta property=\"article:publisher\" content=\"https:\/\/www.facebook.com\/MorelliVini\/\" \/>\n<meta name=\"twitter:card\" content=\"summary_large_image\" \/>\n<script type=\"application\/ld+json\" class=\"yoast-schema-graph\">{\"@context\":\"https:\/\/schema.org\",\"@graph\":[{\"@type\":\"WebPage\",\"@id\":\"https:\/\/www.claudiomorelli.it\/prodotto\/alius-marche-igt-cabernet\/\",\"url\":\"https:\/\/www.claudiomorelli.it\/prodotto\/alius-marche-igt-cabernet\/\",\"name\":\"Alius Marche IGT Cabernet - Azienda Agraria Claudio Morelli\",\"isPartOf\":{\"@id\":\"https:\/\/www.claudiomorelli.it\/#website\"},\"primaryImageOfPage\":{\"@id\":\"https:\/\/www.claudiomorelli.it\/prodotto\/alius-marche-igt-cabernet\/#primaryimage\"},\"image\":{\"@id\":\"https:\/\/www.claudiomorelli.it\/prodotto\/alius-marche-igt-cabernet\/#primaryimage\"},\"thumbnailUrl\":\"https:\/\/www.claudiomorelli.it\/wp-content\/uploads\/2024\/04\/IMG_9914-mod-ok-2-DEF-taglio-Medium-1-scaled-2.jpg\",\"datePublished\":\"2024-04-29T16:15:36+00:00\",\"dateModified\":\"2024-04-29T16:15:36+00:00\",\"breadcrumb\":{\"@id\":\"https:\/\/www.claudiomorelli.it\/prodotto\/alius-marche-igt-cabernet\/#breadcrumb\"},\"inLanguage\":\"de\",\"potentialAction\":[{\"@type\":\"ReadAction\",\"target\":[\"https:\/\/www.claudiomorelli.it\/prodotto\/alius-marche-igt-cabernet\/\"]}]},{\"@type\":\"ImageObject\",\"inLanguage\":\"de\",\"@id\":\"https:\/\/www.claudiomorelli.it\/prodotto\/alius-marche-igt-cabernet\/#primaryimage\",\"url\":\"https:\/\/www.claudiomorelli.it\/wp-content\/uploads\/2024\/04\/IMG_9914-mod-ok-2-DEF-taglio-Medium-1-scaled-2.jpg\",\"contentUrl\":\"https:\/\/www.claudiomorelli.it\/wp-content\/uploads\/2024\/04\/IMG_9914-mod-ok-2-DEF-taglio-Medium-1-scaled-2.jpg\",\"width\":2560,\"height\":2560},{\"@type\":\"BreadcrumbList\",\"@id\":\"https:\/\/www.claudiomorelli.it\/prodotto\/alius-marche-igt-cabernet\/#breadcrumb\",\"itemListElement\":[{\"@type\":\"ListItem\",\"position\":1,\"name\":\"Home\",\"item\":\"https:\/\/www.claudiomorelli.it\/de\/\"},{\"@type\":\"ListItem\",\"position\":2,\"name\":\"Shop\",\"item\":\"https:\/\/www.claudiomorelli.it\/de\/shop\/\"},{\"@type\":\"ListItem\",\"position\":3,\"name\":\"Alius Marche IGT Cabernet\"}]},{\"@type\":\"WebSite\",\"@id\":\"https:\/\/www.claudiomorelli.it\/#website\",\"url\":\"https:\/\/www.claudiomorelli.it\/\",\"name\":\"Azienda Agraria Claudio Morelli\",\"description\":\"Vini tipici Marchigiani\",\"publisher\":{\"@id\":\"https:\/\/www.claudiomorelli.it\/#organization\"},\"potentialAction\":[{\"@type\":\"SearchAction\",\"target\":{\"@type\":\"EntryPoint\",\"urlTemplate\":\"https:\/\/www.claudiomorelli.it\/?s={search_term_string}\"},\"query-input\":\"required name=search_term_string\"}],\"inLanguage\":\"de\"},{\"@type\":\"Organization\",\"@id\":\"https:\/\/www.claudiomorelli.it\/#organization\",\"name\":\"Azienda Agraria Claudio Morelli\",\"url\":\"https:\/\/www.claudiomorelli.it\/\",\"logo\":{\"@type\":\"ImageObject\",\"inLanguage\":\"de\",\"@id\":\"https:\/\/www.claudiomorelli.it\/#\/schema\/logo\/image\/\",\"url\":\"https:\/\/www.claudiomorelli.it\/wp-content\/uploads\/2024\/05\/LOGO-AZIENDALE-DEFINITIVO.png\",\"contentUrl\":\"https:\/\/www.claudiomorelli.it\/wp-content\/uploads\/2024\/05\/LOGO-AZIENDALE-DEFINITIVO.png\",\"width\":2018,\"height\":791,\"caption\":\"Azienda Agraria Claudio Morelli\"},\"image\":{\"@id\":\"https:\/\/www.claudiomorelli.it\/#\/schema\/logo\/image\/\"},\"sameAs\":[\"https:\/\/www.facebook.com\/MorelliVini\/\"]}]}<\/script>\n<!-- \/ Yoast SEO plugin. -->","yoast_head_json":{"title":"Alius Marche IGT Cabernet - Azienda Agraria Claudio Morelli","robots":{"index":"index","follow":"follow","max-snippet":"max-snippet:-1","max-image-preview":"max-image-preview:large","max-video-preview":"max-video-preview:-1"},"canonical":"https:\/\/www.claudiomorelli.it\/prodotto\/alius-marche-igt-cabernet\/","og_locale":"de_DE","og_type":"article","og_title":"Alius Marche IGT Cabernet - Azienda Agraria Claudio Morelli","og_description":"Die H\u00fcgel von Pesaro im Norden der Region Marken sind ein Gebiet reich an alter Geschichte, Tradition und Erinnerungen, die mit ber\u00fchmten Familien wie den Da Montefeltro, Malatesta, Sforza und Della Rovere verbunden sind. Das Anbaugebiet ist dasselbe wie der Weinberg \u2018Le Terrazze\u2019, wo das Meer dieses Gebiet mit seinem Mikroklima beeinflusst. Der H\u00fcgel, auf dem sich der Weinberg befindet, f\u00e4llt sanft zum Strand hin ab, und die salzhaltige Meeresbrise bringt salzige D\u00fcfte in den Weinberg. Es gibt keine nat\u00fcrlichen Barrieren gegen den ungest\u00fcmen Bora-Wind, keine nat\u00fcrlichen Barrieren gegen heftige Sommerst\u00fcrme. Gro\u00dfz\u00fcgig ist daf\u00fcr die Sonneneinstrahlung, die den Weinberg viele Stunden am Tag erw\u00e4rmt und beleuchtet und die Cabernet-Trauben mit Zucker anreichert. Von diesen H\u00fcgeln stammt der: ALIUS 2018 Marken IGT Cabernet Sensorische Analyse: Auf den ersten Blick hat der Wein eine rubinrote Farbe mit granatroten Reflexen. Er hat eine bedeutende olfaktorische Komplexit\u00e4t von Fr\u00fcchten wie Brombeere, Sauerkirsche, Heidelbeere und Johannisbeerkonfit\u00fcre, roten Blumen wie Glyzinie, Iris, getrocknete rote Rose. Intensive Mineralit\u00e4t aufgrund der N\u00e4he zum Meer mit mediterranen D\u00fcften. Am Gaumen warm und weich, mit gut geschmolzenen und seidigen Tanninen in der gegenw\u00e4rtigen Frische.","og_url":"https:\/\/www.claudiomorelli.it\/prodotto\/alius-marche-igt-cabernet\/","og_site_name":"Azienda Agraria Claudio Morelli","article_publisher":"https:\/\/www.facebook.com\/MorelliVini\/","twitter_card":"summary_large_image","schema":{"@context":"https:\/\/schema.org","@graph":[{"@type":"WebPage","@id":"https:\/\/www.claudiomorelli.it\/prodotto\/alius-marche-igt-cabernet\/","url":"https:\/\/www.claudiomorelli.it\/prodotto\/alius-marche-igt-cabernet\/","name":"Alius Marche IGT Cabernet - Azienda Agraria Claudio Morelli","isPartOf":{"@id":"https:\/\/www.claudiomorelli.it\/#website"},"primaryImageOfPage":{"@id":"https:\/\/www.claudiomorelli.it\/prodotto\/alius-marche-igt-cabernet\/#primaryimage"},"image":{"@id":"https:\/\/www.claudiomorelli.it\/prodotto\/alius-marche-igt-cabernet\/#primaryimage"},"thumbnailUrl":"https:\/\/www.claudiomorelli.it\/wp-content\/uploads\/2024\/04\/IMG_9914-mod-ok-2-DEF-taglio-Medium-1-scaled-2.jpg","datePublished":"2024-04-29T16:15:36+00:00","dateModified":"2024-04-29T16:15:36+00:00","breadcrumb":{"@id":"https:\/\/www.claudiomorelli.it\/prodotto\/alius-marche-igt-cabernet\/#breadcrumb"},"inLanguage":"de","potentialAction":[{"@type":"ReadAction","target":["https:\/\/www.claudiomorelli.it\/prodotto\/alius-marche-igt-cabernet\/"]}]},{"@type":"ImageObject","inLanguage":"de","@id":"https:\/\/www.claudiomorelli.it\/prodotto\/alius-marche-igt-cabernet\/#primaryimage","url":"https:\/\/www.claudiomorelli.it\/wp-content\/uploads\/2024\/04\/IMG_9914-mod-ok-2-DEF-taglio-Medium-1-scaled-2.jpg","contentUrl":"https:\/\/www.claudiomorelli.it\/wp-content\/uploads\/2024\/04\/IMG_9914-mod-ok-2-DEF-taglio-Medium-1-scaled-2.jpg","width":2560,"height":2560},{"@type":"BreadcrumbList","@id":"https:\/\/www.claudiomorelli.it\/prodotto\/alius-marche-igt-cabernet\/#breadcrumb","itemListElement":[{"@type":"ListItem","position":1,"name":"Home","item":"https:\/\/www.claudiomorelli.it\/de\/"},{"@type":"ListItem","position":2,"name":"Shop","item":"https:\/\/www.claudiomorelli.it\/de\/shop\/"},{"@type":"ListItem","position":3,"name":"Alius Marche IGT Cabernet"}]},{"@type":"WebSite","@id":"https:\/\/www.claudiomorelli.it\/#website","url":"https:\/\/www.claudiomorelli.it\/","name":"Azienda Agraria Claudio Morelli","description":"Vini tipici Marchigiani","publisher":{"@id":"https:\/\/www.claudiomorelli.it\/#organization"},"potentialAction":[{"@type":"SearchAction","target":{"@type":"EntryPoint","urlTemplate":"https:\/\/www.claudiomorelli.it\/?s={search_term_string}"},"query-input":"required name=search_term_string"}],"inLanguage":"de"},{"@type":"Organization","@id":"https:\/\/www.claudiomorelli.it\/#organization","name":"Azienda Agraria Claudio Morelli","url":"https:\/\/www.claudiomorelli.it\/","logo":{"@type":"ImageObject","inLanguage":"de","@id":"https:\/\/www.claudiomorelli.it\/#\/schema\/logo\/image\/","url":"https:\/\/www.claudiomorelli.it\/wp-content\/uploads\/2024\/05\/LOGO-AZIENDALE-DEFINITIVO.png","contentUrl":"https:\/\/www.claudiomorelli.it\/wp-content\/uploads\/2024\/05\/LOGO-AZIENDALE-DEFINITIVO.png","width":2018,"height":791,"caption":"Azienda Agraria Claudio Morelli"},"image":{"@id":"https:\/\/www.claudiomorelli.it\/#\/schema\/logo\/image\/"},"sameAs":["https:\/\/www.facebook.com\/MorelliVini\/"]}]}},"_links":{"self":[{"href":"https:\/\/www.claudiomorelli.it\/de\/wp-json\/wp\/v2\/product\/2212","targetHints":{"allow":["GET"]}}],"collection":[{"href":"https:\/\/www.claudiomorelli.it\/de\/wp-json\/wp\/v2\/product"}],"about":[{"href":"https:\/\/www.claudiomorelli.it\/de\/wp-json\/wp\/v2\/types\/product"}],"replies":[{"embeddable":true,"href":"https:\/\/www.claudiomorelli.it\/de\/wp-json\/wp\/v2\/comments?post=2212"}],"wp:featuredmedia":[{"embeddable":true,"href":"https:\/\/www.claudiomorelli.it\/de\/wp-json\/wp\/v2\/media\/1807"}],"wp:attachment":[{"href":"https:\/\/www.claudiomorelli.it\/de\/wp-json\/wp\/v2\/media?parent=2212"}],"wp:term":[{"taxonomy":"product_cat","embeddable":true,"href":"https:\/\/www.claudiomorelli.it\/de\/wp-json\/wp\/v2\/product_cat?post=2212"},{"taxonomy":"product_tag","embeddable":true,"href":"https:\/\/www.claudiomorelli.it\/de\/wp-json\/wp\/v2\/product_tag?post=2212"}],"curies":[{"name":"wp","href":"https:\/\/api.w.org\/{rel}","templated":true}]}}