{"id":2210,"date":"2024-04-26T18:15:36","date_gmt":"2024-04-26T16:15:36","guid":{"rendered":"https:\/\/www.claudiomorelli.it\/prodotto\/solare-wein-aus-ueberreifen-trauben\/"},"modified":"2024-04-26T18:15:36","modified_gmt":"2024-04-26T16:15:36","slug":"solare-wein-aus-ueberreifen-trauben","status":"publish","type":"product","link":"https:\/\/www.claudiomorelli.it\/de\/prodotto\/solare-wein-aus-ueberreifen-trauben\/","title":{"rendered":"Solare Wein aus \u00fcberreifen Trauben"},"content":{"rendered":"<p><a href=\"\/?p=274\">https:\/\/www.claudiomorelli.it\/vino\/solare-vino-da-uve-stramature\/<\/a><\/p>\n<p><strong>SOLARE<\/strong><\/p>\n<p><strong>Wein aus \u00fcberreifen Trauben<\/strong><\/p>\n<p><strong>TRAUBEN:<\/strong> Biancame (Bianchello) 35%,<\/p>\n<p>Malvasia 35%, Moscato 30%<\/p>\n<p><strong>ERZEUGUNGSGEBIET: <\/strong> Fratterosa<\/p>\n<p><strong>BODENTYP:<\/strong> Tuffstein, Schluff, Lehm<\/p>\n<p><strong>ANBAUSYSTEM:<\/strong> Doppelt umgedreht<\/p>\n<p><strong>EXPOSURE:<\/strong> S\u00fcd-West<\/p>\n<p><strong>ERTRAG PRO HEKTAR:<\/strong> 5-8 TONNEN<\/p>\n<p><strong>WEINBEREITUNG:<\/strong> G\u00e4rung ohne Schalen f\u00fcr 15 Tage. Malvasia und Bianchello angetrocknet: lange Winterg\u00e4rung (2-3 Monate)<\/p>\n<p><strong>ALKOHOLGEHALT:<\/strong> 12,00 % VOL.<\/p>\n<p><strong>GESAMTS\u00c4UREGEHALT:<\/strong> 6,40 GR\/L<\/p>\n<p><strong>RESTZUCKER:<\/strong> 140 GR\/<\/p>\n<p>&nbsp;<\/p>\n<p>&nbsp;<\/p>\n<p><strong>Entsorgung der Flaschenbestandteile:<\/strong><\/p>\n<p>GL 71 Glas: Glassammlung<\/p>\n<p>FOR 51 Kork: unsortierte Sammlung<\/p>\n<p>C\/ALU 90 Polylaminatkapseln: Metallsammlung<\/p>\n<p>PAP 20 Kartonverpackung: Sammlung von Karton\/Papier<\/p>\n<p aria-hidden=\"true\">\n","protected":false},"excerpt":{"rendered":"<p><strong>SOLARE<\/strong><\/p>\n<p><strong>Wein aus \u00fcberreifen Trauben<\/strong><\/p>\n<p><strong>Sensorische Analyse:<\/strong><\/p>\n<p>Malvasia, Bianchello und Moscato bilden die Grundlage f\u00fcr diesen Passito-Wein. Honig und Akazie sind die vorherrschenden Aromen.<\/p>\n<p>S\u00fc\u00df, aber nicht s\u00fc\u00dflich, passt er hervorragend zu zarten Cremes und klassischem trockenen Geb\u00e4ck.<\/p>\n","protected":false},"featured_media":1809,"comment_status":"open","ping_status":"closed","template":"","meta":{"_et_pb_use_builder":"","_et_pb_old_content":"","_et_gb_content_width":""},"product_cat":[309],"product_tag":[],"class_list":{"0":"post-2210","1":"product","2":"type-product","3":"status-publish","4":"has-post-thumbnail","6":"product_cat-passito-de","8":"first","9":"instock","10":"shipping-taxable","11":"purchasable","12":"product-type-simple"},"yoast_head":"<!-- This site is optimized with the Yoast SEO plugin v22.9 - https:\/\/yoast.com\/wordpress\/plugins\/seo\/ -->\n<title>Solare Wein aus \u00fcberreifen Trauben - Azienda Agraria Claudio Morelli<\/title>\n<meta name=\"robots\" content=\"index, follow, max-snippet:-1, max-image-preview:large, max-video-preview:-1\" \/>\n<link rel=\"canonical\" href=\"https:\/\/www.claudiomorelli.it\/prodotto\/solare-wein-aus-ueberreifen-trauben\/\" \/>\n<meta property=\"og:locale\" content=\"de_DE\" \/>\n<meta property=\"og:type\" content=\"article\" \/>\n<meta property=\"og:title\" content=\"Solare Wein aus \u00fcberreifen Trauben - Azienda Agraria Claudio Morelli\" \/>\n<meta property=\"og:description\" content=\"SOLARE Wein aus \u00fcberreifen Trauben Sensorische Analyse: Malvasia, Bianchello und Moscato bilden die Grundlage f\u00fcr diesen Passito-Wein. Honig und Akazie sind die vorherrschenden Aromen. S\u00fc\u00df, aber nicht s\u00fc\u00dflich, passt er hervorragend zu zarten Cremes und klassischem trockenen Geb\u00e4ck.\" \/>\n<meta property=\"og:url\" content=\"https:\/\/www.claudiomorelli.it\/prodotto\/solare-wein-aus-ueberreifen-trauben\/\" \/>\n<meta property=\"og:site_name\" content=\"Azienda Agraria Claudio Morelli\" \/>\n<meta property=\"article:publisher\" content=\"https:\/\/www.facebook.com\/MorelliVini\/\" \/>\n<meta name=\"twitter:card\" content=\"summary_large_image\" \/>\n<script type=\"application\/ld+json\" class=\"yoast-schema-graph\">{\"@context\":\"https:\/\/schema.org\",\"@graph\":[{\"@type\":\"WebPage\",\"@id\":\"https:\/\/www.claudiomorelli.it\/prodotto\/solare-wein-aus-ueberreifen-trauben\/\",\"url\":\"https:\/\/www.claudiomorelli.it\/prodotto\/solare-wein-aus-ueberreifen-trauben\/\",\"name\":\"Solare Wein aus \u00fcberreifen Trauben - Azienda Agraria Claudio Morelli\",\"isPartOf\":{\"@id\":\"https:\/\/www.claudiomorelli.it\/#website\"},\"primaryImageOfPage\":{\"@id\":\"https:\/\/www.claudiomorelli.it\/prodotto\/solare-wein-aus-ueberreifen-trauben\/#primaryimage\"},\"image\":{\"@id\":\"https:\/\/www.claudiomorelli.it\/prodotto\/solare-wein-aus-ueberreifen-trauben\/#primaryimage\"},\"thumbnailUrl\":\"https:\/\/www.claudiomorelli.it\/wp-content\/uploads\/2024\/04\/morelli-vino-solare-1.jpg\",\"datePublished\":\"2024-04-26T16:15:36+00:00\",\"dateModified\":\"2024-04-26T16:15:36+00:00\",\"breadcrumb\":{\"@id\":\"https:\/\/www.claudiomorelli.it\/prodotto\/solare-wein-aus-ueberreifen-trauben\/#breadcrumb\"},\"inLanguage\":\"de\",\"potentialAction\":[{\"@type\":\"ReadAction\",\"target\":[\"https:\/\/www.claudiomorelli.it\/prodotto\/solare-wein-aus-ueberreifen-trauben\/\"]}]},{\"@type\":\"ImageObject\",\"inLanguage\":\"de\",\"@id\":\"https:\/\/www.claudiomorelli.it\/prodotto\/solare-wein-aus-ueberreifen-trauben\/#primaryimage\",\"url\":\"https:\/\/www.claudiomorelli.it\/wp-content\/uploads\/2024\/04\/morelli-vino-solare-1.jpg\",\"contentUrl\":\"https:\/\/www.claudiomorelli.it\/wp-content\/uploads\/2024\/04\/morelli-vino-solare-1.jpg\",\"width\":768,\"height\":768},{\"@type\":\"BreadcrumbList\",\"@id\":\"https:\/\/www.claudiomorelli.it\/prodotto\/solare-wein-aus-ueberreifen-trauben\/#breadcrumb\",\"itemListElement\":[{\"@type\":\"ListItem\",\"position\":1,\"name\":\"Home\",\"item\":\"https:\/\/www.claudiomorelli.it\/de\/\"},{\"@type\":\"ListItem\",\"position\":2,\"name\":\"Shop\",\"item\":\"https:\/\/www.claudiomorelli.it\/de\/shop\/\"},{\"@type\":\"ListItem\",\"position\":3,\"name\":\"Solare Wein aus \u00fcberreifen Trauben\"}]},{\"@type\":\"WebSite\",\"@id\":\"https:\/\/www.claudiomorelli.it\/#website\",\"url\":\"https:\/\/www.claudiomorelli.it\/\",\"name\":\"Azienda Agraria Claudio Morelli\",\"description\":\"Vini tipici Marchigiani\",\"publisher\":{\"@id\":\"https:\/\/www.claudiomorelli.it\/#organization\"},\"potentialAction\":[{\"@type\":\"SearchAction\",\"target\":{\"@type\":\"EntryPoint\",\"urlTemplate\":\"https:\/\/www.claudiomorelli.it\/?s={search_term_string}\"},\"query-input\":\"required name=search_term_string\"}],\"inLanguage\":\"de\"},{\"@type\":\"Organization\",\"@id\":\"https:\/\/www.claudiomorelli.it\/#organization\",\"name\":\"Azienda Agraria Claudio Morelli\",\"url\":\"https:\/\/www.claudiomorelli.it\/\",\"logo\":{\"@type\":\"ImageObject\",\"inLanguage\":\"de\",\"@id\":\"https:\/\/www.claudiomorelli.it\/#\/schema\/logo\/image\/\",\"url\":\"https:\/\/www.claudiomorelli.it\/wp-content\/uploads\/2024\/05\/LOGO-AZIENDALE-DEFINITIVO.png\",\"contentUrl\":\"https:\/\/www.claudiomorelli.it\/wp-content\/uploads\/2024\/05\/LOGO-AZIENDALE-DEFINITIVO.png\",\"width\":2018,\"height\":791,\"caption\":\"Azienda Agraria Claudio Morelli\"},\"image\":{\"@id\":\"https:\/\/www.claudiomorelli.it\/#\/schema\/logo\/image\/\"},\"sameAs\":[\"https:\/\/www.facebook.com\/MorelliVini\/\"]}]}<\/script>\n<!-- \/ Yoast SEO plugin. -->","yoast_head_json":{"title":"Solare Wein aus \u00fcberreifen Trauben - Azienda Agraria Claudio Morelli","robots":{"index":"index","follow":"follow","max-snippet":"max-snippet:-1","max-image-preview":"max-image-preview:large","max-video-preview":"max-video-preview:-1"},"canonical":"https:\/\/www.claudiomorelli.it\/prodotto\/solare-wein-aus-ueberreifen-trauben\/","og_locale":"de_DE","og_type":"article","og_title":"Solare Wein aus \u00fcberreifen Trauben - Azienda Agraria Claudio Morelli","og_description":"SOLARE Wein aus \u00fcberreifen Trauben Sensorische Analyse: Malvasia, Bianchello und Moscato bilden die Grundlage f\u00fcr diesen Passito-Wein. Honig und Akazie sind die vorherrschenden Aromen. S\u00fc\u00df, aber nicht s\u00fc\u00dflich, passt er hervorragend zu zarten Cremes und klassischem trockenen Geb\u00e4ck.","og_url":"https:\/\/www.claudiomorelli.it\/prodotto\/solare-wein-aus-ueberreifen-trauben\/","og_site_name":"Azienda Agraria Claudio Morelli","article_publisher":"https:\/\/www.facebook.com\/MorelliVini\/","twitter_card":"summary_large_image","schema":{"@context":"https:\/\/schema.org","@graph":[{"@type":"WebPage","@id":"https:\/\/www.claudiomorelli.it\/prodotto\/solare-wein-aus-ueberreifen-trauben\/","url":"https:\/\/www.claudiomorelli.it\/prodotto\/solare-wein-aus-ueberreifen-trauben\/","name":"Solare Wein aus \u00fcberreifen Trauben - Azienda Agraria Claudio Morelli","isPartOf":{"@id":"https:\/\/www.claudiomorelli.it\/#website"},"primaryImageOfPage":{"@id":"https:\/\/www.claudiomorelli.it\/prodotto\/solare-wein-aus-ueberreifen-trauben\/#primaryimage"},"image":{"@id":"https:\/\/www.claudiomorelli.it\/prodotto\/solare-wein-aus-ueberreifen-trauben\/#primaryimage"},"thumbnailUrl":"https:\/\/www.claudiomorelli.it\/wp-content\/uploads\/2024\/04\/morelli-vino-solare-1.jpg","datePublished":"2024-04-26T16:15:36+00:00","dateModified":"2024-04-26T16:15:36+00:00","breadcrumb":{"@id":"https:\/\/www.claudiomorelli.it\/prodotto\/solare-wein-aus-ueberreifen-trauben\/#breadcrumb"},"inLanguage":"de","potentialAction":[{"@type":"ReadAction","target":["https:\/\/www.claudiomorelli.it\/prodotto\/solare-wein-aus-ueberreifen-trauben\/"]}]},{"@type":"ImageObject","inLanguage":"de","@id":"https:\/\/www.claudiomorelli.it\/prodotto\/solare-wein-aus-ueberreifen-trauben\/#primaryimage","url":"https:\/\/www.claudiomorelli.it\/wp-content\/uploads\/2024\/04\/morelli-vino-solare-1.jpg","contentUrl":"https:\/\/www.claudiomorelli.it\/wp-content\/uploads\/2024\/04\/morelli-vino-solare-1.jpg","width":768,"height":768},{"@type":"BreadcrumbList","@id":"https:\/\/www.claudiomorelli.it\/prodotto\/solare-wein-aus-ueberreifen-trauben\/#breadcrumb","itemListElement":[{"@type":"ListItem","position":1,"name":"Home","item":"https:\/\/www.claudiomorelli.it\/de\/"},{"@type":"ListItem","position":2,"name":"Shop","item":"https:\/\/www.claudiomorelli.it\/de\/shop\/"},{"@type":"ListItem","position":3,"name":"Solare Wein aus \u00fcberreifen Trauben"}]},{"@type":"WebSite","@id":"https:\/\/www.claudiomorelli.it\/#website","url":"https:\/\/www.claudiomorelli.it\/","name":"Azienda Agraria Claudio Morelli","description":"Vini tipici Marchigiani","publisher":{"@id":"https:\/\/www.claudiomorelli.it\/#organization"},"potentialAction":[{"@type":"SearchAction","target":{"@type":"EntryPoint","urlTemplate":"https:\/\/www.claudiomorelli.it\/?s={search_term_string}"},"query-input":"required name=search_term_string"}],"inLanguage":"de"},{"@type":"Organization","@id":"https:\/\/www.claudiomorelli.it\/#organization","name":"Azienda Agraria Claudio Morelli","url":"https:\/\/www.claudiomorelli.it\/","logo":{"@type":"ImageObject","inLanguage":"de","@id":"https:\/\/www.claudiomorelli.it\/#\/schema\/logo\/image\/","url":"https:\/\/www.claudiomorelli.it\/wp-content\/uploads\/2024\/05\/LOGO-AZIENDALE-DEFINITIVO.png","contentUrl":"https:\/\/www.claudiomorelli.it\/wp-content\/uploads\/2024\/05\/LOGO-AZIENDALE-DEFINITIVO.png","width":2018,"height":791,"caption":"Azienda Agraria Claudio Morelli"},"image":{"@id":"https:\/\/www.claudiomorelli.it\/#\/schema\/logo\/image\/"},"sameAs":["https:\/\/www.facebook.com\/MorelliVini\/"]}]}},"_links":{"self":[{"href":"https:\/\/www.claudiomorelli.it\/de\/wp-json\/wp\/v2\/product\/2210","targetHints":{"allow":["GET"]}}],"collection":[{"href":"https:\/\/www.claudiomorelli.it\/de\/wp-json\/wp\/v2\/product"}],"about":[{"href":"https:\/\/www.claudiomorelli.it\/de\/wp-json\/wp\/v2\/types\/product"}],"replies":[{"embeddable":true,"href":"https:\/\/www.claudiomorelli.it\/de\/wp-json\/wp\/v2\/comments?post=2210"}],"wp:featuredmedia":[{"embeddable":true,"href":"https:\/\/www.claudiomorelli.it\/de\/wp-json\/wp\/v2\/media\/1809"}],"wp:attachment":[{"href":"https:\/\/www.claudiomorelli.it\/de\/wp-json\/wp\/v2\/media?parent=2210"}],"wp:term":[{"taxonomy":"product_cat","embeddable":true,"href":"https:\/\/www.claudiomorelli.it\/de\/wp-json\/wp\/v2\/product_cat?post=2210"},{"taxonomy":"product_tag","embeddable":true,"href":"https:\/\/www.claudiomorelli.it\/de\/wp-json\/wp\/v2\/product_tag?post=2210"}],"curies":[{"name":"wp","href":"https:\/\/api.w.org\/{rel}","templated":true}]}}