{"id":2206,"date":"2024-04-27T18:15:37","date_gmt":"2024-04-27T16:15:37","guid":{"rendered":"https:\/\/www.claudiomorelli.it\/prodotto\/morell-schaumwein-brut-metodo-classico-magnum-lt-150\/"},"modified":"2024-04-27T18:15:37","modified_gmt":"2024-04-27T16:15:37","slug":"morell-schaumwein-brut-metodo-classico-magnum-lt-150","status":"publish","type":"product","link":"https:\/\/www.claudiomorelli.it\/de\/prodotto\/morell-schaumwein-brut-metodo-classico-magnum-lt-150\/","title":{"rendered":"M\u00f2rell Schaumwein Brut Metodo Classico Magnum LT 1,50"},"content":{"rendered":"<p><a href=\"\/?p=270\">https:\/\/www.claudiomorelli.it\/vino\/morell-spumante-brut-metodo-classico\/<\/a><\/p>\n<p>&nbsp;<\/p>\n<p>&nbsp;<\/p>\n<p><strong>Entsorgung der Flaschenbestandteile:<\/strong><\/p>\n<p>GL 71 Glas: Glassammlung<\/p>\n<p>FOR 51 Kork: unsortierte Sammlung<\/p>\n<p>C\/ALU 90 Polylaminatkapseln: Metallsammlung<\/p>\n<p>FE 40 Schaumweinkapseln: Metallsammlung<\/p>\n<p>PAP 20 Kartonverpackung: Sammlung von Karton\/Papier<\/p>\n","protected":false},"excerpt":{"rendered":"<p><strong>Magnum Lt 1,5<\/strong><\/p>\n<p><strong>Sensorische <\/strong> <strong>Analyse:<\/strong><\/p>\n<p>Strohgelbe Farbe, brillant und leuchtend mit feiner und anhaltender Perlage. Leicht zitrusartige, mineralische Nase nach Zitrone, duftende, blumige Ankl\u00e4nge von Wei\u00dfdorn, Linde und Maigl\u00f6ckchen, fruchtige Noten von Birne, Ananas, Kr\u00e4utern, Brotkruste und Puderzucker.<\/p>\n<p>Der Geschmack ist trocken, w\u00fcrzig und cremig, ausgewogen zwischen Frische und Weichheit, mit guter Persistenz und einem mineralischen Abgang.<\/p>\n<p><strong>TRAUBENSORTE:<\/strong> Biancame (Bianchello )<\/p>\n<p><strong>ERZEUGUNGSGEBIET: <\/strong> Ortschaft Fano<\/p>\n<p><strong>BODENTYP:<\/strong> Mittlere Textur<\/p>\n<p><strong>ANBAUSYSTEM:<\/strong> Einfacher Guyot<\/p>\n<p><strong>EXPOSITION: <\/strong> S\u00fcdwesten<\/p>\n<p><strong>ERNTE:<\/strong> 2015<\/p>\n<p><strong>EIGENSCHAFTEN BIANCHELLO BASIS<\/strong><\/p>\n<p>Alkoholgehalt 10.00%.<\/p>\n<p>Gesamts\u00e4uregehalt 7,20 Gr\/Lt.<\/p>\n<p><strong>EIGENSCHAFTEN DES SEKTS: <\/strong><\/p>\n<p><strong>PRESSUNG DES SPRITZENWEINS: <\/strong> Mai 2016<\/p>\n<p><strong>REIFUNGSJAHR:<\/strong> Juli 2019<\/p>\n<p><strong>VERBLEIB AUF DER HEFE:<\/strong> 36 MONATE<\/p>\n<p><strong>ALKOHOLGEHALT: <\/strong> 12,5% VOL.<\/p>\n<p><strong>GESAMTS\u00c4UREGEHALT:<\/strong> 6,89 GR\/L<\/p>\n<p><strong>RESTZUCKER:<\/strong> 0,7 GR\/L<\/p>\n<div class=\"col-md-4 col-sm-5 col-md-push-8 col-sm-push-7\">\n<div class=\"entry-content\">\n<p>&nbsp;<\/p>\n<\/div>\n<\/div>\n<div class=\"col-md-8 col-sm-7 col-md-pull-4 col-sm-pull-5\"><\/div>\n","protected":false},"featured_media":1811,"comment_status":"open","ping_status":"closed","template":"","meta":{"_et_pb_use_builder":"","_et_pb_old_content":"","_et_gb_content_width":""},"product_cat":[311],"product_tag":[],"class_list":{"0":"post-2206","1":"product","2":"type-product","3":"status-publish","4":"has-post-thumbnail","6":"product_cat-sprudelnder-wein","8":"first","9":"instock","10":"shipping-taxable","11":"purchasable","12":"product-type-simple"},"yoast_head":"<!-- This site is optimized with the Yoast SEO plugin v22.9 - https:\/\/yoast.com\/wordpress\/plugins\/seo\/ -->\n<title>M\u00f2rell Schaumwein Brut Metodo Classico Magnum LT 1,50 - Azienda Agraria Claudio Morelli<\/title>\n<meta name=\"robots\" content=\"index, follow, max-snippet:-1, max-image-preview:large, max-video-preview:-1\" \/>\n<link rel=\"canonical\" href=\"https:\/\/www.claudiomorelli.it\/prodotto\/morell-schaumwein-brut-metodo-classico-magnum-lt-150\/\" \/>\n<meta property=\"og:locale\" content=\"de_DE\" \/>\n<meta property=\"og:type\" content=\"article\" \/>\n<meta property=\"og:title\" content=\"M\u00f2rell Schaumwein Brut Metodo Classico Magnum LT 1,50 - Azienda Agraria Claudio Morelli\" \/>\n<meta property=\"og:description\" content=\"Magnum Lt 1,5 Sensorische Analyse: Strohgelbe Farbe, brillant und leuchtend mit feiner und anhaltender Perlage. Leicht zitrusartige, mineralische Nase nach Zitrone, duftende, blumige Ankl\u00e4nge von Wei\u00dfdorn, Linde und Maigl\u00f6ckchen, fruchtige Noten von Birne, Ananas, Kr\u00e4utern, Brotkruste und Puderzucker. Der Geschmack ist trocken, w\u00fcrzig und cremig, ausgewogen zwischen Frische und Weichheit, mit guter Persistenz und einem mineralischen Abgang. TRAUBENSORTE: Biancame (Bianchello ) ERZEUGUNGSGEBIET: Ortschaft Fano BODENTYP: Mittlere Textur ANBAUSYSTEM: Einfacher Guyot EXPOSITION: S\u00fcdwesten ERNTE: 2015 EIGENSCHAFTEN BIANCHELLO BASIS Alkoholgehalt 10.00%. Gesamts\u00e4uregehalt 7,20 Gr\/Lt. EIGENSCHAFTEN DES SEKTS:  PRESSUNG DES SPRITZENWEINS: Mai 2016 REIFUNGSJAHR: Juli 2019 VERBLEIB AUF DER HEFE: 36 MONATE ALKOHOLGEHALT: 12,5% VOL. GESAMTS\u00c4UREGEHALT: 6,89 GR\/L RESTZUCKER: 0,7 GR\/L  &nbsp;\" \/>\n<meta property=\"og:url\" content=\"https:\/\/www.claudiomorelli.it\/prodotto\/morell-schaumwein-brut-metodo-classico-magnum-lt-150\/\" \/>\n<meta property=\"og:site_name\" content=\"Azienda Agraria Claudio Morelli\" \/>\n<meta property=\"article:publisher\" content=\"https:\/\/www.facebook.com\/MorelliVini\/\" \/>\n<meta name=\"twitter:card\" content=\"summary_large_image\" \/>\n<script type=\"application\/ld+json\" class=\"yoast-schema-graph\">{\"@context\":\"https:\/\/schema.org\",\"@graph\":[{\"@type\":\"WebPage\",\"@id\":\"https:\/\/www.claudiomorelli.it\/prodotto\/morell-schaumwein-brut-metodo-classico-magnum-lt-150\/\",\"url\":\"https:\/\/www.claudiomorelli.it\/prodotto\/morell-schaumwein-brut-metodo-classico-magnum-lt-150\/\",\"name\":\"M\u00f2rell Schaumwein Brut Metodo Classico Magnum LT 1,50 - Azienda Agraria Claudio Morelli\",\"isPartOf\":{\"@id\":\"https:\/\/www.claudiomorelli.it\/#website\"},\"primaryImageOfPage\":{\"@id\":\"https:\/\/www.claudiomorelli.it\/prodotto\/morell-schaumwein-brut-metodo-classico-magnum-lt-150\/#primaryimage\"},\"image\":{\"@id\":\"https:\/\/www.claudiomorelli.it\/prodotto\/morell-schaumwein-brut-metodo-classico-magnum-lt-150\/#primaryimage\"},\"thumbnailUrl\":\"https:\/\/www.claudiomorelli.it\/wp-content\/uploads\/2024\/04\/Morell-ok2.jpg\",\"datePublished\":\"2024-04-27T16:15:37+00:00\",\"dateModified\":\"2024-04-27T16:15:37+00:00\",\"breadcrumb\":{\"@id\":\"https:\/\/www.claudiomorelli.it\/prodotto\/morell-schaumwein-brut-metodo-classico-magnum-lt-150\/#breadcrumb\"},\"inLanguage\":\"de\",\"potentialAction\":[{\"@type\":\"ReadAction\",\"target\":[\"https:\/\/www.claudiomorelli.it\/prodotto\/morell-schaumwein-brut-metodo-classico-magnum-lt-150\/\"]}]},{\"@type\":\"ImageObject\",\"inLanguage\":\"de\",\"@id\":\"https:\/\/www.claudiomorelli.it\/prodotto\/morell-schaumwein-brut-metodo-classico-magnum-lt-150\/#primaryimage\",\"url\":\"https:\/\/www.claudiomorelli.it\/wp-content\/uploads\/2024\/04\/Morell-ok2.jpg\",\"contentUrl\":\"https:\/\/www.claudiomorelli.it\/wp-content\/uploads\/2024\/04\/Morell-ok2.jpg\",\"width\":984,\"height\":984},{\"@type\":\"BreadcrumbList\",\"@id\":\"https:\/\/www.claudiomorelli.it\/prodotto\/morell-schaumwein-brut-metodo-classico-magnum-lt-150\/#breadcrumb\",\"itemListElement\":[{\"@type\":\"ListItem\",\"position\":1,\"name\":\"Home\",\"item\":\"https:\/\/www.claudiomorelli.it\/de\/\"},{\"@type\":\"ListItem\",\"position\":2,\"name\":\"Shop\",\"item\":\"https:\/\/www.claudiomorelli.it\/de\/shop\/\"},{\"@type\":\"ListItem\",\"position\":3,\"name\":\"M\u00f2rell Schaumwein Brut Metodo Classico Magnum LT 1,50\"}]},{\"@type\":\"WebSite\",\"@id\":\"https:\/\/www.claudiomorelli.it\/#website\",\"url\":\"https:\/\/www.claudiomorelli.it\/\",\"name\":\"Azienda Agraria Claudio Morelli\",\"description\":\"Vini tipici Marchigiani\",\"publisher\":{\"@id\":\"https:\/\/www.claudiomorelli.it\/#organization\"},\"potentialAction\":[{\"@type\":\"SearchAction\",\"target\":{\"@type\":\"EntryPoint\",\"urlTemplate\":\"https:\/\/www.claudiomorelli.it\/?s={search_term_string}\"},\"query-input\":\"required name=search_term_string\"}],\"inLanguage\":\"de\"},{\"@type\":\"Organization\",\"@id\":\"https:\/\/www.claudiomorelli.it\/#organization\",\"name\":\"Azienda Agraria Claudio Morelli\",\"url\":\"https:\/\/www.claudiomorelli.it\/\",\"logo\":{\"@type\":\"ImageObject\",\"inLanguage\":\"de\",\"@id\":\"https:\/\/www.claudiomorelli.it\/#\/schema\/logo\/image\/\",\"url\":\"https:\/\/www.claudiomorelli.it\/wp-content\/uploads\/2024\/05\/LOGO-AZIENDALE-DEFINITIVO.png\",\"contentUrl\":\"https:\/\/www.claudiomorelli.it\/wp-content\/uploads\/2024\/05\/LOGO-AZIENDALE-DEFINITIVO.png\",\"width\":2018,\"height\":791,\"caption\":\"Azienda Agraria Claudio Morelli\"},\"image\":{\"@id\":\"https:\/\/www.claudiomorelli.it\/#\/schema\/logo\/image\/\"},\"sameAs\":[\"https:\/\/www.facebook.com\/MorelliVini\/\"]}]}<\/script>\n<!-- \/ Yoast SEO plugin. -->","yoast_head_json":{"title":"M\u00f2rell Schaumwein Brut Metodo Classico Magnum LT 1,50 - Azienda Agraria Claudio Morelli","robots":{"index":"index","follow":"follow","max-snippet":"max-snippet:-1","max-image-preview":"max-image-preview:large","max-video-preview":"max-video-preview:-1"},"canonical":"https:\/\/www.claudiomorelli.it\/prodotto\/morell-schaumwein-brut-metodo-classico-magnum-lt-150\/","og_locale":"de_DE","og_type":"article","og_title":"M\u00f2rell Schaumwein Brut Metodo Classico Magnum LT 1,50 - Azienda Agraria Claudio Morelli","og_description":"Magnum Lt 1,5 Sensorische Analyse: Strohgelbe Farbe, brillant und leuchtend mit feiner und anhaltender Perlage. Leicht zitrusartige, mineralische Nase nach Zitrone, duftende, blumige Ankl\u00e4nge von Wei\u00dfdorn, Linde und Maigl\u00f6ckchen, fruchtige Noten von Birne, Ananas, Kr\u00e4utern, Brotkruste und Puderzucker. Der Geschmack ist trocken, w\u00fcrzig und cremig, ausgewogen zwischen Frische und Weichheit, mit guter Persistenz und einem mineralischen Abgang. TRAUBENSORTE: Biancame (Bianchello ) ERZEUGUNGSGEBIET: Ortschaft Fano BODENTYP: Mittlere Textur ANBAUSYSTEM: Einfacher Guyot EXPOSITION: S\u00fcdwesten ERNTE: 2015 EIGENSCHAFTEN BIANCHELLO BASIS Alkoholgehalt 10.00%. Gesamts\u00e4uregehalt 7,20 Gr\/Lt. EIGENSCHAFTEN DES SEKTS:  PRESSUNG DES SPRITZENWEINS: Mai 2016 REIFUNGSJAHR: Juli 2019 VERBLEIB AUF DER HEFE: 36 MONATE ALKOHOLGEHALT: 12,5% VOL. GESAMTS\u00c4UREGEHALT: 6,89 GR\/L RESTZUCKER: 0,7 GR\/L  &nbsp;","og_url":"https:\/\/www.claudiomorelli.it\/prodotto\/morell-schaumwein-brut-metodo-classico-magnum-lt-150\/","og_site_name":"Azienda Agraria Claudio Morelli","article_publisher":"https:\/\/www.facebook.com\/MorelliVini\/","twitter_card":"summary_large_image","schema":{"@context":"https:\/\/schema.org","@graph":[{"@type":"WebPage","@id":"https:\/\/www.claudiomorelli.it\/prodotto\/morell-schaumwein-brut-metodo-classico-magnum-lt-150\/","url":"https:\/\/www.claudiomorelli.it\/prodotto\/morell-schaumwein-brut-metodo-classico-magnum-lt-150\/","name":"M\u00f2rell Schaumwein Brut Metodo Classico Magnum LT 1,50 - Azienda Agraria Claudio Morelli","isPartOf":{"@id":"https:\/\/www.claudiomorelli.it\/#website"},"primaryImageOfPage":{"@id":"https:\/\/www.claudiomorelli.it\/prodotto\/morell-schaumwein-brut-metodo-classico-magnum-lt-150\/#primaryimage"},"image":{"@id":"https:\/\/www.claudiomorelli.it\/prodotto\/morell-schaumwein-brut-metodo-classico-magnum-lt-150\/#primaryimage"},"thumbnailUrl":"https:\/\/www.claudiomorelli.it\/wp-content\/uploads\/2024\/04\/Morell-ok2.jpg","datePublished":"2024-04-27T16:15:37+00:00","dateModified":"2024-04-27T16:15:37+00:00","breadcrumb":{"@id":"https:\/\/www.claudiomorelli.it\/prodotto\/morell-schaumwein-brut-metodo-classico-magnum-lt-150\/#breadcrumb"},"inLanguage":"de","potentialAction":[{"@type":"ReadAction","target":["https:\/\/www.claudiomorelli.it\/prodotto\/morell-schaumwein-brut-metodo-classico-magnum-lt-150\/"]}]},{"@type":"ImageObject","inLanguage":"de","@id":"https:\/\/www.claudiomorelli.it\/prodotto\/morell-schaumwein-brut-metodo-classico-magnum-lt-150\/#primaryimage","url":"https:\/\/www.claudiomorelli.it\/wp-content\/uploads\/2024\/04\/Morell-ok2.jpg","contentUrl":"https:\/\/www.claudiomorelli.it\/wp-content\/uploads\/2024\/04\/Morell-ok2.jpg","width":984,"height":984},{"@type":"BreadcrumbList","@id":"https:\/\/www.claudiomorelli.it\/prodotto\/morell-schaumwein-brut-metodo-classico-magnum-lt-150\/#breadcrumb","itemListElement":[{"@type":"ListItem","position":1,"name":"Home","item":"https:\/\/www.claudiomorelli.it\/de\/"},{"@type":"ListItem","position":2,"name":"Shop","item":"https:\/\/www.claudiomorelli.it\/de\/shop\/"},{"@type":"ListItem","position":3,"name":"M\u00f2rell Schaumwein Brut Metodo Classico Magnum LT 1,50"}]},{"@type":"WebSite","@id":"https:\/\/www.claudiomorelli.it\/#website","url":"https:\/\/www.claudiomorelli.it\/","name":"Azienda Agraria Claudio Morelli","description":"Vini tipici Marchigiani","publisher":{"@id":"https:\/\/www.claudiomorelli.it\/#organization"},"potentialAction":[{"@type":"SearchAction","target":{"@type":"EntryPoint","urlTemplate":"https:\/\/www.claudiomorelli.it\/?s={search_term_string}"},"query-input":"required name=search_term_string"}],"inLanguage":"de"},{"@type":"Organization","@id":"https:\/\/www.claudiomorelli.it\/#organization","name":"Azienda Agraria Claudio Morelli","url":"https:\/\/www.claudiomorelli.it\/","logo":{"@type":"ImageObject","inLanguage":"de","@id":"https:\/\/www.claudiomorelli.it\/#\/schema\/logo\/image\/","url":"https:\/\/www.claudiomorelli.it\/wp-content\/uploads\/2024\/05\/LOGO-AZIENDALE-DEFINITIVO.png","contentUrl":"https:\/\/www.claudiomorelli.it\/wp-content\/uploads\/2024\/05\/LOGO-AZIENDALE-DEFINITIVO.png","width":2018,"height":791,"caption":"Azienda Agraria Claudio Morelli"},"image":{"@id":"https:\/\/www.claudiomorelli.it\/#\/schema\/logo\/image\/"},"sameAs":["https:\/\/www.facebook.com\/MorelliVini\/"]}]}},"_links":{"self":[{"href":"https:\/\/www.claudiomorelli.it\/de\/wp-json\/wp\/v2\/product\/2206","targetHints":{"allow":["GET"]}}],"collection":[{"href":"https:\/\/www.claudiomorelli.it\/de\/wp-json\/wp\/v2\/product"}],"about":[{"href":"https:\/\/www.claudiomorelli.it\/de\/wp-json\/wp\/v2\/types\/product"}],"replies":[{"embeddable":true,"href":"https:\/\/www.claudiomorelli.it\/de\/wp-json\/wp\/v2\/comments?post=2206"}],"wp:featuredmedia":[{"embeddable":true,"href":"https:\/\/www.claudiomorelli.it\/de\/wp-json\/wp\/v2\/media\/1811"}],"wp:attachment":[{"href":"https:\/\/www.claudiomorelli.it\/de\/wp-json\/wp\/v2\/media?parent=2206"}],"wp:term":[{"taxonomy":"product_cat","embeddable":true,"href":"https:\/\/www.claudiomorelli.it\/de\/wp-json\/wp\/v2\/product_cat?post=2206"},{"taxonomy":"product_tag","embeddable":true,"href":"https:\/\/www.claudiomorelli.it\/de\/wp-json\/wp\/v2\/product_tag?post=2206"}],"curies":[{"name":"wp","href":"https:\/\/api.w.org\/{rel}","templated":true}]}}