{"id":2204,"date":"2024-04-29T18:15:37","date_gmt":"2024-04-29T16:15:37","guid":{"rendered":"https:\/\/www.claudiomorelli.it\/prodotto\/mogliano-marche-igt-rot\/"},"modified":"2025-06-05T16:40:51","modified_gmt":"2025-06-05T14:40:51","slug":"mogliano-marche-igt-rot","status":"publish","type":"product","link":"https:\/\/www.claudiomorelli.it\/de\/prodotto\/mogliano-marche-igt-rot\/","title":{"rendered":"Mogliano Marche IGT Rot"},"content":{"rendered":"<p><a href=\"\/?p=280\">https:\/\/www.claudiomorelli.it\/vino\/mogliano-marche-i-g-t-rosso\/<\/a><\/p>\n<p><strong>TRAUBEN: Typische lokale Trauben<\/strong><\/p>\n<p><strong>ERZEUGUNGSGEBIET:<\/strong> Verschiedene Gebiete von Fano<\/p>\n<p><strong>BODENTYP:<\/strong> Sandiger Tuffsteinboden mittlerer Textur<\/p>\n<p><strong>ANBAUSYSTEM:<\/strong> Sprossen-Kordon\/Simple Guyot<\/p>\n<p><strong>EXPOSURE:<\/strong> S\u00fcd-Ost\/S\u00fcd-West<\/p>\n<p><strong>ERTRAG PRO HEKTAR:<\/strong> 5-6 TONNEN<\/p>\n<p><strong>VINIFIKATION:<\/strong> Lange Mazeration der Schalen 15-20 Tage<\/p>\n<p><strong>WEINAUSBAU IM KELLER:<\/strong> Barriques f\u00fcr 12-15 Monate<\/p>\n<p><strong>FLASCHENREIFUNG:<\/strong> 6-8 Monate<\/p>\n<p><strong>ALKOHOLGEHALT: <\/strong> 14,0 % VOL.<\/p>\n<p><strong>GESAMTS\u00c4URE:<\/strong> 5,90 Gr\/L<\/p>\n<p>&nbsp;<\/p>\n<p><strong>Entsorgung der Flaschenbestandteile:<\/strong><\/p>\n<p>GL 71 Glas: Glassammlung<\/p>\n<p>FOR 51 Kork: unsortierte Sammlung<\/p>\n<p>C\/ALU 90 Polylaminatkapseln: Metallsammlung<\/p>\n<p>PAP 20 Kartonverpackung: Sammlung von Karton\/Papier<\/p>\n","protected":false},"excerpt":{"rendered":"<p><strong>Gr\u00f6\u00dfe Magnum Lt 1,5<\/strong><\/p>\n<p>Die H\u00fcgel von Pesaro im Norden der Region Marken sind ein Gebiet reich an alter Geschichte, Tradition und Erinnerungen, die mit ber\u00fchmten Familien wie den Da Montefeltro, Malatesta, Sforza und Della Rovere verbunden sind.<\/p>\n<p>Auf den H\u00fcgeln dieser Gegend, die aus Sand, Tuffstein und Lehm bestehen, befinden sich Weinberge, die zwischen bewirtschafteten Feldern und bewaldeten Gebieten eingebettet sind, wo die Fr\u00fchlingsbl\u00fcte der Pflanzen dieses Gebiet positiv beeinflusst.<\/p>\n<p>Die Rebe nimmt die Essenz dieses \u2018Terroirs\u2019 auf und reichert die Trauben mit Substanzen an, die dem Wein seine starke Pers\u00f6nlichkeit verleihen.<\/p>\n<p>Von diesen H\u00fcgeln stammt der:<\/p>\n<p><strong>MOGLIANO 2015<\/strong><\/p>\n<p><strong>Marken IGT Rot<\/strong><\/p>\n<p>Trauben von mehreren Weinbergen, die auf den H\u00fcgeln in Meeresn\u00e4he liegen (Ort S.Andrea, Ort Roncosambaccio). Diese N\u00e4he beeinflusst die Weinberge mit ihrem Mikroklima. Die B\u00f6den mit leichten Unterschieden in der Struktur (tuffhaltig, sandig und von mittlerer Textur) und das leicht unterschiedliche Klima aufgrund der verschiedenen Expositionen verleihen diesem Wein aromatische Komplexit\u00e4t.<\/p>\n<p><strong>Sensorische Analyse:<\/strong><\/p>\n<p>Klare rubinrote Farbe mit granatroten Reflexen.<\/p>\n<p>In der Nase zun\u00e4chst fruchtige Noten von Kirschen, Himbeeren und Sauerkirschen in Alkohol und Marmelade, blumige Noten von Veilchen und Pfingstrose, dann w\u00fcrzige Noten von Muskatnuss und schwarzem Pfeffer.<\/p>\n<p>Am Gaumen ist er sofort einh\u00fcllend und weich, w\u00fcrzig, mit gut entwickelten Tanninen, kraftvoll, aber samtig. Der Abgang hat eine gute aromatische Persistenz, die an Noten von reifen roten Fr\u00fcchten erinnert. Ein strukturierter Wein, bei dem sich Alkohol, S\u00e4ure und Tannine die Waage halten, was ihn intensiv und vollmundig, aber auch angenehm und nicht erm\u00fcdend trinkbar macht.<\/p>\n","protected":false},"featured_media":1805,"comment_status":"open","ping_status":"closed","template":"","meta":{"_et_pb_use_builder":"","_et_pb_old_content":"","_et_gb_content_width":""},"product_cat":[314],"product_tag":[],"class_list":{"0":"post-2204","1":"product","2":"type-product","3":"status-publish","4":"has-post-thumbnail","6":"product_cat-rotwein","8":"first","9":"instock","10":"shipping-taxable","11":"purchasable","12":"product-type-simple"},"yoast_head":"<!-- This site is optimized with the Yoast SEO plugin v22.9 - https:\/\/yoast.com\/wordpress\/plugins\/seo\/ -->\n<title>Mogliano Marche IGT Rot - Azienda Agraria Claudio Morelli<\/title>\n<meta name=\"robots\" content=\"index, follow, max-snippet:-1, max-image-preview:large, max-video-preview:-1\" \/>\n<link rel=\"canonical\" href=\"https:\/\/www.claudiomorelli.it\/prodotto\/mogliano-marche-igt-rot\/\" \/>\n<meta property=\"og:locale\" content=\"de_DE\" \/>\n<meta property=\"og:type\" content=\"article\" \/>\n<meta property=\"og:title\" content=\"Mogliano Marche IGT Rot - Azienda Agraria Claudio Morelli\" \/>\n<meta property=\"og:description\" content=\"Gr\u00f6\u00dfe Magnum Lt 1,5 Die H\u00fcgel von Pesaro im Norden der Region Marken sind ein Gebiet reich an alter Geschichte, Tradition und Erinnerungen, die mit ber\u00fchmten Familien wie den Da Montefeltro, Malatesta, Sforza und Della Rovere verbunden sind. Auf den H\u00fcgeln dieser Gegend, die aus Sand, Tuffstein und Lehm bestehen, befinden sich Weinberge, die zwischen bewirtschafteten Feldern und bewaldeten Gebieten eingebettet sind, wo die Fr\u00fchlingsbl\u00fcte der Pflanzen dieses Gebiet positiv beeinflusst. Die Rebe nimmt die Essenz dieses \u2018Terroirs\u2019 auf und reichert die Trauben mit Substanzen an, die dem Wein seine starke Pers\u00f6nlichkeit verleihen. Von diesen H\u00fcgeln stammt der: MOGLIANO 2015 Marken IGT Rot Trauben von mehreren Weinbergen, die auf den H\u00fcgeln in Meeresn\u00e4he liegen (Ort S.Andrea, Ort Roncosambaccio). Diese N\u00e4he beeinflusst die Weinberge mit ihrem Mikroklima. Die B\u00f6den mit leichten Unterschieden in der Struktur (tuffhaltig, sandig und von mittlerer Textur) und das leicht unterschiedliche Klima aufgrund der verschiedenen Expositionen verleihen diesem Wein aromatische Komplexit\u00e4t. Sensorische Analyse: Klare rubinrote Farbe mit granatroten Reflexen. In der Nase zun\u00e4chst fruchtige Noten von Kirschen, Himbeeren und Sauerkirschen in Alkohol und Marmelade, blumige Noten von Veilchen und Pfingstrose, dann w\u00fcrzige Noten von Muskatnuss und schwarzem Pfeffer. Am Gaumen ist er sofort einh\u00fcllend und weich, w\u00fcrzig, mit gut entwickelten Tanninen, kraftvoll, aber samtig. Der Abgang hat eine gute aromatische Persistenz, die an Noten von reifen roten Fr\u00fcchten erinnert. Ein strukturierter Wein, bei dem sich Alkohol, S\u00e4ure und Tannine die Waage halten, was ihn intensiv und vollmundig, aber auch angenehm und nicht erm\u00fcdend trinkbar macht.\" \/>\n<meta property=\"og:url\" content=\"https:\/\/www.claudiomorelli.it\/prodotto\/mogliano-marche-igt-rot\/\" \/>\n<meta property=\"og:site_name\" content=\"Azienda Agraria Claudio Morelli\" \/>\n<meta property=\"article:publisher\" content=\"https:\/\/www.facebook.com\/MorelliVini\/\" \/>\n<meta property=\"article:modified_time\" content=\"2025-06-05T14:40:51+00:00\" \/>\n<meta name=\"twitter:card\" content=\"summary_large_image\" \/>\n<script type=\"application\/ld+json\" class=\"yoast-schema-graph\">{\"@context\":\"https:\/\/schema.org\",\"@graph\":[{\"@type\":\"WebPage\",\"@id\":\"https:\/\/www.claudiomorelli.it\/prodotto\/mogliano-marche-igt-rot\/\",\"url\":\"https:\/\/www.claudiomorelli.it\/prodotto\/mogliano-marche-igt-rot\/\",\"name\":\"Mogliano Marche IGT Rot - Azienda Agraria Claudio Morelli\",\"isPartOf\":{\"@id\":\"https:\/\/www.claudiomorelli.it\/#website\"},\"primaryImageOfPage\":{\"@id\":\"https:\/\/www.claudiomorelli.it\/prodotto\/mogliano-marche-igt-rot\/#primaryimage\"},\"image\":{\"@id\":\"https:\/\/www.claudiomorelli.it\/prodotto\/mogliano-marche-igt-rot\/#primaryimage\"},\"thumbnailUrl\":\"https:\/\/www.claudiomorelli.it\/wp-content\/uploads\/2024\/04\/Mogliano-etichetta-virtuale-Medium-1-scaled-12.jpg\",\"datePublished\":\"2024-04-29T16:15:37+00:00\",\"dateModified\":\"2025-06-05T14:40:51+00:00\",\"breadcrumb\":{\"@id\":\"https:\/\/www.claudiomorelli.it\/prodotto\/mogliano-marche-igt-rot\/#breadcrumb\"},\"inLanguage\":\"de\",\"potentialAction\":[{\"@type\":\"ReadAction\",\"target\":[\"https:\/\/www.claudiomorelli.it\/prodotto\/mogliano-marche-igt-rot\/\"]}]},{\"@type\":\"ImageObject\",\"inLanguage\":\"de\",\"@id\":\"https:\/\/www.claudiomorelli.it\/prodotto\/mogliano-marche-igt-rot\/#primaryimage\",\"url\":\"https:\/\/www.claudiomorelli.it\/wp-content\/uploads\/2024\/04\/Mogliano-etichetta-virtuale-Medium-1-scaled-12.jpg\",\"contentUrl\":\"https:\/\/www.claudiomorelli.it\/wp-content\/uploads\/2024\/04\/Mogliano-etichetta-virtuale-Medium-1-scaled-12.jpg\",\"width\":2560,\"height\":2560},{\"@type\":\"BreadcrumbList\",\"@id\":\"https:\/\/www.claudiomorelli.it\/prodotto\/mogliano-marche-igt-rot\/#breadcrumb\",\"itemListElement\":[{\"@type\":\"ListItem\",\"position\":1,\"name\":\"Home\",\"item\":\"https:\/\/www.claudiomorelli.it\/de\/\"},{\"@type\":\"ListItem\",\"position\":2,\"name\":\"Shop\",\"item\":\"https:\/\/www.claudiomorelli.it\/de\/shop\/\"},{\"@type\":\"ListItem\",\"position\":3,\"name\":\"Mogliano Marche IGT Rot\"}]},{\"@type\":\"WebSite\",\"@id\":\"https:\/\/www.claudiomorelli.it\/#website\",\"url\":\"https:\/\/www.claudiomorelli.it\/\",\"name\":\"Azienda Agraria Claudio Morelli\",\"description\":\"Vini tipici Marchigiani\",\"publisher\":{\"@id\":\"https:\/\/www.claudiomorelli.it\/#organization\"},\"potentialAction\":[{\"@type\":\"SearchAction\",\"target\":{\"@type\":\"EntryPoint\",\"urlTemplate\":\"https:\/\/www.claudiomorelli.it\/?s={search_term_string}\"},\"query-input\":\"required name=search_term_string\"}],\"inLanguage\":\"de\"},{\"@type\":\"Organization\",\"@id\":\"https:\/\/www.claudiomorelli.it\/#organization\",\"name\":\"Azienda Agraria Claudio Morelli\",\"url\":\"https:\/\/www.claudiomorelli.it\/\",\"logo\":{\"@type\":\"ImageObject\",\"inLanguage\":\"de\",\"@id\":\"https:\/\/www.claudiomorelli.it\/#\/schema\/logo\/image\/\",\"url\":\"https:\/\/www.claudiomorelli.it\/wp-content\/uploads\/2024\/05\/LOGO-AZIENDALE-DEFINITIVO.png\",\"contentUrl\":\"https:\/\/www.claudiomorelli.it\/wp-content\/uploads\/2024\/05\/LOGO-AZIENDALE-DEFINITIVO.png\",\"width\":2018,\"height\":791,\"caption\":\"Azienda Agraria Claudio Morelli\"},\"image\":{\"@id\":\"https:\/\/www.claudiomorelli.it\/#\/schema\/logo\/image\/\"},\"sameAs\":[\"https:\/\/www.facebook.com\/MorelliVini\/\"]}]}<\/script>\n<!-- \/ Yoast SEO plugin. -->","yoast_head_json":{"title":"Mogliano Marche IGT Rot - Azienda Agraria Claudio Morelli","robots":{"index":"index","follow":"follow","max-snippet":"max-snippet:-1","max-image-preview":"max-image-preview:large","max-video-preview":"max-video-preview:-1"},"canonical":"https:\/\/www.claudiomorelli.it\/prodotto\/mogliano-marche-igt-rot\/","og_locale":"de_DE","og_type":"article","og_title":"Mogliano Marche IGT Rot - Azienda Agraria Claudio Morelli","og_description":"Gr\u00f6\u00dfe Magnum Lt 1,5 Die H\u00fcgel von Pesaro im Norden der Region Marken sind ein Gebiet reich an alter Geschichte, Tradition und Erinnerungen, die mit ber\u00fchmten Familien wie den Da Montefeltro, Malatesta, Sforza und Della Rovere verbunden sind. Auf den H\u00fcgeln dieser Gegend, die aus Sand, Tuffstein und Lehm bestehen, befinden sich Weinberge, die zwischen bewirtschafteten Feldern und bewaldeten Gebieten eingebettet sind, wo die Fr\u00fchlingsbl\u00fcte der Pflanzen dieses Gebiet positiv beeinflusst. Die Rebe nimmt die Essenz dieses \u2018Terroirs\u2019 auf und reichert die Trauben mit Substanzen an, die dem Wein seine starke Pers\u00f6nlichkeit verleihen. Von diesen H\u00fcgeln stammt der: MOGLIANO 2015 Marken IGT Rot Trauben von mehreren Weinbergen, die auf den H\u00fcgeln in Meeresn\u00e4he liegen (Ort S.Andrea, Ort Roncosambaccio). Diese N\u00e4he beeinflusst die Weinberge mit ihrem Mikroklima. Die B\u00f6den mit leichten Unterschieden in der Struktur (tuffhaltig, sandig und von mittlerer Textur) und das leicht unterschiedliche Klima aufgrund der verschiedenen Expositionen verleihen diesem Wein aromatische Komplexit\u00e4t. Sensorische Analyse: Klare rubinrote Farbe mit granatroten Reflexen. In der Nase zun\u00e4chst fruchtige Noten von Kirschen, Himbeeren und Sauerkirschen in Alkohol und Marmelade, blumige Noten von Veilchen und Pfingstrose, dann w\u00fcrzige Noten von Muskatnuss und schwarzem Pfeffer. Am Gaumen ist er sofort einh\u00fcllend und weich, w\u00fcrzig, mit gut entwickelten Tanninen, kraftvoll, aber samtig. Der Abgang hat eine gute aromatische Persistenz, die an Noten von reifen roten Fr\u00fcchten erinnert. Ein strukturierter Wein, bei dem sich Alkohol, S\u00e4ure und Tannine die Waage halten, was ihn intensiv und vollmundig, aber auch angenehm und nicht erm\u00fcdend trinkbar macht.","og_url":"https:\/\/www.claudiomorelli.it\/prodotto\/mogliano-marche-igt-rot\/","og_site_name":"Azienda Agraria Claudio Morelli","article_publisher":"https:\/\/www.facebook.com\/MorelliVini\/","article_modified_time":"2025-06-05T14:40:51+00:00","twitter_card":"summary_large_image","schema":{"@context":"https:\/\/schema.org","@graph":[{"@type":"WebPage","@id":"https:\/\/www.claudiomorelli.it\/prodotto\/mogliano-marche-igt-rot\/","url":"https:\/\/www.claudiomorelli.it\/prodotto\/mogliano-marche-igt-rot\/","name":"Mogliano Marche IGT Rot - Azienda Agraria Claudio Morelli","isPartOf":{"@id":"https:\/\/www.claudiomorelli.it\/#website"},"primaryImageOfPage":{"@id":"https:\/\/www.claudiomorelli.it\/prodotto\/mogliano-marche-igt-rot\/#primaryimage"},"image":{"@id":"https:\/\/www.claudiomorelli.it\/prodotto\/mogliano-marche-igt-rot\/#primaryimage"},"thumbnailUrl":"https:\/\/www.claudiomorelli.it\/wp-content\/uploads\/2024\/04\/Mogliano-etichetta-virtuale-Medium-1-scaled-12.jpg","datePublished":"2024-04-29T16:15:37+00:00","dateModified":"2025-06-05T14:40:51+00:00","breadcrumb":{"@id":"https:\/\/www.claudiomorelli.it\/prodotto\/mogliano-marche-igt-rot\/#breadcrumb"},"inLanguage":"de","potentialAction":[{"@type":"ReadAction","target":["https:\/\/www.claudiomorelli.it\/prodotto\/mogliano-marche-igt-rot\/"]}]},{"@type":"ImageObject","inLanguage":"de","@id":"https:\/\/www.claudiomorelli.it\/prodotto\/mogliano-marche-igt-rot\/#primaryimage","url":"https:\/\/www.claudiomorelli.it\/wp-content\/uploads\/2024\/04\/Mogliano-etichetta-virtuale-Medium-1-scaled-12.jpg","contentUrl":"https:\/\/www.claudiomorelli.it\/wp-content\/uploads\/2024\/04\/Mogliano-etichetta-virtuale-Medium-1-scaled-12.jpg","width":2560,"height":2560},{"@type":"BreadcrumbList","@id":"https:\/\/www.claudiomorelli.it\/prodotto\/mogliano-marche-igt-rot\/#breadcrumb","itemListElement":[{"@type":"ListItem","position":1,"name":"Home","item":"https:\/\/www.claudiomorelli.it\/de\/"},{"@type":"ListItem","position":2,"name":"Shop","item":"https:\/\/www.claudiomorelli.it\/de\/shop\/"},{"@type":"ListItem","position":3,"name":"Mogliano Marche IGT Rot"}]},{"@type":"WebSite","@id":"https:\/\/www.claudiomorelli.it\/#website","url":"https:\/\/www.claudiomorelli.it\/","name":"Azienda Agraria Claudio Morelli","description":"Vini tipici Marchigiani","publisher":{"@id":"https:\/\/www.claudiomorelli.it\/#organization"},"potentialAction":[{"@type":"SearchAction","target":{"@type":"EntryPoint","urlTemplate":"https:\/\/www.claudiomorelli.it\/?s={search_term_string}"},"query-input":"required name=search_term_string"}],"inLanguage":"de"},{"@type":"Organization","@id":"https:\/\/www.claudiomorelli.it\/#organization","name":"Azienda Agraria Claudio Morelli","url":"https:\/\/www.claudiomorelli.it\/","logo":{"@type":"ImageObject","inLanguage":"de","@id":"https:\/\/www.claudiomorelli.it\/#\/schema\/logo\/image\/","url":"https:\/\/www.claudiomorelli.it\/wp-content\/uploads\/2024\/05\/LOGO-AZIENDALE-DEFINITIVO.png","contentUrl":"https:\/\/www.claudiomorelli.it\/wp-content\/uploads\/2024\/05\/LOGO-AZIENDALE-DEFINITIVO.png","width":2018,"height":791,"caption":"Azienda Agraria Claudio Morelli"},"image":{"@id":"https:\/\/www.claudiomorelli.it\/#\/schema\/logo\/image\/"},"sameAs":["https:\/\/www.facebook.com\/MorelliVini\/"]}]}},"_links":{"self":[{"href":"https:\/\/www.claudiomorelli.it\/de\/wp-json\/wp\/v2\/product\/2204","targetHints":{"allow":["GET"]}}],"collection":[{"href":"https:\/\/www.claudiomorelli.it\/de\/wp-json\/wp\/v2\/product"}],"about":[{"href":"https:\/\/www.claudiomorelli.it\/de\/wp-json\/wp\/v2\/types\/product"}],"replies":[{"embeddable":true,"href":"https:\/\/www.claudiomorelli.it\/de\/wp-json\/wp\/v2\/comments?post=2204"}],"wp:featuredmedia":[{"embeddable":true,"href":"https:\/\/www.claudiomorelli.it\/de\/wp-json\/wp\/v2\/media\/1805"}],"wp:attachment":[{"href":"https:\/\/www.claudiomorelli.it\/de\/wp-json\/wp\/v2\/media?parent=2204"}],"wp:term":[{"taxonomy":"product_cat","embeddable":true,"href":"https:\/\/www.claudiomorelli.it\/de\/wp-json\/wp\/v2\/product_cat?post=2204"},{"taxonomy":"product_tag","embeddable":true,"href":"https:\/\/www.claudiomorelli.it\/de\/wp-json\/wp\/v2\/product_tag?post=2204"}],"curies":[{"name":"wp","href":"https:\/\/api.w.org\/{rel}","templated":true}]}}