{"id":2202,"date":"2024-04-29T18:15:37","date_gmt":"2024-04-29T16:15:37","guid":{"rendered":"https:\/\/www.claudiomorelli.it\/prodotto\/santandrea-in-villis-colli-pesaresi-sangiovese-riserva-magnum-lt-15\/"},"modified":"2024-04-29T18:15:37","modified_gmt":"2024-04-29T16:15:37","slug":"santandrea-in-villis-colli-pesaresi-sangiovese-riserva-magnum-lt-15","status":"publish","type":"product","link":"https:\/\/www.claudiomorelli.it\/de\/prodotto\/santandrea-in-villis-colli-pesaresi-sangiovese-riserva-magnum-lt-15\/","title":{"rendered":"Sant\u2019Andrea in Villis Colli Pesaresi Sangiovese Riserva Magnum LT 1,5"},"content":{"rendered":"<p><a href=\"\/?p=286\">https:\/\/www.claudiomorelli.it\/vino\/santandrea-in-villis-colli-pesaresi-sangiovese\/<\/a><\/p>\n<p><strong>TRAUBENSORTE:<\/strong> Sangiovese<\/p>\n<p><strong>ERZEUGUNGSGEBIET<\/strong>: Ort Sant\u2019Andrea in Villis<\/p>\n<p><strong>BODENTYP:<\/strong> Tuffstein, Sand, Schluff<\/p>\n<p><strong>ANBAUSYSTEM: <\/strong> Sprossenkordon<\/p>\n<p><strong>EXPOSURE:<\/strong> S\u00fcd-Ost<\/p>\n<p><strong>ERTRAG PRO HEKTAR:<\/strong> 4-6 TONNEN<\/p>\n<p><strong>WEINBEREITUNG:<\/strong> Mazeration der Schalen 10-15 Tage<\/p>\n<p><strong>WEINAUSBAU:<\/strong> Barriques f\u00fcr 12 Monate<\/p>\n<p><strong>FLASCHENREIFUNG:<\/strong> 6 Monate<\/p>\n<p><strong>ALKOHOLGEHALT: <\/strong> 14 % VOL.<\/p>\n<p><strong>GESAMTS\u00c4URE:<\/strong> 5,60 Gr\/L<\/p>\n<p>&nbsp;<\/p>\n<p>&nbsp;<\/p>\n<p><strong>Entsorgung der Flaschenbestandteile:<\/strong><\/p>\n<p>GL 71 Glas: Glassammlung<\/p>\n<p>FOR 51 Kork: unsortierte Sammlung<\/p>\n<p>C\/ALU 90 Polylaminatkapseln: Metallsammlung<\/p>\n<p>PAP 20 Kartonverpackung: Sammlung von Karton\/Papier<\/p>\n","protected":false},"excerpt":{"rendered":"<p><span style=\"color: #000000\"><strong>Gr\u00f6\u00dfe Magnum Lt 1,5<\/strong><\/span><\/p>\n<p>Die Pesaresi-H\u00fcgel in der n\u00f6rdlichen <span style=\"color: #000000\">Region Marken<\/span> sind ein Land reich an alter Geschichte, Tradition und Erinnerungen, die mit ber\u00fchmten Familien wie den Da Montefeltro, Malatesta, Sforza und Della Rovere verbunden sind.<\/p>\n<p>Auf den H\u00fcgeln dieser Gegend, die aus Sand, Tuffstein und Lehm bestehen, befinden sich Weinberge, die zwischen bewirtschafteten Feldern und bewaldeten Gebieten eingebettet sind, wo die Fr\u00fchlingsbl\u00fcte der Pflanzen dieses Gebiet positiv beeinflusst.<\/p>\n<p>Die Rebe nimmt die Essenz dieses \u2018Terroirs\u2019 auf und reichert die Trauben mit Substanzen an, die dem Wein seine starke Pers\u00f6nlichkeit verleihen.<\/p>\n<p>Von diesen H\u00fcgeln stammt der:<\/p>\n<p><strong>SANT\u2019ANDREA IN VILLIS 2015<\/strong><\/p>\n<p><strong>Colli Pesaresi Sangiovese Doc Riserva<\/strong><\/p>\n<p>Sant\u2019Andrea in Villis ist ein kleiner Weiler auf einem H\u00fcgel, an dessen sanft ins Tal abfallenden H\u00e4ngen sich der Weinberg befindet. Mit seiner s\u00fcd\u00f6stlichen Ausrichtung erh\u00e4lt er viel Sonnenlicht und der dar\u00fcber liegende Hang sch\u00fctzt ihn vor den heftigsten Wetterbedingungen, die aus dem Norden kommen. Der warme, feuchte Scirocco und der warme, trockene Libeccio, die den Weinberg umschmeicheln, sorgen f\u00fcr eine optimale Reifung der Sangiovese-Trauben.<\/p>\n<p><strong>Sensorische Analyse:<\/strong><\/p>\n<p>Auf den ersten Blick rubinrot mit granatroten Reflexen. Komplexe Nase mit Aromen von roten Fr\u00fcchten, Brombeeren, Johannisbeeren, Pflaumenmarmelade, Wacholder, dann Mineralit\u00e4t, die sich in Ankl\u00e4ngen von Humus, Unterholz und feuchter Erde ausdr\u00fcckt. Ger\u00f6stete Trockenfr\u00fcchte, Muskatnuss und Tabak. Der Geschmack ist weich, mit eleganten, nicht bitteren Tanninen, die, ausgeglichen durch einen guten Alkoholgehalt, diesen Wein harmonisch machen, mit einer langen aromatischen Persistenz und w\u00fcrzigen Noten.<\/p>\n","protected":false},"featured_media":1813,"comment_status":"open","ping_status":"closed","template":"","meta":{"_et_pb_use_builder":"","_et_pb_old_content":"","_et_gb_content_width":""},"product_cat":[314],"product_tag":[],"class_list":{"0":"post-2202","1":"product","2":"type-product","3":"status-publish","4":"has-post-thumbnail","6":"product_cat-rotwein","8":"first","9":"instock","10":"shipping-taxable","11":"purchasable","12":"product-type-simple"},"yoast_head":"<!-- This site is optimized with the Yoast SEO plugin v22.9 - https:\/\/yoast.com\/wordpress\/plugins\/seo\/ -->\n<title>Sant\u2019Andrea in Villis Colli Pesaresi Sangiovese Riserva Magnum LT 1,5 - Azienda Agraria Claudio Morelli<\/title>\n<meta name=\"robots\" content=\"index, follow, max-snippet:-1, max-image-preview:large, max-video-preview:-1\" \/>\n<link rel=\"canonical\" href=\"https:\/\/www.claudiomorelli.it\/prodotto\/santandrea-in-villis-colli-pesaresi-sangiovese-riserva-magnum-lt-15\/\" \/>\n<meta property=\"og:locale\" content=\"de_DE\" \/>\n<meta property=\"og:type\" content=\"article\" \/>\n<meta property=\"og:title\" content=\"Sant\u2019Andrea in Villis Colli Pesaresi Sangiovese Riserva Magnum LT 1,5 - Azienda Agraria Claudio Morelli\" \/>\n<meta property=\"og:description\" content=\"Gr\u00f6\u00dfe Magnum Lt 1,5 Die Pesaresi-H\u00fcgel in der n\u00f6rdlichen Region Marken sind ein Land reich an alter Geschichte, Tradition und Erinnerungen, die mit ber\u00fchmten Familien wie den Da Montefeltro, Malatesta, Sforza und Della Rovere verbunden sind. Auf den H\u00fcgeln dieser Gegend, die aus Sand, Tuffstein und Lehm bestehen, befinden sich Weinberge, die zwischen bewirtschafteten Feldern und bewaldeten Gebieten eingebettet sind, wo die Fr\u00fchlingsbl\u00fcte der Pflanzen dieses Gebiet positiv beeinflusst. Die Rebe nimmt die Essenz dieses \u2018Terroirs\u2019 auf und reichert die Trauben mit Substanzen an, die dem Wein seine starke Pers\u00f6nlichkeit verleihen. Von diesen H\u00fcgeln stammt der: SANT\u2019ANDREA IN VILLIS 2015 Colli Pesaresi Sangiovese Doc Riserva Sant\u2019Andrea in Villis ist ein kleiner Weiler auf einem H\u00fcgel, an dessen sanft ins Tal abfallenden H\u00e4ngen sich der Weinberg befindet. Mit seiner s\u00fcd\u00f6stlichen Ausrichtung erh\u00e4lt er viel Sonnenlicht und der dar\u00fcber liegende Hang sch\u00fctzt ihn vor den heftigsten Wetterbedingungen, die aus dem Norden kommen. Der warme, feuchte Scirocco und der warme, trockene Libeccio, die den Weinberg umschmeicheln, sorgen f\u00fcr eine optimale Reifung der Sangiovese-Trauben. Sensorische Analyse: Auf den ersten Blick rubinrot mit granatroten Reflexen. Komplexe Nase mit Aromen von roten Fr\u00fcchten, Brombeeren, Johannisbeeren, Pflaumenmarmelade, Wacholder, dann Mineralit\u00e4t, die sich in Ankl\u00e4ngen von Humus, Unterholz und feuchter Erde ausdr\u00fcckt. Ger\u00f6stete Trockenfr\u00fcchte, Muskatnuss und Tabak. Der Geschmack ist weich, mit eleganten, nicht bitteren Tanninen, die, ausgeglichen durch einen guten Alkoholgehalt, diesen Wein harmonisch machen, mit einer langen aromatischen Persistenz und w\u00fcrzigen Noten.\" \/>\n<meta property=\"og:url\" content=\"https:\/\/www.claudiomorelli.it\/prodotto\/santandrea-in-villis-colli-pesaresi-sangiovese-riserva-magnum-lt-15\/\" \/>\n<meta property=\"og:site_name\" content=\"Azienda Agraria Claudio Morelli\" \/>\n<meta property=\"article:publisher\" content=\"https:\/\/www.facebook.com\/MorelliVini\/\" \/>\n<meta name=\"twitter:card\" content=\"summary_large_image\" \/>\n<script type=\"application\/ld+json\" class=\"yoast-schema-graph\">{\"@context\":\"https:\/\/schema.org\",\"@graph\":[{\"@type\":\"WebPage\",\"@id\":\"https:\/\/www.claudiomorelli.it\/prodotto\/santandrea-in-villis-colli-pesaresi-sangiovese-riserva-magnum-lt-15\/\",\"url\":\"https:\/\/www.claudiomorelli.it\/prodotto\/santandrea-in-villis-colli-pesaresi-sangiovese-riserva-magnum-lt-15\/\",\"name\":\"Sant\u2019Andrea in Villis Colli Pesaresi Sangiovese Riserva Magnum LT 1,5 - Azienda Agraria Claudio Morelli\",\"isPartOf\":{\"@id\":\"https:\/\/www.claudiomorelli.it\/#website\"},\"primaryImageOfPage\":{\"@id\":\"https:\/\/www.claudiomorelli.it\/prodotto\/santandrea-in-villis-colli-pesaresi-sangiovese-riserva-magnum-lt-15\/#primaryimage\"},\"image\":{\"@id\":\"https:\/\/www.claudiomorelli.it\/prodotto\/santandrea-in-villis-colli-pesaresi-sangiovese-riserva-magnum-lt-15\/#primaryimage\"},\"thumbnailUrl\":\"https:\/\/www.claudiomorelli.it\/wp-content\/uploads\/2024\/04\/SANT_ANDREA-1-750x1830-1-1.jpg\",\"datePublished\":\"2024-04-29T16:15:37+00:00\",\"dateModified\":\"2024-04-29T16:15:37+00:00\",\"breadcrumb\":{\"@id\":\"https:\/\/www.claudiomorelli.it\/prodotto\/santandrea-in-villis-colli-pesaresi-sangiovese-riserva-magnum-lt-15\/#breadcrumb\"},\"inLanguage\":\"de\",\"potentialAction\":[{\"@type\":\"ReadAction\",\"target\":[\"https:\/\/www.claudiomorelli.it\/prodotto\/santandrea-in-villis-colli-pesaresi-sangiovese-riserva-magnum-lt-15\/\"]}]},{\"@type\":\"ImageObject\",\"inLanguage\":\"de\",\"@id\":\"https:\/\/www.claudiomorelli.it\/prodotto\/santandrea-in-villis-colli-pesaresi-sangiovese-riserva-magnum-lt-15\/#primaryimage\",\"url\":\"https:\/\/www.claudiomorelli.it\/wp-content\/uploads\/2024\/04\/SANT_ANDREA-1-750x1830-1-1.jpg\",\"contentUrl\":\"https:\/\/www.claudiomorelli.it\/wp-content\/uploads\/2024\/04\/SANT_ANDREA-1-750x1830-1-1.jpg\",\"width\":1830,\"height\":1830},{\"@type\":\"BreadcrumbList\",\"@id\":\"https:\/\/www.claudiomorelli.it\/prodotto\/santandrea-in-villis-colli-pesaresi-sangiovese-riserva-magnum-lt-15\/#breadcrumb\",\"itemListElement\":[{\"@type\":\"ListItem\",\"position\":1,\"name\":\"Home\",\"item\":\"https:\/\/www.claudiomorelli.it\/de\/\"},{\"@type\":\"ListItem\",\"position\":2,\"name\":\"Shop\",\"item\":\"https:\/\/www.claudiomorelli.it\/de\/shop\/\"},{\"@type\":\"ListItem\",\"position\":3,\"name\":\"Sant\u2019Andrea in Villis Colli Pesaresi Sangiovese Riserva Magnum LT 1,5\"}]},{\"@type\":\"WebSite\",\"@id\":\"https:\/\/www.claudiomorelli.it\/#website\",\"url\":\"https:\/\/www.claudiomorelli.it\/\",\"name\":\"Azienda Agraria Claudio Morelli\",\"description\":\"Vini tipici Marchigiani\",\"publisher\":{\"@id\":\"https:\/\/www.claudiomorelli.it\/#organization\"},\"potentialAction\":[{\"@type\":\"SearchAction\",\"target\":{\"@type\":\"EntryPoint\",\"urlTemplate\":\"https:\/\/www.claudiomorelli.it\/?s={search_term_string}\"},\"query-input\":\"required name=search_term_string\"}],\"inLanguage\":\"de\"},{\"@type\":\"Organization\",\"@id\":\"https:\/\/www.claudiomorelli.it\/#organization\",\"name\":\"Azienda Agraria Claudio Morelli\",\"url\":\"https:\/\/www.claudiomorelli.it\/\",\"logo\":{\"@type\":\"ImageObject\",\"inLanguage\":\"de\",\"@id\":\"https:\/\/www.claudiomorelli.it\/#\/schema\/logo\/image\/\",\"url\":\"https:\/\/www.claudiomorelli.it\/wp-content\/uploads\/2024\/05\/LOGO-AZIENDALE-DEFINITIVO.png\",\"contentUrl\":\"https:\/\/www.claudiomorelli.it\/wp-content\/uploads\/2024\/05\/LOGO-AZIENDALE-DEFINITIVO.png\",\"width\":2018,\"height\":791,\"caption\":\"Azienda Agraria Claudio Morelli\"},\"image\":{\"@id\":\"https:\/\/www.claudiomorelli.it\/#\/schema\/logo\/image\/\"},\"sameAs\":[\"https:\/\/www.facebook.com\/MorelliVini\/\"]}]}<\/script>\n<!-- \/ Yoast SEO plugin. -->","yoast_head_json":{"title":"Sant\u2019Andrea in Villis Colli Pesaresi Sangiovese Riserva Magnum LT 1,5 - Azienda Agraria Claudio Morelli","robots":{"index":"index","follow":"follow","max-snippet":"max-snippet:-1","max-image-preview":"max-image-preview:large","max-video-preview":"max-video-preview:-1"},"canonical":"https:\/\/www.claudiomorelli.it\/prodotto\/santandrea-in-villis-colli-pesaresi-sangiovese-riserva-magnum-lt-15\/","og_locale":"de_DE","og_type":"article","og_title":"Sant\u2019Andrea in Villis Colli Pesaresi Sangiovese Riserva Magnum LT 1,5 - Azienda Agraria Claudio Morelli","og_description":"Gr\u00f6\u00dfe Magnum Lt 1,5 Die Pesaresi-H\u00fcgel in der n\u00f6rdlichen Region Marken sind ein Land reich an alter Geschichte, Tradition und Erinnerungen, die mit ber\u00fchmten Familien wie den Da Montefeltro, Malatesta, Sforza und Della Rovere verbunden sind. Auf den H\u00fcgeln dieser Gegend, die aus Sand, Tuffstein und Lehm bestehen, befinden sich Weinberge, die zwischen bewirtschafteten Feldern und bewaldeten Gebieten eingebettet sind, wo die Fr\u00fchlingsbl\u00fcte der Pflanzen dieses Gebiet positiv beeinflusst. Die Rebe nimmt die Essenz dieses \u2018Terroirs\u2019 auf und reichert die Trauben mit Substanzen an, die dem Wein seine starke Pers\u00f6nlichkeit verleihen. Von diesen H\u00fcgeln stammt der: SANT\u2019ANDREA IN VILLIS 2015 Colli Pesaresi Sangiovese Doc Riserva Sant\u2019Andrea in Villis ist ein kleiner Weiler auf einem H\u00fcgel, an dessen sanft ins Tal abfallenden H\u00e4ngen sich der Weinberg befindet. Mit seiner s\u00fcd\u00f6stlichen Ausrichtung erh\u00e4lt er viel Sonnenlicht und der dar\u00fcber liegende Hang sch\u00fctzt ihn vor den heftigsten Wetterbedingungen, die aus dem Norden kommen. Der warme, feuchte Scirocco und der warme, trockene Libeccio, die den Weinberg umschmeicheln, sorgen f\u00fcr eine optimale Reifung der Sangiovese-Trauben. Sensorische Analyse: Auf den ersten Blick rubinrot mit granatroten Reflexen. Komplexe Nase mit Aromen von roten Fr\u00fcchten, Brombeeren, Johannisbeeren, Pflaumenmarmelade, Wacholder, dann Mineralit\u00e4t, die sich in Ankl\u00e4ngen von Humus, Unterholz und feuchter Erde ausdr\u00fcckt. Ger\u00f6stete Trockenfr\u00fcchte, Muskatnuss und Tabak. Der Geschmack ist weich, mit eleganten, nicht bitteren Tanninen, die, ausgeglichen durch einen guten Alkoholgehalt, diesen Wein harmonisch machen, mit einer langen aromatischen Persistenz und w\u00fcrzigen Noten.","og_url":"https:\/\/www.claudiomorelli.it\/prodotto\/santandrea-in-villis-colli-pesaresi-sangiovese-riserva-magnum-lt-15\/","og_site_name":"Azienda Agraria Claudio Morelli","article_publisher":"https:\/\/www.facebook.com\/MorelliVini\/","twitter_card":"summary_large_image","schema":{"@context":"https:\/\/schema.org","@graph":[{"@type":"WebPage","@id":"https:\/\/www.claudiomorelli.it\/prodotto\/santandrea-in-villis-colli-pesaresi-sangiovese-riserva-magnum-lt-15\/","url":"https:\/\/www.claudiomorelli.it\/prodotto\/santandrea-in-villis-colli-pesaresi-sangiovese-riserva-magnum-lt-15\/","name":"Sant\u2019Andrea in Villis Colli Pesaresi Sangiovese Riserva Magnum LT 1,5 - Azienda Agraria Claudio Morelli","isPartOf":{"@id":"https:\/\/www.claudiomorelli.it\/#website"},"primaryImageOfPage":{"@id":"https:\/\/www.claudiomorelli.it\/prodotto\/santandrea-in-villis-colli-pesaresi-sangiovese-riserva-magnum-lt-15\/#primaryimage"},"image":{"@id":"https:\/\/www.claudiomorelli.it\/prodotto\/santandrea-in-villis-colli-pesaresi-sangiovese-riserva-magnum-lt-15\/#primaryimage"},"thumbnailUrl":"https:\/\/www.claudiomorelli.it\/wp-content\/uploads\/2024\/04\/SANT_ANDREA-1-750x1830-1-1.jpg","datePublished":"2024-04-29T16:15:37+00:00","dateModified":"2024-04-29T16:15:37+00:00","breadcrumb":{"@id":"https:\/\/www.claudiomorelli.it\/prodotto\/santandrea-in-villis-colli-pesaresi-sangiovese-riserva-magnum-lt-15\/#breadcrumb"},"inLanguage":"de","potentialAction":[{"@type":"ReadAction","target":["https:\/\/www.claudiomorelli.it\/prodotto\/santandrea-in-villis-colli-pesaresi-sangiovese-riserva-magnum-lt-15\/"]}]},{"@type":"ImageObject","inLanguage":"de","@id":"https:\/\/www.claudiomorelli.it\/prodotto\/santandrea-in-villis-colli-pesaresi-sangiovese-riserva-magnum-lt-15\/#primaryimage","url":"https:\/\/www.claudiomorelli.it\/wp-content\/uploads\/2024\/04\/SANT_ANDREA-1-750x1830-1-1.jpg","contentUrl":"https:\/\/www.claudiomorelli.it\/wp-content\/uploads\/2024\/04\/SANT_ANDREA-1-750x1830-1-1.jpg","width":1830,"height":1830},{"@type":"BreadcrumbList","@id":"https:\/\/www.claudiomorelli.it\/prodotto\/santandrea-in-villis-colli-pesaresi-sangiovese-riserva-magnum-lt-15\/#breadcrumb","itemListElement":[{"@type":"ListItem","position":1,"name":"Home","item":"https:\/\/www.claudiomorelli.it\/de\/"},{"@type":"ListItem","position":2,"name":"Shop","item":"https:\/\/www.claudiomorelli.it\/de\/shop\/"},{"@type":"ListItem","position":3,"name":"Sant\u2019Andrea in Villis Colli Pesaresi Sangiovese Riserva Magnum LT 1,5"}]},{"@type":"WebSite","@id":"https:\/\/www.claudiomorelli.it\/#website","url":"https:\/\/www.claudiomorelli.it\/","name":"Azienda Agraria Claudio Morelli","description":"Vini tipici Marchigiani","publisher":{"@id":"https:\/\/www.claudiomorelli.it\/#organization"},"potentialAction":[{"@type":"SearchAction","target":{"@type":"EntryPoint","urlTemplate":"https:\/\/www.claudiomorelli.it\/?s={search_term_string}"},"query-input":"required name=search_term_string"}],"inLanguage":"de"},{"@type":"Organization","@id":"https:\/\/www.claudiomorelli.it\/#organization","name":"Azienda Agraria Claudio Morelli","url":"https:\/\/www.claudiomorelli.it\/","logo":{"@type":"ImageObject","inLanguage":"de","@id":"https:\/\/www.claudiomorelli.it\/#\/schema\/logo\/image\/","url":"https:\/\/www.claudiomorelli.it\/wp-content\/uploads\/2024\/05\/LOGO-AZIENDALE-DEFINITIVO.png","contentUrl":"https:\/\/www.claudiomorelli.it\/wp-content\/uploads\/2024\/05\/LOGO-AZIENDALE-DEFINITIVO.png","width":2018,"height":791,"caption":"Azienda Agraria Claudio Morelli"},"image":{"@id":"https:\/\/www.claudiomorelli.it\/#\/schema\/logo\/image\/"},"sameAs":["https:\/\/www.facebook.com\/MorelliVini\/"]}]}},"_links":{"self":[{"href":"https:\/\/www.claudiomorelli.it\/de\/wp-json\/wp\/v2\/product\/2202","targetHints":{"allow":["GET"]}}],"collection":[{"href":"https:\/\/www.claudiomorelli.it\/de\/wp-json\/wp\/v2\/product"}],"about":[{"href":"https:\/\/www.claudiomorelli.it\/de\/wp-json\/wp\/v2\/types\/product"}],"replies":[{"embeddable":true,"href":"https:\/\/www.claudiomorelli.it\/de\/wp-json\/wp\/v2\/comments?post=2202"}],"wp:featuredmedia":[{"embeddable":true,"href":"https:\/\/www.claudiomorelli.it\/de\/wp-json\/wp\/v2\/media\/1813"}],"wp:attachment":[{"href":"https:\/\/www.claudiomorelli.it\/de\/wp-json\/wp\/v2\/media?parent=2202"}],"wp:term":[{"taxonomy":"product_cat","embeddable":true,"href":"https:\/\/www.claudiomorelli.it\/de\/wp-json\/wp\/v2\/product_cat?post=2202"},{"taxonomy":"product_tag","embeddable":true,"href":"https:\/\/www.claudiomorelli.it\/de\/wp-json\/wp\/v2\/product_tag?post=2202"}],"curies":[{"name":"wp","href":"https:\/\/api.w.org\/{rel}","templated":true}]}}