{"id":2200,"date":"2024-04-26T18:15:37","date_gmt":"2024-04-26T16:15:37","guid":{"rendered":"https:\/\/www.claudiomorelli.it\/prodotto\/la-vigna-delle-terrazze-rosato\/"},"modified":"2024-04-26T18:15:37","modified_gmt":"2024-04-26T16:15:37","slug":"la-vigna-delle-terrazze-rosato","status":"publish","type":"product","link":"https:\/\/www.claudiomorelli.it\/de\/prodotto\/la-vigna-delle-terrazze-rosato\/","title":{"rendered":"La Vigna delle Terrazze Rosato"},"content":{"rendered":"<p><span id=\"sample-permalink\"><a href=\"https:\/\/www.claudiomorelli.it\/?post_type=product&amp;p=1157&amp;preview=true\" target=\"wp-preview-1157\" rel=\"noopener noreferrer\">https:\/\/www.claudiomorelli.it\/product\/<span id=\"editable-post-name\">la-vigna-delle-terrazze-rosato<\/span>\/<\/a><\/span><\/p>\n<p><strong>TRAUBENSORTEN:<\/strong> Autochthone und traditionelle Rebsorten \u2013 Ciliegiolo 60% Aleatico 40%<\/p>\n<p><strong>ERZEUGUNGSGEBIET:<\/strong> Ort Roncosambaccio-Fano<\/p>\n<p><strong>BODENTYP:<\/strong> Tuffstein, Sand<\/p>\n<p><strong>ANBAUSYSTEM:<\/strong> Einfacher Guyot<\/p>\n<p><strong>EXPOSURE:<\/strong> S\u00fcd-Ost<\/p>\n<p><strong>ERTRAG PRO HEKTAR: <\/strong> 4-6 TONNEN<\/p>\n<p><strong>WEINBEREITUNG: <\/strong> sofortige Trennung der Schalen<\/p>\n<p><strong>WEINAUSBAU IM KELLER: <\/strong> Stahltanks<\/p>\n<p><strong>ALKOHOLGEHALT:<\/strong> 13,5 % VOL.<\/p>\n<p><strong>GESAMTS\u00c4UREGEHALT:<\/strong> 6,30 GR\/L<\/p>\n<p>&nbsp;<\/p>\n<p>&nbsp;<\/p>\n<p><strong>Entsorgung der Flaschenbestandteile:<\/strong><\/p>\n<p>GL 71 Glas: Glassammlung<\/p>\n<p>LDPE 4 Kunststoffverschluss: Kunststoffsammlung<\/p>\n<p>C\/ALU 90 Polylaminatkapseln: Metallsammlung<\/p>\n<p>PAP 20 Kartonverpackung: Sammlung von Karton\/Papier<\/p>\n","protected":false},"excerpt":{"rendered":"<p>&nbsp;<\/p>\n<p>Aus Leidenschaft, Forschung und Technologie wurde dieser Wein geboren:<\/p>\n<p><strong>LA VIGNA DELLE TERRAZZE ROS\u00c9 2022<\/strong><\/p>\n<p><strong>Marken IGT Ros\u00e9 <\/strong><\/p>\n<p>Terrassenf\u00f6rmig angelegter Weinberg in der N\u00e4he der Adria, auf einer H\u00f6he von 100 Metern, auf Tuffstein- und Sandb\u00f6den, wo die Bora-, Mistral- und Tramontana-Winde, die die Reben umschmeicheln, das Meersalz ablagern, w\u00e4hrend der warme, trockene Wind Libeccio (Garbino) die Trauben zur optimalen Reife bringt.<\/p>\n<p><strong>Sensorische Analyse:<\/strong><\/p>\n<p>Auf den ersten Blick hat er eine zartrosa Farbe (Zwiebelschale), in der Nase verstr\u00f6mt er fruchtige und blumige Aromen.<\/p>\n<p>Am Gaumen ist er s\u00e4urebetont, frisch und sommerlich.<\/p>\n<p>Er eignet sich hervorragend als Aperitif, passt aber auch zu Meeresfr\u00fcchten, Fisch und anspruchsvolleren Gerichten wie <strong>\u201cBrodetto alla Fanese\u201d<\/strong> (Fischsuppe mit Tomate)<\/p>\n<p><strong>TRAUBENSORTEN:<\/strong> Autochthone und traditionelle Rebsorten \u2013 Ciliegiolo 60% Aleatico 40%<\/p>\n<p><strong>ERZEUGUNGSGEBIET:<\/strong> Ort Roncosambaccio-Fano<\/p>\n<p><strong>BODENTYP: <\/strong> Tuffstein, Sand<\/p>\n<p><strong>ANBAUSYSTEM:<\/strong> Einfacher Guyot<\/p>\n<p><strong>EXPOSURE:<\/strong> S\u00fcd-Ost<\/p>\n<p><strong>ERTRAG PRO HEKTAR: <\/strong> 4-6 TONNEN<\/p>\n<p><strong>WEINAUSBAU IM KELLER: <\/strong> Stahltanks<\/p>\n<p><strong>ALKOHOLGEHALT: <\/strong> 13,5 % VOL.<\/p>\n<p><strong>GESAMTS\u00c4UREGEHALT: <\/strong> 6,30 GR\/L<\/p>\n<p>&nbsp;<\/p>\n","protected":false},"featured_media":1803,"comment_status":"open","ping_status":"closed","template":"","meta":{"_et_pb_use_builder":"","_et_pb_old_content":"","_et_gb_content_width":""},"product_cat":[311],"product_tag":[],"class_list":{"0":"post-2200","1":"product","2":"type-product","3":"status-publish","4":"has-post-thumbnail","6":"product_cat-sprudelnder-wein","8":"first","9":"instock","10":"shipping-taxable","11":"purchasable","12":"product-type-simple"},"yoast_head":"<!-- This site is optimized with the Yoast SEO plugin v22.9 - https:\/\/yoast.com\/wordpress\/plugins\/seo\/ -->\n<title>La Vigna delle Terrazze Rosato - Azienda Agraria Claudio Morelli<\/title>\n<meta name=\"robots\" content=\"index, follow, max-snippet:-1, max-image-preview:large, max-video-preview:-1\" \/>\n<link rel=\"canonical\" href=\"https:\/\/www.claudiomorelli.it\/prodotto\/la-vigna-delle-terrazze-rosato\/\" \/>\n<meta property=\"og:locale\" content=\"de_DE\" \/>\n<meta property=\"og:type\" content=\"article\" \/>\n<meta property=\"og:title\" content=\"La Vigna delle Terrazze Rosato - Azienda Agraria Claudio Morelli\" \/>\n<meta property=\"og:description\" content=\"&nbsp; Aus Leidenschaft, Forschung und Technologie wurde dieser Wein geboren: LA VIGNA DELLE TERRAZZE ROS\u00c9 2022 Marken IGT Ros\u00e9  Terrassenf\u00f6rmig angelegter Weinberg in der N\u00e4he der Adria, auf einer H\u00f6he von 100 Metern, auf Tuffstein- und Sandb\u00f6den, wo die Bora-, Mistral- und Tramontana-Winde, die die Reben umschmeicheln, das Meersalz ablagern, w\u00e4hrend der warme, trockene Wind Libeccio (Garbino) die Trauben zur optimalen Reife bringt. Sensorische Analyse: Auf den ersten Blick hat er eine zartrosa Farbe (Zwiebelschale), in der Nase verstr\u00f6mt er fruchtige und blumige Aromen. Am Gaumen ist er s\u00e4urebetont, frisch und sommerlich. Er eignet sich hervorragend als Aperitif, passt aber auch zu Meeresfr\u00fcchten, Fisch und anspruchsvolleren Gerichten wie \u201cBrodetto alla Fanese\u201d (Fischsuppe mit Tomate) TRAUBENSORTEN: Autochthone und traditionelle Rebsorten \u2013 Ciliegiolo 60% Aleatico 40% ERZEUGUNGSGEBIET: Ort Roncosambaccio-Fano BODENTYP: Tuffstein, Sand ANBAUSYSTEM: Einfacher Guyot EXPOSURE: S\u00fcd-Ost ERTRAG PRO HEKTAR: 4-6 TONNEN WEINAUSBAU IM KELLER: Stahltanks ALKOHOLGEHALT: 13,5 % VOL. GESAMTS\u00c4UREGEHALT: 6,30 GR\/L &nbsp;\" \/>\n<meta property=\"og:url\" content=\"https:\/\/www.claudiomorelli.it\/prodotto\/la-vigna-delle-terrazze-rosato\/\" \/>\n<meta property=\"og:site_name\" content=\"Azienda Agraria Claudio Morelli\" \/>\n<meta property=\"article:publisher\" content=\"https:\/\/www.facebook.com\/MorelliVini\/\" \/>\n<meta name=\"twitter:card\" content=\"summary_large_image\" \/>\n<script type=\"application\/ld+json\" class=\"yoast-schema-graph\">{\"@context\":\"https:\/\/schema.org\",\"@graph\":[{\"@type\":\"WebPage\",\"@id\":\"https:\/\/www.claudiomorelli.it\/prodotto\/la-vigna-delle-terrazze-rosato\/\",\"url\":\"https:\/\/www.claudiomorelli.it\/prodotto\/la-vigna-delle-terrazze-rosato\/\",\"name\":\"La Vigna delle Terrazze Rosato - Azienda Agraria Claudio Morelli\",\"isPartOf\":{\"@id\":\"https:\/\/www.claudiomorelli.it\/#website\"},\"primaryImageOfPage\":{\"@id\":\"https:\/\/www.claudiomorelli.it\/prodotto\/la-vigna-delle-terrazze-rosato\/#primaryimage\"},\"image\":{\"@id\":\"https:\/\/www.claudiomorelli.it\/prodotto\/la-vigna-delle-terrazze-rosato\/#primaryimage\"},\"thumbnailUrl\":\"https:\/\/www.claudiomorelli.it\/wp-content\/uploads\/2024\/04\/FOTO-BOTTIGLIA-Rosato-2-1.jpg\",\"datePublished\":\"2024-04-26T16:15:37+00:00\",\"dateModified\":\"2024-04-26T16:15:37+00:00\",\"breadcrumb\":{\"@id\":\"https:\/\/www.claudiomorelli.it\/prodotto\/la-vigna-delle-terrazze-rosato\/#breadcrumb\"},\"inLanguage\":\"de\",\"potentialAction\":[{\"@type\":\"ReadAction\",\"target\":[\"https:\/\/www.claudiomorelli.it\/prodotto\/la-vigna-delle-terrazze-rosato\/\"]}]},{\"@type\":\"ImageObject\",\"inLanguage\":\"de\",\"@id\":\"https:\/\/www.claudiomorelli.it\/prodotto\/la-vigna-delle-terrazze-rosato\/#primaryimage\",\"url\":\"https:\/\/www.claudiomorelli.it\/wp-content\/uploads\/2024\/04\/FOTO-BOTTIGLIA-Rosato-2-1.jpg\",\"contentUrl\":\"https:\/\/www.claudiomorelli.it\/wp-content\/uploads\/2024\/04\/FOTO-BOTTIGLIA-Rosato-2-1.jpg\",\"width\":850,\"height\":850},{\"@type\":\"BreadcrumbList\",\"@id\":\"https:\/\/www.claudiomorelli.it\/prodotto\/la-vigna-delle-terrazze-rosato\/#breadcrumb\",\"itemListElement\":[{\"@type\":\"ListItem\",\"position\":1,\"name\":\"Home\",\"item\":\"https:\/\/www.claudiomorelli.it\/de\/\"},{\"@type\":\"ListItem\",\"position\":2,\"name\":\"Shop\",\"item\":\"https:\/\/www.claudiomorelli.it\/de\/shop\/\"},{\"@type\":\"ListItem\",\"position\":3,\"name\":\"La Vigna delle Terrazze Rosato\"}]},{\"@type\":\"WebSite\",\"@id\":\"https:\/\/www.claudiomorelli.it\/#website\",\"url\":\"https:\/\/www.claudiomorelli.it\/\",\"name\":\"Azienda Agraria Claudio Morelli\",\"description\":\"Vini tipici Marchigiani\",\"publisher\":{\"@id\":\"https:\/\/www.claudiomorelli.it\/#organization\"},\"potentialAction\":[{\"@type\":\"SearchAction\",\"target\":{\"@type\":\"EntryPoint\",\"urlTemplate\":\"https:\/\/www.claudiomorelli.it\/?s={search_term_string}\"},\"query-input\":\"required name=search_term_string\"}],\"inLanguage\":\"de\"},{\"@type\":\"Organization\",\"@id\":\"https:\/\/www.claudiomorelli.it\/#organization\",\"name\":\"Azienda Agraria Claudio Morelli\",\"url\":\"https:\/\/www.claudiomorelli.it\/\",\"logo\":{\"@type\":\"ImageObject\",\"inLanguage\":\"de\",\"@id\":\"https:\/\/www.claudiomorelli.it\/#\/schema\/logo\/image\/\",\"url\":\"https:\/\/www.claudiomorelli.it\/wp-content\/uploads\/2024\/05\/LOGO-AZIENDALE-DEFINITIVO.png\",\"contentUrl\":\"https:\/\/www.claudiomorelli.it\/wp-content\/uploads\/2024\/05\/LOGO-AZIENDALE-DEFINITIVO.png\",\"width\":2018,\"height\":791,\"caption\":\"Azienda Agraria Claudio Morelli\"},\"image\":{\"@id\":\"https:\/\/www.claudiomorelli.it\/#\/schema\/logo\/image\/\"},\"sameAs\":[\"https:\/\/www.facebook.com\/MorelliVini\/\"]}]}<\/script>\n<!-- \/ Yoast SEO plugin. -->","yoast_head_json":{"title":"La Vigna delle Terrazze Rosato - Azienda Agraria Claudio Morelli","robots":{"index":"index","follow":"follow","max-snippet":"max-snippet:-1","max-image-preview":"max-image-preview:large","max-video-preview":"max-video-preview:-1"},"canonical":"https:\/\/www.claudiomorelli.it\/prodotto\/la-vigna-delle-terrazze-rosato\/","og_locale":"de_DE","og_type":"article","og_title":"La Vigna delle Terrazze Rosato - Azienda Agraria Claudio Morelli","og_description":"&nbsp; Aus Leidenschaft, Forschung und Technologie wurde dieser Wein geboren: LA VIGNA DELLE TERRAZZE ROS\u00c9 2022 Marken IGT Ros\u00e9  Terrassenf\u00f6rmig angelegter Weinberg in der N\u00e4he der Adria, auf einer H\u00f6he von 100 Metern, auf Tuffstein- und Sandb\u00f6den, wo die Bora-, Mistral- und Tramontana-Winde, die die Reben umschmeicheln, das Meersalz ablagern, w\u00e4hrend der warme, trockene Wind Libeccio (Garbino) die Trauben zur optimalen Reife bringt. Sensorische Analyse: Auf den ersten Blick hat er eine zartrosa Farbe (Zwiebelschale), in der Nase verstr\u00f6mt er fruchtige und blumige Aromen. Am Gaumen ist er s\u00e4urebetont, frisch und sommerlich. Er eignet sich hervorragend als Aperitif, passt aber auch zu Meeresfr\u00fcchten, Fisch und anspruchsvolleren Gerichten wie \u201cBrodetto alla Fanese\u201d (Fischsuppe mit Tomate) TRAUBENSORTEN: Autochthone und traditionelle Rebsorten \u2013 Ciliegiolo 60% Aleatico 40% ERZEUGUNGSGEBIET: Ort Roncosambaccio-Fano BODENTYP: Tuffstein, Sand ANBAUSYSTEM: Einfacher Guyot EXPOSURE: S\u00fcd-Ost ERTRAG PRO HEKTAR: 4-6 TONNEN WEINAUSBAU IM KELLER: Stahltanks ALKOHOLGEHALT: 13,5 % VOL. GESAMTS\u00c4UREGEHALT: 6,30 GR\/L &nbsp;","og_url":"https:\/\/www.claudiomorelli.it\/prodotto\/la-vigna-delle-terrazze-rosato\/","og_site_name":"Azienda Agraria Claudio Morelli","article_publisher":"https:\/\/www.facebook.com\/MorelliVini\/","twitter_card":"summary_large_image","schema":{"@context":"https:\/\/schema.org","@graph":[{"@type":"WebPage","@id":"https:\/\/www.claudiomorelli.it\/prodotto\/la-vigna-delle-terrazze-rosato\/","url":"https:\/\/www.claudiomorelli.it\/prodotto\/la-vigna-delle-terrazze-rosato\/","name":"La Vigna delle Terrazze Rosato - Azienda Agraria Claudio Morelli","isPartOf":{"@id":"https:\/\/www.claudiomorelli.it\/#website"},"primaryImageOfPage":{"@id":"https:\/\/www.claudiomorelli.it\/prodotto\/la-vigna-delle-terrazze-rosato\/#primaryimage"},"image":{"@id":"https:\/\/www.claudiomorelli.it\/prodotto\/la-vigna-delle-terrazze-rosato\/#primaryimage"},"thumbnailUrl":"https:\/\/www.claudiomorelli.it\/wp-content\/uploads\/2024\/04\/FOTO-BOTTIGLIA-Rosato-2-1.jpg","datePublished":"2024-04-26T16:15:37+00:00","dateModified":"2024-04-26T16:15:37+00:00","breadcrumb":{"@id":"https:\/\/www.claudiomorelli.it\/prodotto\/la-vigna-delle-terrazze-rosato\/#breadcrumb"},"inLanguage":"de","potentialAction":[{"@type":"ReadAction","target":["https:\/\/www.claudiomorelli.it\/prodotto\/la-vigna-delle-terrazze-rosato\/"]}]},{"@type":"ImageObject","inLanguage":"de","@id":"https:\/\/www.claudiomorelli.it\/prodotto\/la-vigna-delle-terrazze-rosato\/#primaryimage","url":"https:\/\/www.claudiomorelli.it\/wp-content\/uploads\/2024\/04\/FOTO-BOTTIGLIA-Rosato-2-1.jpg","contentUrl":"https:\/\/www.claudiomorelli.it\/wp-content\/uploads\/2024\/04\/FOTO-BOTTIGLIA-Rosato-2-1.jpg","width":850,"height":850},{"@type":"BreadcrumbList","@id":"https:\/\/www.claudiomorelli.it\/prodotto\/la-vigna-delle-terrazze-rosato\/#breadcrumb","itemListElement":[{"@type":"ListItem","position":1,"name":"Home","item":"https:\/\/www.claudiomorelli.it\/de\/"},{"@type":"ListItem","position":2,"name":"Shop","item":"https:\/\/www.claudiomorelli.it\/de\/shop\/"},{"@type":"ListItem","position":3,"name":"La Vigna delle Terrazze Rosato"}]},{"@type":"WebSite","@id":"https:\/\/www.claudiomorelli.it\/#website","url":"https:\/\/www.claudiomorelli.it\/","name":"Azienda Agraria Claudio Morelli","description":"Vini tipici Marchigiani","publisher":{"@id":"https:\/\/www.claudiomorelli.it\/#organization"},"potentialAction":[{"@type":"SearchAction","target":{"@type":"EntryPoint","urlTemplate":"https:\/\/www.claudiomorelli.it\/?s={search_term_string}"},"query-input":"required name=search_term_string"}],"inLanguage":"de"},{"@type":"Organization","@id":"https:\/\/www.claudiomorelli.it\/#organization","name":"Azienda Agraria Claudio Morelli","url":"https:\/\/www.claudiomorelli.it\/","logo":{"@type":"ImageObject","inLanguage":"de","@id":"https:\/\/www.claudiomorelli.it\/#\/schema\/logo\/image\/","url":"https:\/\/www.claudiomorelli.it\/wp-content\/uploads\/2024\/05\/LOGO-AZIENDALE-DEFINITIVO.png","contentUrl":"https:\/\/www.claudiomorelli.it\/wp-content\/uploads\/2024\/05\/LOGO-AZIENDALE-DEFINITIVO.png","width":2018,"height":791,"caption":"Azienda Agraria Claudio Morelli"},"image":{"@id":"https:\/\/www.claudiomorelli.it\/#\/schema\/logo\/image\/"},"sameAs":["https:\/\/www.facebook.com\/MorelliVini\/"]}]}},"_links":{"self":[{"href":"https:\/\/www.claudiomorelli.it\/de\/wp-json\/wp\/v2\/product\/2200","targetHints":{"allow":["GET"]}}],"collection":[{"href":"https:\/\/www.claudiomorelli.it\/de\/wp-json\/wp\/v2\/product"}],"about":[{"href":"https:\/\/www.claudiomorelli.it\/de\/wp-json\/wp\/v2\/types\/product"}],"replies":[{"embeddable":true,"href":"https:\/\/www.claudiomorelli.it\/de\/wp-json\/wp\/v2\/comments?post=2200"}],"wp:featuredmedia":[{"embeddable":true,"href":"https:\/\/www.claudiomorelli.it\/de\/wp-json\/wp\/v2\/media\/1803"}],"wp:attachment":[{"href":"https:\/\/www.claudiomorelli.it\/de\/wp-json\/wp\/v2\/media?parent=2200"}],"wp:term":[{"taxonomy":"product_cat","embeddable":true,"href":"https:\/\/www.claudiomorelli.it\/de\/wp-json\/wp\/v2\/product_cat?post=2200"},{"taxonomy":"product_tag","embeddable":true,"href":"https:\/\/www.claudiomorelli.it\/de\/wp-json\/wp\/v2\/product_tag?post=2200"}],"curies":[{"name":"wp","href":"https:\/\/api.w.org\/{rel}","templated":true}]}}