{"id":2023,"date":"2021-11-17T15:18:40","date_gmt":"2021-11-17T14:18:40","guid":{"rendered":"https:\/\/www.claudiomorelli.it\/lazienda\/"},"modified":"2024-06-27T12:10:13","modified_gmt":"2024-06-27T10:10:13","slug":"das-unternehmen","status":"publish","type":"page","link":"https:\/\/www.claudiomorelli.it\/de\/das-unternehmen\/","title":{"rendered":"Das Unternehmen"},"content":{"rendered":"<p>[et_pb_section fb_built=&#8221;1&#8243; _builder_version=&#8221;4.25.0&#8243; _module_preset=&#8221;default&#8221; background_color=&#8221;rgba(0,0,0,0.69)&#8221; background_image=&#8221;https:\/\/www.claudiomorelli.it\/wp-content\/uploads\/2017\/06\/DSC_0058-Large.jpg&#8221; background_blend=&#8221;overlay&#8221; custom_padding=&#8221;||80px||false|false&#8221; global_module=&#8221;204&#8243; saved_tabs=&#8221;all&#8221; global_colors_info=&#8221;{}&#8221;][et_pb_row _builder_version=&#8221;4.16&#8243; _module_preset=&#8221;default&#8221; max_width=&#8221;1170px&#8221; global_colors_info=&#8221;{}&#8221;][et_pb_column type=&#8221;4_4&#8243; _builder_version=&#8221;4.16&#8243; _module_preset=&#8221;default&#8221; global_colors_info=&#8221;{}&#8221;][et_pb_post_title meta=&#8221;off&#8221; featured_image=&#8221;off&#8221; _builder_version=&#8221;4.25.0&#8243; _module_preset=&#8221;default&#8221; title_font=&#8221;|700|||||||&#8221; title_text_color=&#8221;#FFFFFF&#8221; title_font_size=&#8221;50px&#8221; custom_margin=&#8221;||0px||false|false&#8221; title_font_size_tablet=&#8221;40px&#8221; title_font_size_phone=&#8221;35px&#8221; title_font_size_last_edited=&#8221;on|phone&#8221; global_colors_info=&#8221;{}&#8221;][\/et_pb_post_title][et_pb_text _builder_version=&#8221;4.25.0&#8243; _module_preset=&#8221;default&#8221; header_font=&#8221;|700|||||||&#8221; header_text_color=&#8221;#FFFFFF&#8221; header_font_size=&#8221;50px&#8221; header_2_font=&#8221;|300|||||||&#8221; header_2_text_color=&#8221;#FFFFFF&#8221; header_2_font_size=&#8221;24px&#8221; custom_margin=&#8221;0px||||false|false&#8221; custom_padding=&#8221;0px||||false|false&#8221; header_font_size_tablet=&#8221;40px&#8221; header_font_size_phone=&#8221;30px&#8221; header_font_size_last_edited=&#8221;on|phone&#8221; header_2_font_size_tablet=&#8221;20px&#8221; header_2_font_size_phone=&#8221;18px&#8221; header_2_font_size_last_edited=&#8221;on|phone&#8221; global_colors_info=&#8221;{}&#8221;]<\/p>\n<h2>Claudio Morelli Agrarunternehmen<\/h2>\n<p>[\/et_pb_text][\/et_pb_column][\/et_pb_row][\/et_pb_section][et_pb_section fb_built=&#8221;1&#8243; admin_label=&#8221;CTA with Image&#8221; _builder_version=&#8221;4.16&#8243; custom_padding=&#8221;||||false|false&#8221; box_shadow_style=&#8221;preset7&#8243; box_shadow_horizontal=&#8221;0px&#8221; box_shadow_vertical=&#8221;-269px&#8221; box_shadow_color=&#8221;#f3f5fa&#8221; global_colors_info=&#8221;{}&#8221;][et_pb_row column_structure=&#8221;1_2,1_2&#8243; use_custom_gutter=&#8221;on&#8221; gutter_width=&#8221;1&#8243; admin_label=&#8221;Tittle Row&#8221; _builder_version=&#8221;4.16&#8243; background_color=&#8221;#FFFFFF&#8221; width=&#8221;94%&#8221; max_width=&#8221;1400px&#8221; custom_margin=&#8221;-120px||||false|false&#8221; custom_padding=&#8221;40px|40px|40px|40px|true|true&#8221; global_colors_info=&#8221;{}&#8221;][et_pb_column type=&#8221;1_2&#8243; _builder_version=&#8221;4.16&#8243; custom_padding=&#8221;|||&#8221; global_colors_info=&#8221;{}&#8221; custom_padding__hover=&#8221;|||&#8221;][et_pb_cta title=&#8221;Unser Gesch\u00e4ft&#8221; button_url=&#8221;#top&#8221; button_text=&#8221;kommen Sie zu Besuch&#8221; _builder_version=&#8221;4.25.0&#8243; header_font=&#8221;|700|||||||&#8221; header_font_size=&#8221;40px&#8221; header_line_height=&#8221;1.4em&#8221; body_font=&#8221;|500|||||||&#8221; body_text_color=&#8221;rgba(255,255,255,0.7)&#8221; body_font_size=&#8221;15px&#8221; body_line_height=&#8221;1.8em&#8221; background_color=&#8221;gcid-c77d745c-dd47-48ff-9207-4ff9d59222ee&#8221; custom_button=&#8221;on&#8221; button_text_size=&#8221;14px&#8221; button_text_color=&#8221;gcid-c77d745c-dd47-48ff-9207-4ff9d59222ee&#8221; button_bg_color=&#8221;#FFFFFF&#8221; button_border_color=&#8221;#FFFFFF&#8221; button_border_radius=&#8221;0px&#8221; button_letter_spacing=&#8221;2px&#8221; button_font=&#8221;|||on|||||&#8221; button_icon=&#8221;&#xf105;||fa||900&#8243; button_custom_padding=&#8221;15px|40px|15px|40px|true|true&#8221; text_orientation=&#8221;left&#8221; max_width_last_edited=&#8221;off|desktop&#8221; module_alignment=&#8221;right&#8221; custom_padding=&#8221;100px|70px|100px|70px&#8221; animation_style=&#8221;slide&#8221; animation_direction=&#8221;bottom&#8221; animation_intensity_slide=&#8221;10%&#8221; animation_starting_opacity=&#8221;100%&#8221; button_text_color_hover=&#8221;#ffffff&#8221; button_border_color_hover=&#8221;#2a3443&#8243; button_border_radius_hover=&#8221;5px&#8221; button_letter_spacing_hover=&#8221;2px&#8221; button_bg_color_hover=&#8221;#2a3443&#8243; global_colors_info=&#8221;{%22gcid-c77d745c-dd47-48ff-9207-4ff9d59222ee%22:%91%22background_color%22,%22button_text_color%22%93,%22gcid-6e667ef7-f750-4859-93cb-1adccd109a42%22:%91%22button_bg_color__hover%22%93}&#8221; button_text_size__hover_enabled=&#8221;off&#8221; button_one_text_size__hover_enabled=&#8221;off&#8221; button_two_text_size__hover_enabled=&#8221;off&#8221; button_text_color__hover_enabled=&#8221;on|hover&#8221; button_text_color__hover=&#8221;#ffffff&#8221; button_one_text_color__hover_enabled=&#8221;off&#8221; button_two_text_color__hover_enabled=&#8221;off&#8221; button_border_width__hover_enabled=&#8221;off&#8221; button_one_border_width__hover_enabled=&#8221;off&#8221; button_two_border_width__hover_enabled=&#8221;off&#8221; button_border_color__hover_enabled=&#8221;on|hover&#8221; button_border_color__hover=&#8221;#BCA35F&#8221; button_one_border_color__hover_enabled=&#8221;off&#8221; button_two_border_color__hover_enabled=&#8221;off&#8221; button_border_radius__hover_enabled=&#8221;off|desktop&#8221; button_border_radius__hover=&#8221;5px&#8221; button_one_border_radius__hover_enabled=&#8221;off&#8221; button_two_border_radius__hover_enabled=&#8221;off&#8221; button_letter_spacing__hover_enabled=&#8221;on&#8221; button_letter_spacing__hover=&#8221;2px&#8221; button_one_letter_spacing__hover_enabled=&#8221;off&#8221; button_two_letter_spacing__hover_enabled=&#8221;off&#8221; button_bg_color__hover_enabled=&#8221;on|hover&#8221; button_bg_color__hover=&#8221;#383838&#8243; button_one_bg_color__hover_enabled=&#8221;off&#8221; button_two_bg_color__hover_enabled=&#8221;off&#8221; button_bg_enable_color__hover=&#8221;on&#8221;]Es gibt Unternehmen, die das \u201eHandwerk\u201c von Generation zu Generation weitergeben, also all das Wissen, das man sich durch lebenslange Arbeit aneignen kann und das fachm\u00e4nnisch vom Vater an den Sohn weitergegeben wird.<br \/>\nDer Beruf des Winzers bezeichnet normalerweise jemanden, der sich um den Weinberg k\u00fcmmert und Wein produziert. Diese Beschreibung ist reduktiv, denn die erhaltenen Lehren gehen weit \u00fcber das blo\u00dfe Wissen, wie man im Weinberg und im Keller arbeitet, hinaus, sondern wecken auch die Liebe f\u00fcr die Umwelt, die uns umgibt.[\/et_pb_cta][\/et_pb_column][et_pb_column type=&#8221;1_2&#8243; _builder_version=&#8221;4.16&#8243; custom_padding=&#8221;|||&#8221; global_colors_info=&#8221;{}&#8221; custom_padding__hover=&#8221;|||&#8221;][et_pb_image src=&#8221;https:\/\/www.claudiomorelli.it\/wp-content\/uploads\/2024\/04\/slide-2.jpg&#8221; title_text=&#8221;slide 2&#8243; align_tablet=&#8221;center&#8221; align_phone=&#8221;center&#8221; align_last_edited=&#8221;on|desktop&#8221; _builder_version=&#8221;4.25.0&#8243; custom_margin=&#8221;150px|||&#8221; animation_style=&#8221;slide&#8221; animation_direction=&#8221;top&#8221; animation_intensity_slide=&#8221;10%&#8221; animation_starting_opacity=&#8221;100%&#8221; global_colors_info=&#8221;{}&#8221;][\/et_pb_image][\/et_pb_column][\/et_pb_row][\/et_pb_section][et_pb_section fb_built=&#8221;1&#8243; admin_label=&#8221;Teams &#038; Positions&#8221; _builder_version=&#8221;4.16&#8243; background_color=&#8221;#F3F5FA&#8221; custom_padding=&#8221;20px|0px|20px|0px|false|false&#8221; global_colors_info=&#8221;{}&#8221;][et_pb_row column_structure=&#8221;1_3,1_3,1_3&#8243; use_custom_gutter=&#8221;on&#8221; gutter_width=&#8221;1&#8243; make_equal=&#8221;on&#8221; _builder_version=&#8221;4.16&#8243; _module_preset=&#8221;default&#8221; max_width=&#8221;1400px&#8221; custom_padding=&#8221;0px||0px||true|false&#8221; global_colors_info=&#8221;{}&#8221;][et_pb_column type=&#8221;1_3&#8243; _builder_version=&#8221;4.16&#8243; _module_preset=&#8221;default&#8221; custom_padding=&#8221;40px|40px|40px|40px|true|true&#8221; border_color_all=&#8221;rgba(0,0,0,0.2)&#8221; border_width_right=&#8221;1px&#8221; border_width_right_tablet=&#8221;0px&#8221; border_width_right_phone=&#8221;&#8221; border_width_right_last_edited=&#8221;on|tablet&#8221; border_width_bottom_tablet=&#8221;1px&#8221; border_width_bottom_phone=&#8221;&#8221; border_width_bottom_last_edited=&#8221;on|phone&#8221; global_colors_info=&#8221;{}&#8221;][et_pb_blurb title=&#8221;Moderne Ausr\u00fcstung&#8221; use_icon=&#8221;on&#8221; font_icon=&#8221;&#xf57e;||fa||900&#8243; image_icon_width=&#8221;30px&#8221; _builder_version=&#8221;4.25.0&#8243; _module_preset=&#8221;default&#8221; header_font=&#8221;|700|||||||&#8221; header_text_align=&#8221;center&#8221; header_font_size=&#8221;20px&#8221; body_text_align=&#8221;center&#8221; global_colors_info=&#8221;{}&#8221;]<\/p>\n<p>Immer auf dem neuesten Stand der Technik<\/p>\n<p>[\/et_pb_blurb][\/et_pb_column][et_pb_column type=&#8221;1_3&#8243; _builder_version=&#8221;4.16&#8243; _module_preset=&#8221;default&#8221; custom_padding=&#8221;40px|40px|40px|40px|true|true&#8221; border_color_all=&#8221;rgba(0,0,0,0.2)&#8221; border_width_right=&#8221;1px&#8221; border_width_right_tablet=&#8221;0px&#8221; border_width_right_phone=&#8221;&#8221; border_width_right_last_edited=&#8221;on|tablet&#8221; border_width_bottom_tablet=&#8221;1px&#8221; border_width_bottom_phone=&#8221;&#8221; border_width_bottom_last_edited=&#8221;on|tablet&#8221; global_colors_info=&#8221;{}&#8221;][et_pb_blurb title=&#8221;Zehn Jahre Erfahrung&#8221; use_icon=&#8221;on&#8221; font_icon=&#8221;&#xf4d6;||fa||900&#8243; image_icon_width=&#8221;30px&#8221; _builder_version=&#8221;4.25.0&#8243; _module_preset=&#8221;default&#8221; header_font=&#8221;|700|||||||&#8221; header_text_align=&#8221;center&#8221; header_font_size=&#8221;20px&#8221; body_text_align=&#8221;center&#8221; body_text_color_last_edited=&#8221;off|desktop&#8221; global_colors_info=&#8221;{}&#8221; body_text_color__hover_enabled=&#8221;on|hover&#8221; body_text_color__hover=&#8221;#EEB238&#8243;]<\/p>\n<p><span>Aktiv seit Generationen<\/span><\/p>\n<p>[\/et_pb_blurb][\/et_pb_column][et_pb_column type=&#8221;1_3&#8243; _builder_version=&#8221;4.16&#8243; _module_preset=&#8221;default&#8221; custom_padding=&#8221;40px|40px|40px|40px|true|true&#8221; border_color_all=&#8221;rgba(0,0,0,0.2)&#8221; global_colors_info=&#8221;{}&#8221;][et_pb_blurb title=&#8221;Preis-Leistungs-Verh\u00e4ltnis&#8221; use_icon=&#8221;on&#8221; font_icon=&#8221;&#xf53a;||fa||900&#8243; image_icon_width=&#8221;30px&#8221; _builder_version=&#8221;4.25.0&#8243; _module_preset=&#8221;default&#8221; header_font=&#8221;|700|||||||&#8221; header_text_align=&#8221;center&#8221; header_font_size=&#8221;20px&#8221; body_text_align=&#8221;center&#8221; global_colors_info=&#8221;{}&#8221; body_text_color__hover_enabled=&#8221;on|hover&#8221; body_text_color__hover=&#8221;#eeb238&#8243;]Qualit\u00e4tsprodukte zu wettbewerbsf\u00e4higen Preisen[\/et_pb_blurb][\/et_pb_column][\/et_pb_row][\/et_pb_section][et_pb_section fb_built=&#8221;1&#8243; admin_label=&#8221;Office &#8221; _builder_version=&#8221;4.16&#8243; background_color=&#8221;#FFFFFF&#8221; custom_padding=&#8221;50px|0px|50px|0px|true|false&#8221; global_colors_info=&#8221;{}&#8221;][et_pb_row admin_label=&#8221;Texts And Button&#8221; _builder_version=&#8221;4.16&#8243; custom_padding=&#8221;|||&#8221; global_colors_info=&#8221;{}&#8221;][et_pb_column type=&#8221;4_4&#8243; _builder_version=&#8221;4.16&#8243; custom_padding=&#8221;|||&#8221; global_colors_info=&#8221;{}&#8221; custom_padding__hover=&#8221;|||&#8221;][et_pb_text admin_label=&#8221;Title&#8221; _builder_version=&#8221;4.25.0&#8243; text_font=&#8221;||||||||&#8221; text_font_size=&#8221;15px&#8221; text_line_height=&#8221;1.8em&#8221; header_font=&#8221;||||||||&#8221; header_2_font=&#8221;|700|||||||&#8221; header_2_font_size=&#8221;40px&#8221; header_2_line_height=&#8221;1.4em&#8221; module_alignment=&#8221;left&#8221; custom_margin=&#8221;|||&#8221; hover_enabled=&#8221;0&#8243; global_colors_info=&#8221;{}&#8221; sticky_enabled=&#8221;0&#8243;]<\/p>\n<h2>Die Familie Morelli<\/h2>\n<p>Bereits in den 1930er Jahren widmete sich die Familie Morelli der Landwirtschaft. Damals wurde Gem\u00fcse angebaut sowie Obst und Wein produziert. In den 1950er Jahren wurde die Obst- und Gem\u00fcsewelt aufgegeben und alle menschlichen und wirtschaftlichen Ressourcen ausschlie\u00dflich auf den Weinbau konzentriert, wobei einheimische Rebsorten, insbesondere Bianchello, zur\u00fcckgewonnen und kultiviert wurden. Antike, fast mythologische Rebe (von Tacitus im Zusammenhang mit der Schlacht am Metauro-Fluss zwischen den R\u00f6mern und den Karthagern im Jahr 207 v. Chr. erw\u00e4hnt, bei der die karthagischen Heere besiegt wurden, weil sie vom reichlichen und ausgezeichneten Wein getrunken wurden), von fast mysteri\u00f6sem Ursprung (Wei\u00dfwein? Griechisch?), wenig bekannt, da sie nur in diesem Land angebaut wird. J\u00fcngste Studien zur DNA dieser Rebe haben gezeigt, dass sie aus Trebbiano stammt.<\/p>\n<p>Der heutige Bauernhof liegt auf einem H\u00fcgel auf sandigem Tuffsteinboden und besteht aus etwa 18 Hektar Weinbergen und 400 Olivenb\u00e4umen. Im DOC-Gebiet werden Bianchello del Metauro- und Sangiovese-Trauben sowie Montepulciano-, Cabernet- und Vernaccia Rossa-Reben in sechs verschiedenen Weinbergen in den H\u00fcgeln mit Blick auf das Metauro-Flusstal angebaut.<\/p>\n<p>Die Produktionsstruktur besteht aus einem Weinkeller in Mondavio in der Gegend von Sant&#8217;Andrea di Suasa und einem Verfeinerungs- und Abf\u00fcllkeller in Fano mit B\u00fcros und einem Verkostungsraum.<\/p>\n<p>F\u00fcr das sanfte Pressen der Schalen, die Kontrolle der G\u00e4rtemperatur und das statische Dekantieren der Moste werden moderne \u00f6nologische Ger\u00e4te eingesetzt.<\/p>\n<p>Um das maximale organoleptische Ergebnis aus den Bianchello-Trauben zu erzielen, hat das Unternehmen k\u00fcrzlich ein innovatives Verarbeitungssystem namens \u201eReduktion\u201c eingef\u00fchrt, das darin besteht, den Kontakt des frisch gewonnenen Mosts mit der Luft zu vermeiden. Dieses Ergebnis wird durch Bespr\u00fchen der Trauben mit fl\u00fcssigem Kohlendioxid in Form von Trockeneis erreicht. Der Prozess endet mit der Mazeration der Schalen im Saft bei niedrigen Temperaturen von 5 bis 12 Stunden (Kryomazeration), wonach der Saft in die G\u00e4rtanks geleitet wird.<\/p>\n<p>Rote Trauben hingegen werden auf traditionelle Weise durch unterschiedliche G\u00e4rungstemperaturen, mehr oder weniger lange Mazerationszeiten und Verfeinerung in Stahl- oder Barriquef\u00e4ssern verarbeitet, je nachdem, welche Weinart Sie herstellen m\u00f6chten.<\/p>\n<p>Die j\u00e4hrliche Produktion betr\u00e4gt etwa 110.000 Flaschen<\/p>\n<p>[\/et_pb_text][\/et_pb_column][\/et_pb_row][et_pb_row _builder_version=&#8221;4.25.0&#8243; _module_preset=&#8221;default&#8221; custom_padding=&#8221;0px||0px||true|false&#8221; animation_style=&#8221;fade&#8221; animation_duration=&#8221;1200ms&#8221; border_radii=&#8221;on|5px|5px|5px|5px&#8221; global_colors_info=&#8221;{}&#8221;][et_pb_column type=&#8221;4_4&#8243; _builder_version=&#8221;4.25.0&#8243; _module_preset=&#8221;default&#8221; global_colors_info=&#8221;{}&#8221;][et_pb_slider _builder_version=&#8221;4.25.0&#8243; _module_preset=&#8221;default&#8221; custom_padding=&#8221;30%||30%||true|false&#8221; custom_padding_tablet=&#8221;40%||40%||true|false&#8221; custom_padding_phone=&#8221;50%||50%||true|false&#8221; custom_padding_last_edited=&#8221;on|phone&#8221; auto=&#8221;on&#8221; auto_ignore_hover=&#8221;on&#8221; global_colors_info=&#8221;{}&#8221;][et_pb_slide _builder_version=&#8221;4.25.0&#8243; _module_preset=&#8221;default&#8221; background_enable_color=&#8221;off&#8221; background_image=&#8221;https:\/\/www.claudiomorelli.it\/wp-content\/uploads\/2024\/05\/DSC_0033.jpg&#8221; background_enable_image=&#8221;on&#8221; global_colors_info=&#8221;{}&#8221; sticky_transition=&#8221;on&#8221;][\/et_pb_slide][et_pb_slide _builder_version=&#8221;4.25.0&#8243; _module_preset=&#8221;default&#8221; background_enable_color=&#8221;off&#8221; background_image=&#8221;https:\/\/www.claudiomorelli.it\/wp-content\/uploads\/2024\/05\/DSC_0044.jpg&#8221; background_enable_image=&#8221;on&#8221; global_colors_info=&#8221;{}&#8221; sticky_transition=&#8221;on&#8221;][\/et_pb_slide][et_pb_slide _builder_version=&#8221;4.25.0&#8243; _module_preset=&#8221;default&#8221; background_enable_color=&#8221;off&#8221; background_image=&#8221;https:\/\/www.claudiomorelli.it\/wp-content\/uploads\/2024\/05\/DSC_0124.jpg&#8221; background_enable_image=&#8221;on&#8221; global_colors_info=&#8221;{}&#8221; sticky_transition=&#8221;on&#8221;][\/et_pb_slide][\/et_pb_slider][\/et_pb_column][\/et_pb_row][\/et_pb_section]<\/p>\n","protected":false},"excerpt":{"rendered":"<p>Claudio Morelli AgrarunternehmenEs gibt Unternehmen, die das \u201eHandwerk\u201c von Generation zu Generation weitergeben, also all das Wissen, das man sich durch lebenslange Arbeit aneignen kann und das fachm\u00e4nnisch vom Vater an den Sohn weitergegeben wird. Der Beruf des Winzers bezeichnet normalerweise jemanden, der sich um den Weinberg k\u00fcmmert und Wein produziert. Diese Beschreibung ist reduktiv, [&hellip;]<\/p>\n","protected":false},"author":1,"featured_media":0,"parent":0,"menu_order":0,"comment_status":"closed","ping_status":"closed","template":"","meta":{"_et_pb_use_builder":"on","_et_pb_old_content":"","_et_gb_content_width":"","footnotes":""},"class_list":["post-2023","page","type-page","status-publish","hentry"],"yoast_head":"<!-- This site is optimized with the Yoast SEO plugin v22.9 - https:\/\/yoast.com\/wordpress\/plugins\/seo\/ -->\n<title>Weine aus Mittelitalien \u00bb Weine von Claudio Morelli<\/title>\n<meta name=\"description\" content=\"Besuchen Sie uns und genie\u00dfen Sie den wahren Geschmack des Weins. Besuchen Sie die Website, um alle unsere Produkte zu entdecken, oder kontaktieren Sie uns f\u00fcr weitere Informationen.\" \/>\n<meta name=\"robots\" content=\"index, follow, max-snippet:-1, max-image-preview:large, max-video-preview:-1\" \/>\n<link rel=\"canonical\" href=\"https:\/\/www.claudiomorelli.it\/de\/das-unternehmen\/\" \/>\n<meta property=\"og:locale\" content=\"de_DE\" \/>\n<meta property=\"og:type\" content=\"article\" \/>\n<meta property=\"og:title\" content=\"Weine aus Mittelitalien \u00bb Weine von Claudio Morelli\" \/>\n<meta property=\"og:description\" content=\"Besuchen Sie uns und genie\u00dfen Sie den wahren Geschmack des Weins. Besuchen Sie die Website, um alle unsere Produkte zu entdecken, oder kontaktieren Sie uns f\u00fcr weitere Informationen.\" \/>\n<meta property=\"og:url\" content=\"https:\/\/www.claudiomorelli.it\/de\/das-unternehmen\/\" \/>\n<meta property=\"og:site_name\" content=\"Azienda Agraria Claudio Morelli\" \/>\n<meta property=\"article:publisher\" content=\"https:\/\/www.facebook.com\/MorelliVini\/\" \/>\n<meta property=\"article:modified_time\" content=\"2024-06-27T10:10:13+00:00\" \/>\n<meta name=\"twitter:card\" content=\"summary_large_image\" \/>\n<meta name=\"twitter:label1\" content=\"Gesch\u00e4tzte Lesezeit\" \/>\n\t<meta name=\"twitter:data1\" content=\"3\u00a0Minuten\" \/>\n<script type=\"application\/ld+json\" class=\"yoast-schema-graph\">{\"@context\":\"https:\/\/schema.org\",\"@graph\":[{\"@type\":\"WebPage\",\"@id\":\"https:\/\/www.claudiomorelli.it\/de\/das-unternehmen\/\",\"url\":\"https:\/\/www.claudiomorelli.it\/de\/das-unternehmen\/\",\"name\":\"Weine aus Mittelitalien \u00bb Weine von Claudio Morelli\",\"isPartOf\":{\"@id\":\"https:\/\/www.claudiomorelli.it\/#website\"},\"datePublished\":\"2021-11-17T14:18:40+00:00\",\"dateModified\":\"2024-06-27T10:10:13+00:00\",\"description\":\"Besuchen Sie uns und genie\u00dfen Sie den wahren Geschmack des Weins. Besuchen Sie die Website, um alle unsere Produkte zu entdecken, oder kontaktieren Sie uns f\u00fcr weitere Informationen.\",\"breadcrumb\":{\"@id\":\"https:\/\/www.claudiomorelli.it\/de\/das-unternehmen\/#breadcrumb\"},\"inLanguage\":\"de\",\"potentialAction\":[{\"@type\":\"ReadAction\",\"target\":[\"https:\/\/www.claudiomorelli.it\/de\/das-unternehmen\/\"]}]},{\"@type\":\"BreadcrumbList\",\"@id\":\"https:\/\/www.claudiomorelli.it\/de\/das-unternehmen\/#breadcrumb\",\"itemListElement\":[{\"@type\":\"ListItem\",\"position\":1,\"name\":\"Home\",\"item\":\"https:\/\/www.claudiomorelli.it\/de\/\"},{\"@type\":\"ListItem\",\"position\":2,\"name\":\"Das Unternehmen\"}]},{\"@type\":\"WebSite\",\"@id\":\"https:\/\/www.claudiomorelli.it\/#website\",\"url\":\"https:\/\/www.claudiomorelli.it\/\",\"name\":\"Azienda Agraria Claudio Morelli\",\"description\":\"Vini tipici Marchigiani\",\"publisher\":{\"@id\":\"https:\/\/www.claudiomorelli.it\/#organization\"},\"potentialAction\":[{\"@type\":\"SearchAction\",\"target\":{\"@type\":\"EntryPoint\",\"urlTemplate\":\"https:\/\/www.claudiomorelli.it\/?s={search_term_string}\"},\"query-input\":\"required name=search_term_string\"}],\"inLanguage\":\"de\"},{\"@type\":\"Organization\",\"@id\":\"https:\/\/www.claudiomorelli.it\/#organization\",\"name\":\"Azienda Agraria Claudio Morelli\",\"url\":\"https:\/\/www.claudiomorelli.it\/\",\"logo\":{\"@type\":\"ImageObject\",\"inLanguage\":\"de\",\"@id\":\"https:\/\/www.claudiomorelli.it\/#\/schema\/logo\/image\/\",\"url\":\"https:\/\/www.claudiomorelli.it\/wp-content\/uploads\/2024\/05\/LOGO-AZIENDALE-DEFINITIVO.png\",\"contentUrl\":\"https:\/\/www.claudiomorelli.it\/wp-content\/uploads\/2024\/05\/LOGO-AZIENDALE-DEFINITIVO.png\",\"width\":2018,\"height\":791,\"caption\":\"Azienda Agraria Claudio Morelli\"},\"image\":{\"@id\":\"https:\/\/www.claudiomorelli.it\/#\/schema\/logo\/image\/\"},\"sameAs\":[\"https:\/\/www.facebook.com\/MorelliVini\/\"]}]}<\/script>\n<!-- \/ Yoast SEO plugin. -->","yoast_head_json":{"title":"Weine aus Mittelitalien \u00bb Weine von Claudio Morelli","description":"Besuchen Sie uns und genie\u00dfen Sie den wahren Geschmack des Weins. Besuchen Sie die Website, um alle unsere Produkte zu entdecken, oder kontaktieren Sie uns f\u00fcr weitere Informationen.","robots":{"index":"index","follow":"follow","max-snippet":"max-snippet:-1","max-image-preview":"max-image-preview:large","max-video-preview":"max-video-preview:-1"},"canonical":"https:\/\/www.claudiomorelli.it\/de\/das-unternehmen\/","og_locale":"de_DE","og_type":"article","og_title":"Weine aus Mittelitalien \u00bb Weine von Claudio Morelli","og_description":"Besuchen Sie uns und genie\u00dfen Sie den wahren Geschmack des Weins. Besuchen Sie die Website, um alle unsere Produkte zu entdecken, oder kontaktieren Sie uns f\u00fcr weitere Informationen.","og_url":"https:\/\/www.claudiomorelli.it\/de\/das-unternehmen\/","og_site_name":"Azienda Agraria Claudio Morelli","article_publisher":"https:\/\/www.facebook.com\/MorelliVini\/","article_modified_time":"2024-06-27T10:10:13+00:00","twitter_card":"summary_large_image","twitter_misc":{"Gesch\u00e4tzte Lesezeit":"3\u00a0Minuten"},"schema":{"@context":"https:\/\/schema.org","@graph":[{"@type":"WebPage","@id":"https:\/\/www.claudiomorelli.it\/de\/das-unternehmen\/","url":"https:\/\/www.claudiomorelli.it\/de\/das-unternehmen\/","name":"Weine aus Mittelitalien \u00bb Weine von Claudio Morelli","isPartOf":{"@id":"https:\/\/www.claudiomorelli.it\/#website"},"datePublished":"2021-11-17T14:18:40+00:00","dateModified":"2024-06-27T10:10:13+00:00","description":"Besuchen Sie uns und genie\u00dfen Sie den wahren Geschmack des Weins. Besuchen Sie die Website, um alle unsere Produkte zu entdecken, oder kontaktieren Sie uns f\u00fcr weitere Informationen.","breadcrumb":{"@id":"https:\/\/www.claudiomorelli.it\/de\/das-unternehmen\/#breadcrumb"},"inLanguage":"de","potentialAction":[{"@type":"ReadAction","target":["https:\/\/www.claudiomorelli.it\/de\/das-unternehmen\/"]}]},{"@type":"BreadcrumbList","@id":"https:\/\/www.claudiomorelli.it\/de\/das-unternehmen\/#breadcrumb","itemListElement":[{"@type":"ListItem","position":1,"name":"Home","item":"https:\/\/www.claudiomorelli.it\/de\/"},{"@type":"ListItem","position":2,"name":"Das Unternehmen"}]},{"@type":"WebSite","@id":"https:\/\/www.claudiomorelli.it\/#website","url":"https:\/\/www.claudiomorelli.it\/","name":"Azienda Agraria Claudio Morelli","description":"Vini tipici Marchigiani","publisher":{"@id":"https:\/\/www.claudiomorelli.it\/#organization"},"potentialAction":[{"@type":"SearchAction","target":{"@type":"EntryPoint","urlTemplate":"https:\/\/www.claudiomorelli.it\/?s={search_term_string}"},"query-input":"required name=search_term_string"}],"inLanguage":"de"},{"@type":"Organization","@id":"https:\/\/www.claudiomorelli.it\/#organization","name":"Azienda Agraria Claudio Morelli","url":"https:\/\/www.claudiomorelli.it\/","logo":{"@type":"ImageObject","inLanguage":"de","@id":"https:\/\/www.claudiomorelli.it\/#\/schema\/logo\/image\/","url":"https:\/\/www.claudiomorelli.it\/wp-content\/uploads\/2024\/05\/LOGO-AZIENDALE-DEFINITIVO.png","contentUrl":"https:\/\/www.claudiomorelli.it\/wp-content\/uploads\/2024\/05\/LOGO-AZIENDALE-DEFINITIVO.png","width":2018,"height":791,"caption":"Azienda Agraria Claudio Morelli"},"image":{"@id":"https:\/\/www.claudiomorelli.it\/#\/schema\/logo\/image\/"},"sameAs":["https:\/\/www.facebook.com\/MorelliVini\/"]}]}},"_links":{"self":[{"href":"https:\/\/www.claudiomorelli.it\/de\/wp-json\/wp\/v2\/pages\/2023","targetHints":{"allow":["GET"]}}],"collection":[{"href":"https:\/\/www.claudiomorelli.it\/de\/wp-json\/wp\/v2\/pages"}],"about":[{"href":"https:\/\/www.claudiomorelli.it\/de\/wp-json\/wp\/v2\/types\/page"}],"author":[{"embeddable":true,"href":"https:\/\/www.claudiomorelli.it\/de\/wp-json\/wp\/v2\/users\/1"}],"replies":[{"embeddable":true,"href":"https:\/\/www.claudiomorelli.it\/de\/wp-json\/wp\/v2\/comments?post=2023"}],"version-history":[{"count":5,"href":"https:\/\/www.claudiomorelli.it\/de\/wp-json\/wp\/v2\/pages\/2023\/revisions"}],"predecessor-version":[{"id":2288,"href":"https:\/\/www.claudiomorelli.it\/de\/wp-json\/wp\/v2\/pages\/2023\/revisions\/2288"}],"wp:attachment":[{"href":"https:\/\/www.claudiomorelli.it\/de\/wp-json\/wp\/v2\/media?parent=2023"}],"curies":[{"name":"wp","href":"https:\/\/api.w.org\/{rel}","templated":true}]}}