{"id":2019,"date":"2021-11-05T11:25:33","date_gmt":"2021-11-05T10:25:33","guid":{"rendered":"https:\/\/www.claudiomorelli.it\/web-privacy-policy\/"},"modified":"2024-06-17T11:35:56","modified_gmt":"2024-06-17T09:35:56","slug":"web-privacy-policy","status":"publish","type":"page","link":"https:\/\/www.claudiomorelli.it\/de\/web-privacy-policy\/","title":{"rendered":"Web Privacy policy"},"content":{"rendered":"<p>[et_pb_section fb_built=&#8221;1&#8243; _builder_version=&#8221;4.16&#8243; global_colors_info=&#8221;{}&#8221;][et_pb_row _builder_version=&#8221;4.16&#8243; background_size=&#8221;initial&#8221; background_position=&#8221;top_left&#8221; background_repeat=&#8221;repeat&#8221; global_colors_info=&#8221;{}&#8221;][et_pb_column type=&#8221;4_4&#8243; _builder_version=&#8221;4.16&#8243; custom_padding=&#8221;|||&#8221; global_colors_info=&#8221;{}&#8221; custom_padding__hover=&#8221;|||&#8221;][et_pb_text _builder_version=&#8221;4.25.0&#8243; background_size=&#8221;initial&#8221; background_position=&#8221;top_left&#8221; background_repeat=&#8221;repeat&#8221; hover_enabled=&#8221;0&#8243; global_colors_info=&#8221;{}&#8221; sticky_enabled=&#8221;0&#8243;]<\/p>\n<div class=\"page-head\">\n<h2>Cookie Policy<\/h2>\n<p><strong>Cookie Policy<\/strong><\/p>\n<p>Diese Informationen gem\u00e4\u00df Art. 13 der DSGVO &#8211; EU-Verordnung 2016\/679 und Art. 122 Gesetzesdekret 196\/2003 (im Folgenden &#8220;<strong>\u00a0Datenschutzkodex\u00a0<\/strong>&#8220;) beschreibt die Verwaltungsmethoden dieser Website im Besitz von <strong>AZIENDA AGRARIA CLAUDIO MORELLI\u00a0<\/strong>in Bezug auf die Datenverarbeitung personenbezogener Daten von Benutzern, die sie konsultieren , auch gem\u00e4\u00df den Bestimmungen der Bestimmung des Datenschutzgaranten vom 10.6.2021 &#8220;Richtlinien f\u00fcr Cookies und andere Tracking-Tools&#8221; (nachfolgend &#8220;<strong>\u00a0Bestimmung\u00a0<\/strong>&#8220;). &lt; br&gt;<br \/>Die Informationen werden nur f\u00fcr die oben genannte Website bereitgestellt und nicht f\u00fcr andere Websites oder Abschnitte \/ Seiten \/ Bereiche, die sich im Besitz von Dritten befinden und vom Benutzer \u00fcber entsprechende Links darin aufgerufen werden k\u00f6nnen.<\/p>\n<p><strong>1. COOKIES UND IHRE KLASSIFIZIERUNG<\/strong><\/p>\n<p><strong>1.1. Cookie<\/strong><\/p>\n<p><strong><em>Was sind Cookies?<\/em><\/strong><\/p>\n<p>Cookies sind kleine Textdateien, die von der besuchten Website des Nutzers an das Ger\u00e4t des Nutzers (in der Regel an den Browser) gesendet und dort gespeichert werden, um dieses Ger\u00e4t beim n\u00e4chsten Besuch wiedererkennen zu k\u00f6nnen. Tats\u00e4chlich werden die Cookies bei jedem nachfolgenden Besuch vom Ger\u00e4t des Benutzers an die Site zur\u00fcckgesendet.<\/p>\n<p>Jedes Cookie enth\u00e4lt im Allgemeinen: den Namen des Servers, von dem das Cookie gesendet wurde; das Ablaufdatum und ein Wert, normalerweise eine eindeutige Zahl, die zuf\u00e4llig vom Computer generiert wird. Der Website-Server, der das Cookie \u00fcbertr\u00e4gt, verwendet diese Nummer, um Sie wiederzuerkennen, wenn Sie eine Website erneut besuchen oder von Seite zu Seite navigieren.<\/p>\n<p>Cookies k\u00f6nnen nicht nur vom Betreiber der vom Benutzer besuchten Site (<strong>\u00a0First-Party-Cookies\u00a0<\/strong>) installiert werden, sondern auch von einer anderen Site, die Cookies \u00fcber die erste Site installiert (<strong>\u00a0Cookie von Drittanbietern). Parteien\u00a0<\/strong>) und kann sie erkennen. Dies geschieht, weil die besuchte Site Elemente (Bilder, Karten, Sounds, Links zu Webseiten anderer Dom\u00e4nen usw.) enthalten kann, die sich auf anderen Servern als dem der besuchten Site befinden.<br \/>Je nach Zweck werden Cookies in\u00a0<strong>technische Cookies\u00a0<\/strong>und\u00a0<strong>statistische \/ Profiling-Cookies\u00a0<\/strong>unterteilt.<\/p>\n<p>Technische Cookies sind solche, die ausschlie\u00dflich zu dem Zweck verwendet werden, &#8220;<em>\u00a0die \u00dcbertragung einer Kommunikation \u00fcber ein elektronisches Kommunikationsnetz durchzuf\u00fchren, oder soweit dies f\u00fcr den Anbieter eines Dienstes der Informationsgesellschaft unbedingt erforderlich ist, der vom Abonnenten oder Benutzer ausdr\u00fccklich angefordert wird&#8221;. um diesen Dienst bereitzustellen\u00a0<\/em>&#8220;(<em>\u00a0cfr\u00a0<\/em>. Art. 122, Abs. 1 des Datenschutzgesetzes). Insbesondere werden diese Cookies normalerweise verwendet, um eine effiziente Navigation zwischen Seiten zu erm\u00f6glichen, sich Benutzereinstellungen (Sprache, Land usw.) &gt; unbedingt erforderlich ) Funktionen aktivieren, ohne die einige Operationen nicht m\u00f6glich w\u00e4ren. Nach dem oben genannten Art. 122, co. 1 des Datenschutzgesetzes erfordert die Verwendung von technischen Cookies keine Zustimmung der Benutzer.<\/p>\n<p>Technische Cookies werden\u00a0<strong>cd-Cookies gleichgesetzt. Analytics\u00a0<\/strong>, wenn sie direkt vom Site-Manager verwendet wird, um aggregierte Informationen \u00fcber die Anzahl der Benutzer und deren Besuch auf der Site zu sammeln. Diese Cookies erm\u00f6glichen es den Eigent\u00fcmern und \/ oder Managern der Websites zu verstehen, wie Benutzer mit den Inhalten der Website interagieren, um diese zu optimieren.<br \/>Die\u00a0<strong>Profiling-Cookies\u00a0<\/strong>hingegen werden verwendet, um die Navigation des Benutzers zu verfolgen, sein Verhalten f\u00fcr Marketingzwecke zu analysieren und Profile \u00fcber seinen Geschmack, seine Gewohnheiten, seine Entscheidungen usw. zu erstellen, um Werbebotschaften zu \u00fcbermitteln gezielt in Bezug auf die Interessen des Benutzers und in \u00dcbereinstimmung mit den von ihm beim Online-Browsing ge\u00e4u\u00dferten Pr\u00e4ferenzen. Diese Cookies k\u00f6nnen nur auf dem Endger\u00e4t des Benutzers installiert werden, wenn er seine Zustimmung zu den in der Bestimmung angegebenen vereinfachten Verfahren gegeben hat.<\/p>\n<p>Basierend auf ihrer Dauer werden Cookies in\u00a0<strong>persistent\u00a0<\/strong>, die bis zu ihrem Ablauf auf dem Ger\u00e4t des Benutzers gespeichert bleiben, wenn es nicht von diesem entfernt wird, und in\u00a0<strong>Sitzung\u00a0<\/strong>unterteilt, die nicht dauerhaft auf dem Ger\u00e4t des Nutzers gespeichert und verschwinden beim Schlie\u00dfen des Browsers.<\/p>\n<p><strong><em>Welche Cookies werden von dieser Website verwendet?<\/em><\/strong><\/p>\n<p>__COOKIE_TABLE__<\/p>\n<p>In jedem Fall k\u00f6nnen Benutzer ihre Pr\u00e4ferenzen in Bezug auf verhaltensbasierte Online-Werbung (sogenannte &#8220;Online-Verhaltenswerbung&#8221;) \u00fcber die Website\u00a0<a href=\"https:\/\/www.youronlinechoices.com\/de\/\" target=\" _blank \" rel=\"noopener\">https:\/\/www.youronlinechoices.com\/de\/<\/a>, das die wichtigsten Anbieter von verhaltensbasierter Werbung auflistet. \u00dcber diese Site k\u00f6nnen Benutzer alle Unternehmen deaktivieren oder aktivieren oder alternativ ihre Pr\u00e4ferenzen f\u00fcr jedes Unternehmen individuell anpassen.<\/p>\n<p><strong><em>Wie kann ich Cookies deaktivieren\/\u00e4ndern?<\/em><\/strong><\/p>\n<p>Um die bereits zu Cookies ge\u00e4u\u00dferten Pr\u00e4ferenzen zu \u00e4ndern, ist auf der Website ein spezieller Link zum Kontrollfeld am Rand der Seiten oder in der Fu\u00dfzeile (unterer Teil) der Website verf\u00fcgbar.<br \/>Standardm\u00e4\u00dfig sind fast alle Webbrowser so eingestellt, dass sie Cookies automatisch akzeptieren. Es ist jedoch m\u00f6glich, diese Standardkonfiguration \u00fcber die Browsereinstellungen zu \u00e4ndern. Das Deaktivieren\/Blockieren oder L\u00f6schen von Cookies k\u00f6nnte jedoch die optimale Nutzung einiger Bereiche der Website verhindern, die Nutzung einiger Dienste verhindern und die Navigation verlangsamen.<\/p>\n<p>Die Konfiguration der Cookie-Verwaltung h\u00e4ngt vom verwendeten Browser ab. Normalerweise erfolgt die Konfiguration von Cookies \u00fcber das Men\u00fc &#8220;Einstellungen&#8221;, &#8220;Extras&#8221; oder &#8220;Optionen&#8221;.<\/p>\n<p>Nachfolgend finden Sie die Links zu den Anleitungen zur Verwaltung der Cookies der wichtigsten Browser:<\/p>\n<p>Internet Explorer:\u00a0<a href=\"http:\/\/support.microsoft.com\/kb\/278835\" target=\"_blank\" rel=\"noopener\">http:\/\/support.microsoft.com\/kb\/278835<\/a><br \/>Microsoft Edge:\u00a0<a href=\"https:\/\/support.microsoft.com\/it-it\/microsoft-edge\/eliminare-i-cookie-in-microsoft-edge-63947406-40ac-c3b8-57b9-2a946a29ae09\" target=\"_blank\" rel=\"noopener\">https:\/\/support.microsoft.com\/it-it\/microsoft-edge\/eliminare-i-cookie-in-microsoft-edge-63947406-40ac-c3b8-57b9-2a946a29ae09<\/a><br \/>Chrome:\u00a0<a href=\"http:\/\/support.google.com\/chrome\/bin\/answer.py?hl=en-GB&amp;answer=95647\" target=\"_blank\" rel=\"noopener\">http:\/\/support.google.com\/chrome\/bin\/answer.py?hl=en-GB&amp;answer=95647<\/a><br \/>Safari:\u00a0<a href=\"https:\/\/support.apple.com\/it-it\/guide\/safari\/sfri11471\/mac\" target=\"_blank\" rel=\"noopener\">https:\/\/support.apple.com\/it-it\/guide\/safari\/sfri11471\/mac<\/a><br \/>Safari [versione mobile]:\u00a0<a href=\"http:\/\/support.apple.com\/kb\/HT1677\" target=\"_blank\" rel=\"noopener\">http:\/\/support.apple.com\/kb\/HT1677<\/a><br \/>Firefox:\u00a0<a href=\"http:\/\/support.mozilla.org\/en-US\/kb\/Enabling%20and%20disabling%20cookies\" target=\"_blank\" rel=\"noopener\">http:\/\/support.mozilla.org\/en-US\/kb\/Enabling%20and%20disabling%20cookies<\/a><\/p>\n<p><strong>2. ERWEITERTE DATENSCHUTZRICHTLINIE<\/strong><\/p>\n<p><a name=\"_Hlk90393340\"><\/a>Weitere Informationen zur Verarbeitung personenbezogener Daten durch den Datenverantwortlichen finden Sie in den erweiterten Informationen unter dem Link &#8220;Datenschutzerkl\u00e4rung&#8221; in der Fu\u00dfzeile (unterer Teil) der Website\u00a0.<\/p>\n<\/div>\n<p>[\/et_pb_text][\/et_pb_column][\/et_pb_row][\/et_pb_section]<\/p>\n","protected":false},"excerpt":{"rendered":"<p>Cookie Policy Cookie Policy Diese Informationen gem\u00e4\u00df Art. 13 der DSGVO &#8211; EU-Verordnung 2016\/679 und Art. 122 Gesetzesdekret 196\/2003 (im Folgenden &#8221;\u00a0Datenschutzkodex\u00a0&#8220;) beschreibt die Verwaltungsmethoden dieser Website im Besitz von AZIENDA AGRARIA CLAUDIO MORELLI\u00a0in Bezug auf die Datenverarbeitung personenbezogener Daten von Benutzern, die sie konsultieren , auch gem\u00e4\u00df den Bestimmungen der Bestimmung des Datenschutzgaranten vom [&hellip;]<\/p>\n","protected":false},"author":1,"featured_media":0,"parent":0,"menu_order":0,"comment_status":"closed","ping_status":"closed","template":"","meta":{"_et_pb_use_builder":"on","_et_pb_old_content":"<!-- wp:heading -->\r\n<h2>Chi siamo<\/h2>\r\n<!-- \/wp:heading -->\r\n\r\n<!-- wp:paragraph -->\r\n<p><strong class=\"privacy-policy-tutorial\">Testo suggerito: <\/strong>L'indirizzo del nostro sito web \u00e8: http:\/\/wp-smart1.install.prismiweb.net.<\/p>\r\n<!-- \/wp:paragraph -->\r\n\r\n<!-- wp:heading -->\r\n<h2>Commenti<\/h2>\r\n<!-- \/wp:heading -->\r\n\r\n<!-- wp:paragraph -->\r\n<p><strong class=\"privacy-policy-tutorial\">Testo suggerito: <\/strong>Quando i visitatori lasciano commenti sul sito, raccogliamo i dati mostrati nel modulo dei commenti oltre all'indirizzo IP del visitatore e la stringa dello user agent del browser per facilitare il rilevamento dello spam.<\/p>\r\n<!-- \/wp:paragraph -->\r\n\r\n<!-- wp:paragraph -->\r\n<p>Una stringa anonimizzata creata a partire dal tuo indirizzo email (altrimenti detta hash) pu\u00f2 essere fornita al servizio Gravatar per vedere se lo stai usando. La privacy policy del servizio Gravatar \u00e8 disponibile qui: https:\/\/automattic.com\/privacy\/. Dopo l'approvazione del tuo commento, la tua immagine del profilo \u00e8 visibile al pubblico nel contesto del tuo commento.<\/p>\r\n<!-- \/wp:paragraph -->\r\n\r\n<!-- wp:heading -->\r\n<h2>Media<\/h2>\r\n<!-- \/wp:heading -->\r\n\r\n<!-- wp:paragraph -->\r\n<p><strong class=\"privacy-policy-tutorial\">Testo suggerito: <\/strong>Se carichi immagini sul sito web, dovresti evitare di caricare immagini che includono i dati di posizione incorporati (EXIF GPS). I visitatori del sito web possono scaricare ed estrarre qualsiasi dato sulla posizione dalle immagini sul sito web.<\/p>\r\n<!-- \/wp:paragraph -->\r\n\r\n<!-- wp:heading -->\r\n<h2>Cookie<\/h2>\r\n<!-- \/wp:heading -->\r\n\r\n<!-- wp:paragraph -->\r\n<p><strong class=\"privacy-policy-tutorial\">Testo suggerito: <\/strong>Se lasci un commento sul nostro sito, puoi scegliere di salvare il tuo nome, indirizzo email e sito web nei cookie. Sono usati per la tua comodit\u00e0 in modo che tu non debba inserire nuovamente i tuoi dati quando lasci un altro commento. Questi cookie dureranno per un anno.<\/p>\r\n<!-- \/wp:paragraph -->\r\n\r\n<!-- wp:paragraph -->\r\n<p>Se visiti la pagina di login, verr\u00e0 impostato un cookie temporaneo per determinare se il tuo browser accetta i cookie. Questo cookie non contiene dati personali e viene eliminato quando chiudi il browser.<\/p>\r\n<!-- \/wp:paragraph -->\r\n\r\n<!-- wp:paragraph -->\r\n<p>Quando effettui l'accesso, verranno impostati diversi cookie per salvare le tue informazioni di accesso e le tue opzioni di visualizzazione dello schermo. I cookie di accesso durano due giorni mentre i cookie per le opzioni dello schermo durano un anno. Se selezioni \"Ricordami\", il tuo accesso persister\u00e0 per due settimane. Se esci dal tuo account, i cookie di accesso verranno rimossi.<\/p>\r\n<!-- \/wp:paragraph -->\r\n\r\n<!-- wp:paragraph -->\r\n<p>Se modifichi o pubblichi un articolo, un cookie aggiuntivo verr\u00e0 salvato nel tuo browser. Questo cookie non include dati personali, ma indica semplicemente l'ID dell'articolo appena modificato. Scade dopo 1 giorno.<\/p>\r\n<!-- \/wp:paragraph -->\r\n\r\n<!-- wp:heading -->\r\n<h2>Contenuto incorporato da altri siti web<\/h2>\r\n<!-- \/wp:heading -->\r\n\r\n<!-- wp:paragraph -->\r\n<p><strong class=\"privacy-policy-tutorial\">Testo suggerito: <\/strong>Gli articoli su questo sito possono includere contenuti incorporati (ad esempio video, immagini, articoli, ecc.). I contenuti incorporati da altri siti web si comportano esattamente allo stesso modo come se il visitatore avesse visitato l'altro sito web.<\/p>\r\n<!-- \/wp:paragraph -->\r\n\r\n<!-- wp:paragraph -->\r\n<p>Questi siti web possono raccogliere dati su di te, usare cookie, integrare ulteriori tracciamenti di terze parti e monitorare l'interazione con essi, incluso il tracciamento della tua interazione con il contenuto incorporato se hai un account e sei connesso a quei siti web.<\/p>\r\n<!-- \/wp:paragraph -->\r\n\r\n<!-- wp:heading -->\r\n<h2>Con chi condividiamo i tuoi dati<\/h2>\r\n<!-- \/wp:heading -->\r\n\r\n<!-- wp:paragraph -->\r\n<p><strong class=\"privacy-policy-tutorial\">Testo suggerito: <\/strong>Se richiedi una reimpostazione della password, il tuo indirizzo IP verr\u00e0 incluso nell'email di reimpostazione.<\/p>\r\n<!-- \/wp:paragraph -->\r\n\r\n<!-- wp:heading -->\r\n<h2>Per quanto tempo conserviamo i tuoi dati<\/h2>\r\n<!-- \/wp:heading -->\r\n\r\n<!-- wp:paragraph -->\r\n<p><strong class=\"privacy-policy-tutorial\">Testo suggerito: <\/strong>Se lasci un commento, il commento e i relativi metadati vengono conservati a tempo indeterminato. \u00c8 cos\u00ec che possiamo riconoscere e approvare automaticamente eventuali commenti successivi invece di tenerli in una coda di moderazione.<\/p>\r\n<!-- \/wp:paragraph -->\r\n\r\n<!-- wp:paragraph -->\r\n<p>Per gli utenti che si registrano sul nostro sito web (se presenti), memorizziamo anche le informazioni personali che forniscono nel loro profilo utente. Tutti gli utenti possono vedere, modificare o cancellare le loro informazioni personali in qualsiasi momento (eccetto il loro nome utente che non possono cambiare). Gli amministratori del sito web possono anche vedere e modificare queste informazioni.<\/p>\r\n<!-- \/wp:paragraph -->\r\n\r\n<!-- wp:heading -->\r\n<h2>Quali diritti hai sui tuoi dati<\/h2>\r\n<!-- \/wp:heading -->\r\n\r\n<!-- wp:paragraph -->\r\n<p><strong class=\"privacy-policy-tutorial\">Testo suggerito: <\/strong>Se hai un account su questo sito, o hai lasciato commenti, puoi richiedere di ricevere un file esportato dal sito con i dati personali che abbiamo su di te, compresi i dati che ci hai fornito. Puoi anche richiedere che cancelliamo tutti i dati personali che ti riguardano. Questo non include i dati che siamo obbligati a conservare per scopi amministrativi, legali o di sicurezza.<\/p>\r\n<!-- \/wp:paragraph -->\r\n\r\n<!-- wp:heading -->\r\n<h2>Dove spediamo i tuoi dati<\/h2>\r\n<!-- \/wp:heading -->\r\n\r\n<!-- wp:paragraph -->\r\n<p><strong class=\"privacy-policy-tutorial\">Testo suggerito: <\/strong>I commenti dei visitatori possono essere controllati attraverso un servizio di rilevamento automatico dello spam.<\/p>\r\n<!-- \/wp:paragraph -->","_et_gb_content_width":"","footnotes":""},"class_list":["post-2019","page","type-page","status-publish","hentry"],"yoast_head":"<!-- This site is optimized with the Yoast SEO plugin v22.9 - https:\/\/yoast.com\/wordpress\/plugins\/seo\/ -->\n<title>Web Privacy policy - Azienda Agraria Claudio Morelli<\/title>\n<meta name=\"robots\" content=\"index, follow, max-snippet:-1, max-image-preview:large, max-video-preview:-1\" \/>\n<link rel=\"canonical\" href=\"https:\/\/www.claudiomorelli.it\/de\/web-privacy-policy\/\" \/>\n<meta property=\"og:locale\" content=\"de_DE\" \/>\n<meta property=\"og:type\" content=\"article\" \/>\n<meta property=\"og:title\" content=\"Web Privacy policy - Azienda Agraria Claudio Morelli\" \/>\n<meta property=\"og:description\" content=\"Cookie Policy Cookie Policy Diese Informationen gem\u00e4\u00df Art. 13 der DSGVO - EU-Verordnung 2016\/679 und Art. 122 Gesetzesdekret 196\/2003 (im Folgenden &quot;\u00a0Datenschutzkodex\u00a0&quot;) beschreibt die Verwaltungsmethoden dieser Website im Besitz von AZIENDA AGRARIA CLAUDIO MORELLI\u00a0in Bezug auf die Datenverarbeitung personenbezogener Daten von Benutzern, die sie konsultieren , auch gem\u00e4\u00df den Bestimmungen der Bestimmung des Datenschutzgaranten vom [&hellip;]\" \/>\n<meta property=\"og:url\" content=\"https:\/\/www.claudiomorelli.it\/de\/web-privacy-policy\/\" \/>\n<meta property=\"og:site_name\" content=\"Azienda Agraria Claudio Morelli\" \/>\n<meta property=\"article:publisher\" content=\"https:\/\/www.facebook.com\/MorelliVini\/\" \/>\n<meta property=\"article:modified_time\" content=\"2024-06-17T09:35:56+00:00\" \/>\n<meta name=\"twitter:card\" content=\"summary_large_image\" \/>\n<meta name=\"twitter:label1\" content=\"Gesch\u00e4tzte Lesezeit\" \/>\n\t<meta name=\"twitter:data1\" content=\"5\u00a0Minuten\" \/>\n<script type=\"application\/ld+json\" class=\"yoast-schema-graph\">{\"@context\":\"https:\/\/schema.org\",\"@graph\":[{\"@type\":\"WebPage\",\"@id\":\"https:\/\/www.claudiomorelli.it\/de\/web-privacy-policy\/\",\"url\":\"https:\/\/www.claudiomorelli.it\/de\/web-privacy-policy\/\",\"name\":\"Web Privacy policy - Azienda Agraria Claudio Morelli\",\"isPartOf\":{\"@id\":\"https:\/\/www.claudiomorelli.it\/#website\"},\"datePublished\":\"2021-11-05T10:25:33+00:00\",\"dateModified\":\"2024-06-17T09:35:56+00:00\",\"breadcrumb\":{\"@id\":\"https:\/\/www.claudiomorelli.it\/de\/web-privacy-policy\/#breadcrumb\"},\"inLanguage\":\"de\",\"potentialAction\":[{\"@type\":\"ReadAction\",\"target\":[\"https:\/\/www.claudiomorelli.it\/de\/web-privacy-policy\/\"]}]},{\"@type\":\"BreadcrumbList\",\"@id\":\"https:\/\/www.claudiomorelli.it\/de\/web-privacy-policy\/#breadcrumb\",\"itemListElement\":[{\"@type\":\"ListItem\",\"position\":1,\"name\":\"Home\",\"item\":\"https:\/\/www.claudiomorelli.it\/de\/\"},{\"@type\":\"ListItem\",\"position\":2,\"name\":\"Web Privacy policy\"}]},{\"@type\":\"WebSite\",\"@id\":\"https:\/\/www.claudiomorelli.it\/#website\",\"url\":\"https:\/\/www.claudiomorelli.it\/\",\"name\":\"Azienda Agraria Claudio Morelli\",\"description\":\"Vini tipici Marchigiani\",\"publisher\":{\"@id\":\"https:\/\/www.claudiomorelli.it\/#organization\"},\"potentialAction\":[{\"@type\":\"SearchAction\",\"target\":{\"@type\":\"EntryPoint\",\"urlTemplate\":\"https:\/\/www.claudiomorelli.it\/?s={search_term_string}\"},\"query-input\":\"required name=search_term_string\"}],\"inLanguage\":\"de\"},{\"@type\":\"Organization\",\"@id\":\"https:\/\/www.claudiomorelli.it\/#organization\",\"name\":\"Azienda Agraria Claudio Morelli\",\"url\":\"https:\/\/www.claudiomorelli.it\/\",\"logo\":{\"@type\":\"ImageObject\",\"inLanguage\":\"de\",\"@id\":\"https:\/\/www.claudiomorelli.it\/#\/schema\/logo\/image\/\",\"url\":\"https:\/\/www.claudiomorelli.it\/wp-content\/uploads\/2024\/05\/LOGO-AZIENDALE-DEFINITIVO.png\",\"contentUrl\":\"https:\/\/www.claudiomorelli.it\/wp-content\/uploads\/2024\/05\/LOGO-AZIENDALE-DEFINITIVO.png\",\"width\":2018,\"height\":791,\"caption\":\"Azienda Agraria Claudio Morelli\"},\"image\":{\"@id\":\"https:\/\/www.claudiomorelli.it\/#\/schema\/logo\/image\/\"},\"sameAs\":[\"https:\/\/www.facebook.com\/MorelliVini\/\"]}]}<\/script>\n<!-- \/ Yoast SEO plugin. -->","yoast_head_json":{"title":"Web Privacy policy - Azienda Agraria Claudio Morelli","robots":{"index":"index","follow":"follow","max-snippet":"max-snippet:-1","max-image-preview":"max-image-preview:large","max-video-preview":"max-video-preview:-1"},"canonical":"https:\/\/www.claudiomorelli.it\/de\/web-privacy-policy\/","og_locale":"de_DE","og_type":"article","og_title":"Web Privacy policy - Azienda Agraria Claudio Morelli","og_description":"Cookie Policy Cookie Policy Diese Informationen gem\u00e4\u00df Art. 13 der DSGVO - EU-Verordnung 2016\/679 und Art. 122 Gesetzesdekret 196\/2003 (im Folgenden \"\u00a0Datenschutzkodex\u00a0\") beschreibt die Verwaltungsmethoden dieser Website im Besitz von AZIENDA AGRARIA CLAUDIO MORELLI\u00a0in Bezug auf die Datenverarbeitung personenbezogener Daten von Benutzern, die sie konsultieren , auch gem\u00e4\u00df den Bestimmungen der Bestimmung des Datenschutzgaranten vom [&hellip;]","og_url":"https:\/\/www.claudiomorelli.it\/de\/web-privacy-policy\/","og_site_name":"Azienda Agraria Claudio Morelli","article_publisher":"https:\/\/www.facebook.com\/MorelliVini\/","article_modified_time":"2024-06-17T09:35:56+00:00","twitter_card":"summary_large_image","twitter_misc":{"Gesch\u00e4tzte Lesezeit":"5\u00a0Minuten"},"schema":{"@context":"https:\/\/schema.org","@graph":[{"@type":"WebPage","@id":"https:\/\/www.claudiomorelli.it\/de\/web-privacy-policy\/","url":"https:\/\/www.claudiomorelli.it\/de\/web-privacy-policy\/","name":"Web Privacy policy - Azienda Agraria Claudio Morelli","isPartOf":{"@id":"https:\/\/www.claudiomorelli.it\/#website"},"datePublished":"2021-11-05T10:25:33+00:00","dateModified":"2024-06-17T09:35:56+00:00","breadcrumb":{"@id":"https:\/\/www.claudiomorelli.it\/de\/web-privacy-policy\/#breadcrumb"},"inLanguage":"de","potentialAction":[{"@type":"ReadAction","target":["https:\/\/www.claudiomorelli.it\/de\/web-privacy-policy\/"]}]},{"@type":"BreadcrumbList","@id":"https:\/\/www.claudiomorelli.it\/de\/web-privacy-policy\/#breadcrumb","itemListElement":[{"@type":"ListItem","position":1,"name":"Home","item":"https:\/\/www.claudiomorelli.it\/de\/"},{"@type":"ListItem","position":2,"name":"Web Privacy policy"}]},{"@type":"WebSite","@id":"https:\/\/www.claudiomorelli.it\/#website","url":"https:\/\/www.claudiomorelli.it\/","name":"Azienda Agraria Claudio Morelli","description":"Vini tipici Marchigiani","publisher":{"@id":"https:\/\/www.claudiomorelli.it\/#organization"},"potentialAction":[{"@type":"SearchAction","target":{"@type":"EntryPoint","urlTemplate":"https:\/\/www.claudiomorelli.it\/?s={search_term_string}"},"query-input":"required name=search_term_string"}],"inLanguage":"de"},{"@type":"Organization","@id":"https:\/\/www.claudiomorelli.it\/#organization","name":"Azienda Agraria Claudio Morelli","url":"https:\/\/www.claudiomorelli.it\/","logo":{"@type":"ImageObject","inLanguage":"de","@id":"https:\/\/www.claudiomorelli.it\/#\/schema\/logo\/image\/","url":"https:\/\/www.claudiomorelli.it\/wp-content\/uploads\/2024\/05\/LOGO-AZIENDALE-DEFINITIVO.png","contentUrl":"https:\/\/www.claudiomorelli.it\/wp-content\/uploads\/2024\/05\/LOGO-AZIENDALE-DEFINITIVO.png","width":2018,"height":791,"caption":"Azienda Agraria Claudio Morelli"},"image":{"@id":"https:\/\/www.claudiomorelli.it\/#\/schema\/logo\/image\/"},"sameAs":["https:\/\/www.facebook.com\/MorelliVini\/"]}]}},"_links":{"self":[{"href":"https:\/\/www.claudiomorelli.it\/de\/wp-json\/wp\/v2\/pages\/2019","targetHints":{"allow":["GET"]}}],"collection":[{"href":"https:\/\/www.claudiomorelli.it\/de\/wp-json\/wp\/v2\/pages"}],"about":[{"href":"https:\/\/www.claudiomorelli.it\/de\/wp-json\/wp\/v2\/types\/page"}],"author":[{"embeddable":true,"href":"https:\/\/www.claudiomorelli.it\/de\/wp-json\/wp\/v2\/users\/1"}],"replies":[{"embeddable":true,"href":"https:\/\/www.claudiomorelli.it\/de\/wp-json\/wp\/v2\/comments?post=2019"}],"version-history":[{"count":3,"href":"https:\/\/www.claudiomorelli.it\/de\/wp-json\/wp\/v2\/pages\/2019\/revisions"}],"predecessor-version":[{"id":2251,"href":"https:\/\/www.claudiomorelli.it\/de\/wp-json\/wp\/v2\/pages\/2019\/revisions\/2251"}],"wp:attachment":[{"href":"https:\/\/www.claudiomorelli.it\/de\/wp-json\/wp\/v2\/media?parent=2019"}],"curies":[{"name":"wp","href":"https:\/\/api.w.org\/{rel}","templated":true}]}}